
{"id":17023,"date":"2022-01-07T18:04:36","date_gmt":"2022-01-07T18:04:36","guid":{"rendered":"https:\/\/www.cnhv.net\/?page_id=17023"},"modified":"2022-01-08T16:34:43","modified_gmt":"2022-01-08T16:34:43","slug":"regata-ultra-trail-del-mestral-2021","status":"publish","type":"page","link":"https:\/\/old.cnhv.net\/?page_id=17023","title":{"rendered":"Regata ULTRA TRAIL DEL MESTRAL 2021"},"content":{"rendered":"<p>El pasado fin de semana 6 y 7 de Marzo hemos organizado en Club N\u00e0utic Hospitalet-Vandell\u00f2s la regata ULTRA TRAIL DEL MESTRAL 2021, con una participaci\u00f3n de m\u00e1s de&nbsp; 40 regatistas de les clases Raceboard, Techno 293 Plus, Techno 293 Sub 17, Techno 293 Sub 15, Open IQ Foil y Iniciaci\u00f3n.<\/p>\n<p>A\u00fan con la floja previsi\u00f3n de viento que se esperaba para el fin de semana, el s\u00e1bado se pudieron realizar 4 pruebas para Open IQ Foil, 2 para Iniciaci\u00f3n y 3 para el resto de clases. Durante la jornada, tanto el viento como la ola incrementaron hasta llegar a unas condiciones que rondaron los 14 knts de intensidad, ofreciendo todo un espect\u00e1culo de windsurfistas donde destac\u00f3 la presencia de los Foil, que planearon sobre el agua por todo el campo de regata.<\/p>\n<p>Desgraciadamente, el domingo no poder disfrutar del mismo espect\u00e1culo, ya que la falta de viento mantuvo todas las flotas a la espera hasta el \u00faltimo momento.<\/p>\n<p>Finalmente, queremos agradecer a todo el personal que ha hecho posible la realizaci\u00f3n de esta competici\u00f3n.<\/p>\n<p>Pod\u00e9is consultar los resultados en el siguiente enlace:<\/p>\n<p><a href=\"https:\/\/cnhv.sailti.com\/es\/default\/races\/race-resultsall\/text\/ultra-trail-mestral-2021-es\">https:\/\/cnhv.sailti.com\/es\/default\/races\/race-resultsall\/text\/ultra-trail-mestral-2021-es<\/a><\/p>\n<table>\n<tbody>\n<tr>\n<td>&nbsp;a<a href=\"https:\/\/www.cnhv.net\/wp-content\/uploads\/2021\/03\/Rampa.jpg\"><img decoding=\"async\" loading=\"lazy\" class=\"aligncenter size-large wp-image-15857\" src=\"https:\/\/www.cnhv.net\/wp-content\/uploads\/2021\/03\/Rampa-1024x768.jpg\" alt=\"\" width=\"640\" height=\"480\" srcset=\"https:\/\/old.cnhv.net\/wp-content\/uploads\/2021\/03\/Rampa-1024x768.jpg 1024w, https:\/\/old.cnhv.net\/wp-content\/uploads\/2021\/03\/Rampa-300x225.jpg 300w, https:\/\/old.cnhv.net\/wp-content\/uploads\/2021\/03\/Rampa-768x576.jpg 768w, https:\/\/old.cnhv.net\/wp-content\/uploads\/2021\/03\/Rampa-100x75.jpg 100w, https:\/\/old.cnhv.net\/wp-content\/uploads\/2021\/03\/Rampa.jpg 2048w\" sizes=\"(max-width: 640px) 100vw, 640px\" \/><\/a>a<\/td>\n<td><a href=\"https:\/\/www.cnhv.net\/wp-content\/uploads\/2021\/03\/WhatsApp-Image-2021-03-06-at-18.04.26.jpeg\"><img decoding=\"async\" loading=\"lazy\" class=\"aligncenter size-large wp-image-15858\" src=\"https:\/\/www.cnhv.net\/wp-content\/uploads\/2021\/03\/WhatsApp-Image-2021-03-06-at-18.04.26-1024x768.jpeg\" alt=\"\" width=\"640\" height=\"480\" srcset=\"https:\/\/old.cnhv.net\/wp-content\/uploads\/2021\/03\/WhatsApp-Image-2021-03-06-at-18.04.26-1024x768.jpeg 1024w, https:\/\/old.cnhv.net\/wp-content\/uploads\/2021\/03\/WhatsApp-Image-2021-03-06-at-18.04.26-300x225.jpeg 300w, https:\/\/old.cnhv.net\/wp-content\/uploads\/2021\/03\/WhatsApp-Image-2021-03-06-at-18.04.26-768x576.jpeg 768w, https:\/\/old.cnhv.net\/wp-content\/uploads\/2021\/03\/WhatsApp-Image-2021-03-06-at-18.04.26-100x75.jpeg 100w, https:\/\/old.cnhv.net\/wp-content\/uploads\/2021\/03\/WhatsApp-Image-2021-03-06-at-18.04.26.jpeg 2048w\" sizes=\"(max-width: 640px) 100vw, 640px\" \/><\/a>&nbsp;bb<\/td>\n<td><a href=\"https:\/\/www.cnhv.net\/wp-content\/uploads\/2021\/03\/WhatsApp-Image-2021-03-07-at-14.53.02..jpeg\"><img decoding=\"async\" loading=\"lazy\" class=\"aligncenter size-large wp-image-15859\" src=\"https:\/\/www.cnhv.net\/wp-content\/uploads\/2021\/03\/WhatsApp-Image-2021-03-07-at-14.53.02.-1024x768.jpeg\" alt=\"\" width=\"640\" height=\"480\" srcset=\"https:\/\/old.cnhv.net\/wp-content\/uploads\/2021\/03\/WhatsApp-Image-2021-03-07-at-14.53.02..jpeg 1024w, https:\/\/old.cnhv.net\/wp-content\/uploads\/2021\/03\/WhatsApp-Image-2021-03-07-at-14.53.02.-300x225.jpeg 300w, https:\/\/old.cnhv.net\/wp-content\/uploads\/2021\/03\/WhatsApp-Image-2021-03-07-at-14.53.02.-768x576.jpeg 768w, https:\/\/old.cnhv.net\/wp-content\/uploads\/2021\/03\/WhatsApp-Image-2021-03-07-at-14.53.02.-100x75.jpeg 100w\" sizes=\"(max-width: 640px) 100vw, 640px\" \/><\/a>&nbsp;cc<\/td>\n<\/tr>\n<\/tbody>\n<\/table>\n<p>&nbsp;<\/p>","protected":false},"excerpt":{"rendered":"<p>El pasado fin de semana 6 y 7 de Marzo hemos organizado en Club N\u00e0utic Hospitalet-Vandell\u00f2s la regata ULTRA TRAIL DEL MESTRAL 2021, con una participaci\u00f3n de m\u00e1s de&nbsp; 40 [&hellip;] <a href=\"https:\/\/old.cnhv.net\/?page_id=17023\" rel=\"bookmark\">more<\/a><\/p>\n","protected":false},"author":1,"featured_media":0,"parent":17017,"menu_order":13,"comment_status":"closed","ping_status":"closed","template":"pg-tpl-no-sidebars.php","meta":{"ngg_post_thumbnail":0},"_links":{"self":[{"href":"https:\/\/old.cnhv.net\/index.php?rest_route=\/wp\/v2\/pages\/17023"}],"collection":[{"href":"https:\/\/old.cnhv.net\/index.php?rest_route=\/wp\/v2\/pages"}],"about":[{"href":"https:\/\/old.cnhv.net\/index.php?rest_route=\/wp\/v2\/types\/page"}],"author":[{"embeddable":true,"href":"https:\/\/old.cnhv.net\/index.php?rest_route=\/wp\/v2\/users\/1"}],"replies":[{"embeddable":true,"href":"https:\/\/old.cnhv.net\/index.php?rest_route=%2Fwp%2Fv2%2Fcomments&post=17023"}],"version-history":[{"count":1,"href":"https:\/\/old.cnhv.net\/index.php?rest_route=\/wp\/v2\/pages\/17023\/revisions"}],"predecessor-version":[{"id":17024,"href":"https:\/\/old.cnhv.net\/index.php?rest_route=\/wp\/v2\/pages\/17023\/revisions\/17024"}],"up":[{"embeddable":true,"href":"https:\/\/old.cnhv.net\/index.php?rest_route=\/wp\/v2\/pages\/17017"}],"wp:attachment":[{"href":"https:\/\/old.cnhv.net\/index.php?rest_route=%2Fwp%2Fv2%2Fmedia&parent=17023"}],"curies":[{"name":"wp","href":"https:\/\/api.w.org\/{rel}","templated":true}]}}