
{"id":17025,"date":"2022-01-07T18:06:58","date_gmt":"2022-01-07T18:06:58","guid":{"rendered":"https:\/\/www.cnhv.net\/?page_id=17025"},"modified":"2022-01-08T16:34:43","modified_gmt":"2022-01-08T16:34:43","slug":"memorial-estruch-optimist-21","status":"publish","type":"page","link":"https:\/\/old.cnhv.net\/?page_id=17025","title":{"rendered":"Memorial Estruch Optimist 21"},"content":{"rendered":"<p><\/p>\n<p style=\"font-weight: 400;\">\u201cEl pasado fin de semana 13 y 14 de Marzo, el Equipo de Regatas de Optimist del Club N\u00e0utic Hospitalet-Vandell\u00f2s ha continuado con el circuito de competici\u00f3n auton\u00f3mico. En esta ocasi\u00f3n se han desplazado al Club N\u00e0utic Arenys de Mar para participar en la regata Memorial Estruch, con m\u00e1s de 150 regatistas de todo Catalunya.<\/p>\n<p style=\"font-weight: 400;\">Durante la jornada del s\u00e1bado se pudieron realizar regatas de forma fluida gracias a las condiciones de viento del sur-oeste, con una intensidad que oscil\u00f3 entre 7 y 16 knts, finalizando el d\u00eda con cuatro pruebas para el grupo G1 y tres para el G2.<\/p>\n<p style=\"font-weight: 400;\">El domingo solamente se pudo realizar una prueba para cada grupo a causa de la baja intensidad y la inestabilidad de la direcci\u00f3n del viento.\u201d<\/p>\n<table>\n<tbody>\n<tr>\n<td><a href=\"https:\/\/www.cnhv.net\/wp-content\/uploads\/2021\/03\/Optimist-Arenys-1.jpeg\"><img decoding=\"async\" loading=\"lazy\" class=\"aligncenter size-large wp-image-15878\" src=\"https:\/\/www.cnhv.net\/wp-content\/uploads\/2021\/03\/Optimist-Arenys-1-1024x768.jpeg\" alt=\"\" width=\"640\" height=\"480\" srcset=\"https:\/\/old.cnhv.net\/wp-content\/uploads\/2021\/03\/Optimist-Arenys-1-1024x768.jpeg 1024w, https:\/\/old.cnhv.net\/wp-content\/uploads\/2021\/03\/Optimist-Arenys-1-300x225.jpeg 300w, https:\/\/old.cnhv.net\/wp-content\/uploads\/2021\/03\/Optimist-Arenys-1-768x576.jpeg 768w, https:\/\/old.cnhv.net\/wp-content\/uploads\/2021\/03\/Optimist-Arenys-1-100x75.jpeg 100w, https:\/\/old.cnhv.net\/wp-content\/uploads\/2021\/03\/Optimist-Arenys-1.jpeg 2016w\" sizes=\"(max-width: 640px) 100vw, 640px\" \/><\/a><\/td>\n<td><a href=\"https:\/\/www.cnhv.net\/wp-content\/uploads\/2021\/03\/Optimist-Arenys-2.jpeg\"><img decoding=\"async\" loading=\"lazy\" class=\"aligncenter wp-image-15879\" src=\"https:\/\/www.cnhv.net\/wp-content\/uploads\/2021\/03\/Optimist-Arenys-2-768x1024.jpeg\" alt=\"\" width=\"222\" height=\"296\" srcset=\"https:\/\/old.cnhv.net\/wp-content\/uploads\/2021\/03\/Optimist-Arenys-2-768x1024.jpeg 768w, https:\/\/old.cnhv.net\/wp-content\/uploads\/2021\/03\/Optimist-Arenys-2-225x300.jpeg 225w, https:\/\/old.cnhv.net\/wp-content\/uploads\/2021\/03\/Optimist-Arenys-2-75x100.jpeg 75w, https:\/\/old.cnhv.net\/wp-content\/uploads\/2021\/03\/Optimist-Arenys-2.jpeg 1536w\" sizes=\"(max-width: 222px) 100vw, 222px\" \/><\/a><\/td>\n<td><a href=\"https:\/\/www.cnhv.net\/wp-content\/uploads\/2021\/03\/Optimist-Arenys-3.jpeg\"><img decoding=\"async\" loading=\"lazy\" class=\"aligncenter size-large wp-image-15880\" src=\"https:\/\/www.cnhv.net\/wp-content\/uploads\/2021\/03\/Optimist-Arenys-3-1024x768.jpeg\" alt=\"\" width=\"640\" height=\"480\" srcset=\"https:\/\/old.cnhv.net\/wp-content\/uploads\/2021\/03\/Optimist-Arenys-3-1024x768.jpeg 1024w, https:\/\/old.cnhv.net\/wp-content\/uploads\/2021\/03\/Optimist-Arenys-3-300x225.jpeg 300w, https:\/\/old.cnhv.net\/wp-content\/uploads\/2021\/03\/Optimist-Arenys-3-768x576.jpeg 768w, https:\/\/old.cnhv.net\/wp-content\/uploads\/2021\/03\/Optimist-Arenys-3-100x75.jpeg 100w, https:\/\/old.cnhv.net\/wp-content\/uploads\/2021\/03\/Optimist-Arenys-3.jpeg 2048w\" sizes=\"(max-width: 640px) 100vw, 640px\" \/><\/a><\/td>\n<\/tr>\n<tr>\n<td><a href=\"https:\/\/www.cnhv.net\/wp-content\/uploads\/2021\/03\/Optimist-Arenys-4.jpeg\"><img decoding=\"async\" loading=\"lazy\" class=\"aligncenter size-large wp-image-15881\" src=\"https:\/\/www.cnhv.net\/wp-content\/uploads\/2021\/03\/Optimist-Arenys-4-1024x768.jpeg\" alt=\"\" width=\"640\" height=\"480\" srcset=\"https:\/\/old.cnhv.net\/wp-content\/uploads\/2021\/03\/Optimist-Arenys-4-1024x768.jpeg 1024w, https:\/\/old.cnhv.net\/wp-content\/uploads\/2021\/03\/Optimist-Arenys-4-300x225.jpeg 300w, https:\/\/old.cnhv.net\/wp-content\/uploads\/2021\/03\/Optimist-Arenys-4-768x576.jpeg 768w, https:\/\/old.cnhv.net\/wp-content\/uploads\/2021\/03\/Optimist-Arenys-4-100x75.jpeg 100w, https:\/\/old.cnhv.net\/wp-content\/uploads\/2021\/03\/Optimist-Arenys-4.jpeg 2048w\" sizes=\"(max-width: 640px) 100vw, 640px\" \/><\/a><\/td>\n<td><a href=\"https:\/\/www.cnhv.net\/wp-content\/uploads\/2021\/03\/Optimist-Arenys-5.jpeg\"><img decoding=\"async\" loading=\"lazy\" class=\"aligncenter size-large wp-image-15882\" src=\"https:\/\/www.cnhv.net\/wp-content\/uploads\/2021\/03\/Optimist-Arenys-5-1024x576.jpeg\" alt=\"\" width=\"640\" height=\"360\" srcset=\"https:\/\/old.cnhv.net\/wp-content\/uploads\/2021\/03\/Optimist-Arenys-5-1024x576.jpeg 1024w, https:\/\/old.cnhv.net\/wp-content\/uploads\/2021\/03\/Optimist-Arenys-5-300x169.jpeg 300w, https:\/\/old.cnhv.net\/wp-content\/uploads\/2021\/03\/Optimist-Arenys-5-768x432.jpeg 768w, https:\/\/old.cnhv.net\/wp-content\/uploads\/2021\/03\/Optimist-Arenys-5-100x56.jpeg 100w, https:\/\/old.cnhv.net\/wp-content\/uploads\/2021\/03\/Optimist-Arenys-5.jpeg 2048w\" sizes=\"(max-width: 640px) 100vw, 640px\" \/><\/a><\/td>\n<td>&nbsp;<\/td>\n<\/tr>\n<\/tbody>\n<\/table>\n<p>&nbsp;<\/p>","protected":false},"excerpt":{"rendered":"<p>\u201cEl pasado fin de semana 13 y 14 de Marzo, el Equipo de Regatas de Optimist del Club N\u00e0utic Hospitalet-Vandell\u00f2s ha continuado con el circuito de competici\u00f3n auton\u00f3mico. En esta [&hellip;] <a href=\"https:\/\/old.cnhv.net\/?page_id=17025\" rel=\"bookmark\">more<\/a><\/p>\n","protected":false},"author":1,"featured_media":0,"parent":17017,"menu_order":12,"comment_status":"closed","ping_status":"closed","template":"pg-tpl-no-sidebars.php","meta":{"ngg_post_thumbnail":0},"_links":{"self":[{"href":"https:\/\/old.cnhv.net\/index.php?rest_route=\/wp\/v2\/pages\/17025"}],"collection":[{"href":"https:\/\/old.cnhv.net\/index.php?rest_route=\/wp\/v2\/pages"}],"about":[{"href":"https:\/\/old.cnhv.net\/index.php?rest_route=\/wp\/v2\/types\/page"}],"author":[{"embeddable":true,"href":"https:\/\/old.cnhv.net\/index.php?rest_route=\/wp\/v2\/users\/1"}],"replies":[{"embeddable":true,"href":"https:\/\/old.cnhv.net\/index.php?rest_route=%2Fwp%2Fv2%2Fcomments&post=17025"}],"version-history":[{"count":1,"href":"https:\/\/old.cnhv.net\/index.php?rest_route=\/wp\/v2\/pages\/17025\/revisions"}],"predecessor-version":[{"id":17026,"href":"https:\/\/old.cnhv.net\/index.php?rest_route=\/wp\/v2\/pages\/17025\/revisions\/17026"}],"up":[{"embeddable":true,"href":"https:\/\/old.cnhv.net\/index.php?rest_route=\/wp\/v2\/pages\/17017"}],"wp:attachment":[{"href":"https:\/\/old.cnhv.net\/index.php?rest_route=%2Fwp%2Fv2%2Fmedia&parent=17025"}],"curies":[{"name":"wp","href":"https:\/\/api.w.org\/{rel}","templated":true}]}}