
{"id":17032,"date":"2022-01-07T18:12:11","date_gmt":"2022-01-07T18:12:11","guid":{"rendered":"https:\/\/www.cnhv.net\/?page_id=17032"},"modified":"2022-01-08T16:34:43","modified_gmt":"2022-01-08T16:34:43","slug":"campeonato-de-cataluna-de-windsurf-2021","status":"publish","type":"page","link":"https:\/\/old.cnhv.net\/?page_id=17032","title":{"rendered":"Campeonato de Catalu\u00f1a de Windsurf 2021"},"content":{"rendered":"<p>Durante los pasados d\u00edas 17, 18, 24 y 25 de Abril, los regatistas del equipo de windsurf del Club<br \/>\nN\u00e0utic Hospitalet-Vandell\u00f2s han participado en el Campeonato de Catalu\u00f1a de Windsurf 2021<br \/>\norganizado por el Club N\u00e0utic Salou, con una participaci\u00f3n de m\u00e1s de 80 regatistas de las<br \/>\nclases Techno 293, Techno Plus, IQ Foil, Raceboard y Windsurf Iniciaci\u00f3n.<br \/>\nA\u00fan con las condiciones inestables de viento que nos han acompa\u00f1ado a lo largo del<br \/>\ncampeonato, se han podido realizar un total de 12 pruebas para la clase Techno 293, 6 para<br \/>\nRaceboard, 12 para Techno Plus, 10 para IQ Foil y 12 para la clase de Windsurf Iniciaci\u00f3n.<br \/>\nEn cuanto a resultados, los regatistas del Club N\u00e0utic Hospitalet-Vandell\u00f2s consiguieron muy<br \/>\nbuenos resultados:<br \/>\n&#8211; Bruno Guti\u00e9rrez \u2013 2\u00ba Clasificado Techno 293 Sub 17<br \/>\n&#8211; Arnau Roca \u2013 3\u00ba Clasificado Techno 293 Sub 15<br \/>\n&#8211; Adri\u00e0 *Trullen \u2013 3\u00ba Clasificado Windsurf Iniciaci\u00f3n<\/p>\n<p><a href=\"http:\/\/regatescnsalou.sailti.com\/ca\/default\/races\/race-resultsall\/text\/CampionatdeCatalunyaWindsurf2021-ca\">Ver Clasificaciones:<\/a><\/p>\n<p>&nbsp;<\/p>\n<table>\n<tbody>\n<tr>\n<td><a href=\"https:\/\/www.cnhv.net\/wp-content\/uploads\/2021\/04\/WhatsApp-Image-2021-04-26-at-11.33.41.jpeg\"><img decoding=\"async\" loading=\"lazy\" class=\"aligncenter size-large wp-image-15965\" src=\"https:\/\/www.cnhv.net\/wp-content\/uploads\/2021\/04\/WhatsApp-Image-2021-04-26-at-11.33.41-1024x768.jpeg\" alt=\"\" width=\"640\" height=\"480\" srcset=\"https:\/\/old.cnhv.net\/wp-content\/uploads\/2021\/04\/WhatsApp-Image-2021-04-26-at-11.33.41-1024x768.jpeg 1024w, https:\/\/old.cnhv.net\/wp-content\/uploads\/2021\/04\/WhatsApp-Image-2021-04-26-at-11.33.41-300x225.jpeg 300w, https:\/\/old.cnhv.net\/wp-content\/uploads\/2021\/04\/WhatsApp-Image-2021-04-26-at-11.33.41-768x576.jpeg 768w, https:\/\/old.cnhv.net\/wp-content\/uploads\/2021\/04\/WhatsApp-Image-2021-04-26-at-11.33.41-100x75.jpeg 100w, https:\/\/old.cnhv.net\/wp-content\/uploads\/2021\/04\/WhatsApp-Image-2021-04-26-at-11.33.41.jpeg 2048w\" sizes=\"(max-width: 640px) 100vw, 640px\" \/><\/a><\/td>\n<td><a href=\"https:\/\/www.cnhv.net\/wp-content\/uploads\/2021\/04\/WhatsApp-Image-2021-04-26-at-11.34.50.jpeg\"><img decoding=\"async\" loading=\"lazy\" class=\"aligncenter size-large wp-image-15966\" src=\"https:\/\/www.cnhv.net\/wp-content\/uploads\/2021\/04\/WhatsApp-Image-2021-04-26-at-11.34.50-1024x768.jpeg\" alt=\"\" width=\"640\" height=\"480\" srcset=\"https:\/\/old.cnhv.net\/wp-content\/uploads\/2021\/04\/WhatsApp-Image-2021-04-26-at-11.34.50-1024x768.jpeg 1024w, https:\/\/old.cnhv.net\/wp-content\/uploads\/2021\/04\/WhatsApp-Image-2021-04-26-at-11.34.50-300x225.jpeg 300w, https:\/\/old.cnhv.net\/wp-content\/uploads\/2021\/04\/WhatsApp-Image-2021-04-26-at-11.34.50-768x576.jpeg 768w, https:\/\/old.cnhv.net\/wp-content\/uploads\/2021\/04\/WhatsApp-Image-2021-04-26-at-11.34.50-100x75.jpeg 100w, https:\/\/old.cnhv.net\/wp-content\/uploads\/2021\/04\/WhatsApp-Image-2021-04-26-at-11.34.50.jpeg 2048w\" sizes=\"(max-width: 640px) 100vw, 640px\" \/><\/a><\/td>\n<\/tr>\n<tr>\n<td><a href=\"https:\/\/www.cnhv.net\/wp-content\/uploads\/2021\/04\/WhatsApp-Image-2021-04-26-at-11.34.51.jpeg\"><img decoding=\"async\" loading=\"lazy\" class=\"aligncenter size-large wp-image-15967\" src=\"https:\/\/www.cnhv.net\/wp-content\/uploads\/2021\/04\/WhatsApp-Image-2021-04-26-at-11.34.51-1024x1024.jpeg\" alt=\"\" width=\"640\" height=\"640\" srcset=\"https:\/\/old.cnhv.net\/wp-content\/uploads\/2021\/04\/WhatsApp-Image-2021-04-26-at-11.34.51-1024x1024.jpeg 1024w, https:\/\/old.cnhv.net\/wp-content\/uploads\/2021\/04\/WhatsApp-Image-2021-04-26-at-11.34.51-150x150.jpeg 150w, https:\/\/old.cnhv.net\/wp-content\/uploads\/2021\/04\/WhatsApp-Image-2021-04-26-at-11.34.51-300x300.jpeg 300w, https:\/\/old.cnhv.net\/wp-content\/uploads\/2021\/04\/WhatsApp-Image-2021-04-26-at-11.34.51-768x768.jpeg 768w, https:\/\/old.cnhv.net\/wp-content\/uploads\/2021\/04\/WhatsApp-Image-2021-04-26-at-11.34.51-100x100.jpeg 100w, https:\/\/old.cnhv.net\/wp-content\/uploads\/2021\/04\/WhatsApp-Image-2021-04-26-at-11.34.51-144x144.jpeg 144w, https:\/\/old.cnhv.net\/wp-content\/uploads\/2021\/04\/WhatsApp-Image-2021-04-26-at-11.34.51.jpeg 1440w\" sizes=\"(max-width: 640px) 100vw, 640px\" \/><\/a><\/td>\n<td><a href=\"https:\/\/www.cnhv.net\/wp-content\/uploads\/2021\/04\/WhatsApp-Image-2021-04-26-at-11.34.511.jpeg\"><img decoding=\"async\" loading=\"lazy\" class=\"aligncenter size-large wp-image-15968\" src=\"https:\/\/www.cnhv.net\/wp-content\/uploads\/2021\/04\/WhatsApp-Image-2021-04-26-at-11.34.511-1024x1024.jpeg\" alt=\"\" width=\"640\" height=\"640\" srcset=\"https:\/\/old.cnhv.net\/wp-content\/uploads\/2021\/04\/WhatsApp-Image-2021-04-26-at-11.34.511-1024x1024.jpeg 1024w, https:\/\/old.cnhv.net\/wp-content\/uploads\/2021\/04\/WhatsApp-Image-2021-04-26-at-11.34.511-150x150.jpeg 150w, https:\/\/old.cnhv.net\/wp-content\/uploads\/2021\/04\/WhatsApp-Image-2021-04-26-at-11.34.511-300x300.jpeg 300w, https:\/\/old.cnhv.net\/wp-content\/uploads\/2021\/04\/WhatsApp-Image-2021-04-26-at-11.34.511-768x768.jpeg 768w, https:\/\/old.cnhv.net\/wp-content\/uploads\/2021\/04\/WhatsApp-Image-2021-04-26-at-11.34.511-100x100.jpeg 100w, https:\/\/old.cnhv.net\/wp-content\/uploads\/2021\/04\/WhatsApp-Image-2021-04-26-at-11.34.511-144x144.jpeg 144w, https:\/\/old.cnhv.net\/wp-content\/uploads\/2021\/04\/WhatsApp-Image-2021-04-26-at-11.34.511.jpeg 1440w\" sizes=\"(max-width: 640px) 100vw, 640px\" \/><\/a><\/td>\n<\/tr>\n<\/tbody>\n<\/table>\n<p>&nbsp;<\/p>","protected":false},"excerpt":{"rendered":"<p>Durante los pasados d\u00edas 17, 18, 24 y 25 de Abril, los regatistas del equipo de windsurf del Club N\u00e0utic Hospitalet-Vandell\u00f2s han participado en el Campeonato de Catalu\u00f1a de Windsurf [&hellip;] <a href=\"https:\/\/old.cnhv.net\/?page_id=17032\" rel=\"bookmark\">more<\/a><\/p>\n","protected":false},"author":1,"featured_media":0,"parent":17017,"menu_order":10,"comment_status":"closed","ping_status":"closed","template":"pg-tpl-no-sidebars.php","meta":{"ngg_post_thumbnail":0},"_links":{"self":[{"href":"https:\/\/old.cnhv.net\/index.php?rest_route=\/wp\/v2\/pages\/17032"}],"collection":[{"href":"https:\/\/old.cnhv.net\/index.php?rest_route=\/wp\/v2\/pages"}],"about":[{"href":"https:\/\/old.cnhv.net\/index.php?rest_route=\/wp\/v2\/types\/page"}],"author":[{"embeddable":true,"href":"https:\/\/old.cnhv.net\/index.php?rest_route=\/wp\/v2\/users\/1"}],"replies":[{"embeddable":true,"href":"https:\/\/old.cnhv.net\/index.php?rest_route=%2Fwp%2Fv2%2Fcomments&post=17032"}],"version-history":[{"count":1,"href":"https:\/\/old.cnhv.net\/index.php?rest_route=\/wp\/v2\/pages\/17032\/revisions"}],"predecessor-version":[{"id":17033,"href":"https:\/\/old.cnhv.net\/index.php?rest_route=\/wp\/v2\/pages\/17032\/revisions\/17033"}],"up":[{"embeddable":true,"href":"https:\/\/old.cnhv.net\/index.php?rest_route=\/wp\/v2\/pages\/17017"}],"wp:attachment":[{"href":"https:\/\/old.cnhv.net\/index.php?rest_route=%2Fwp%2Fv2%2Fmedia&parent=17032"}],"curies":[{"name":"wp","href":"https:\/\/api.w.org\/{rel}","templated":true}]}}