
{"id":17040,"date":"2022-01-07T18:33:08","date_gmt":"2022-01-07T18:33:08","guid":{"rendered":"https:\/\/www.cnhv.net\/?page_id=17040"},"modified":"2022-01-08T16:34:43","modified_gmt":"2022-01-08T16:34:43","slug":"1a-concentracion-de-la-temporada-de-la-clase-ilca-21","status":"publish","type":"page","link":"https:\/\/old.cnhv.net\/?page_id=17040","title":{"rendered":"1\u00aa Concentraci\u00f3n de la temporada de la Clase ILCA. 21"},"content":{"rendered":"<p>Los d\u00edas 11 y 12 de septiembre la Federaci\u00f3n Catalana de Vela organiza con el benepl\u00e1cito de Club N\u00e1utico Hospitalet-Vandell\u00f2s, en sus instalaciones la primera concentraci\u00f3n de la temporada 2021 hasta 2022 por la clase estrat\u00e9gica ILCA4.<\/p>\n<p>Concentraci\u00f3n especialmente enfocada a la tecnificaci\u00f3.se esperen 50 regatistas de participantes Tanto de las clases ILCA4 como ILCA6.<\/p>\n<p>Per parte de la Federaci\u00f3n del Entrenamiento estar\u00e1 dirigido por el seleccionador Angelo Tabernero.<\/p>\n<p>Per parte de la clase ILCA cat. del Entrenamiento ser\u00e1 Asistido por la regatista ol\u00edmpica Cristina Pujol.<\/p>\n<p>Es poden realizar los inscripciones en este <a href=\"https:\/\/www.cnhv.sailti.com\/es\/default\/races\/race\/text\/concentracio-ilca-4-fcv-i-ilca-6-ilca-cat-es\">enlace.<\/a><\/p>\n<p><img decoding=\"async\" src=\"https:\/\/www.cnhv.sailti.com\/uploaded_files\/photos\/12530f92324551986f03d292102308ac_photo_750x1000.JPG\"\/><\/p>","protected":false},"excerpt":{"rendered":"<p>Los d\u00edas 11 y 12 de septiembre la Federaci\u00f3n Catalana de Vela organiza con el benepl\u00e1cito de Club N\u00e1utico Hospitalet-Vandell\u00f2s, en sus instalaciones la primera concentraci\u00f3n de la temporada 2021 [&hellip;] <a href=\"https:\/\/old.cnhv.net\/?page_id=17040\" rel=\"bookmark\">more<\/a><\/p>\n","protected":false},"author":1,"featured_media":0,"parent":17017,"menu_order":9,"comment_status":"closed","ping_status":"closed","template":"pg-tpl-no-sidebars.php","meta":{"ngg_post_thumbnail":0},"_links":{"self":[{"href":"https:\/\/old.cnhv.net\/index.php?rest_route=\/wp\/v2\/pages\/17040"}],"collection":[{"href":"https:\/\/old.cnhv.net\/index.php?rest_route=\/wp\/v2\/pages"}],"about":[{"href":"https:\/\/old.cnhv.net\/index.php?rest_route=\/wp\/v2\/types\/page"}],"author":[{"embeddable":true,"href":"https:\/\/old.cnhv.net\/index.php?rest_route=\/wp\/v2\/users\/1"}],"replies":[{"embeddable":true,"href":"https:\/\/old.cnhv.net\/index.php?rest_route=%2Fwp%2Fv2%2Fcomments&post=17040"}],"version-history":[{"count":1,"href":"https:\/\/old.cnhv.net\/index.php?rest_route=\/wp\/v2\/pages\/17040\/revisions"}],"predecessor-version":[{"id":17041,"href":"https:\/\/old.cnhv.net\/index.php?rest_route=\/wp\/v2\/pages\/17040\/revisions\/17041"}],"up":[{"embeddable":true,"href":"https:\/\/old.cnhv.net\/index.php?rest_route=\/wp\/v2\/pages\/17017"}],"wp:attachment":[{"href":"https:\/\/old.cnhv.net\/index.php?rest_route=%2Fwp%2Fv2%2Fmedia&parent=17040"}],"curies":[{"name":"wp","href":"https:\/\/api.w.org\/{rel}","templated":true}]}}