
{"id":17042,"date":"2022-01-07T18:35:28","date_gmt":"2022-01-07T18:35:28","guid":{"rendered":"https:\/\/www.cnhv.net\/?page_id=17042"},"modified":"2022-01-08T16:34:43","modified_gmt":"2022-01-08T16:34:43","slug":"windsurf-en-el-grup-desports-nautics-de-roses-21","status":"publish","type":"page","link":"https:\/\/old.cnhv.net\/?page_id=17042","title":{"rendered":"Windsurf en el Grup d&#8217;Esports N\u00e0utics de Roses 21"},"content":{"rendered":"<p>Els dies 2 i 3 d\u2019octubre el Club de la Costa Brava GEN Roses va organitzar la regata del circuit catal\u00e0 puntuable pel r\u00e0nquing de les classes de windsurf reconegudes per la Federaci\u00f3 Catalana de Vela.<u><\/u><u><\/u><\/p>\n<p>El Club N\u00e0utic Hospitalet-Vandell\u00f2s va ser representat per 6 regatistes de aquesta categoria, els quals es van trobar amb unes dures condicions meteorol\u00f2giques pr\u00f2pies de la badia de Roses amb forts vents de component nort. A nivell de resultats, 3 dels regatistes que representaven al Club van aconseguir fer podi en 3 categories diferents.<u><\/u><u><\/u><\/p>\n<p>En Techno +, el regatista Bruno Guti\u00e9rrez va aconseguir un merescuda tercera posici\u00f3, en les mateixes posicions van aconseguir pujar a podi Ferran Mart\u00ednez en la categoria Techno293 i David Mu\u00f1oz a la categoria Techno Iniciaci\u00f3.<u><\/u><u><\/u><\/p>\n<p>A destacar tamb\u00e9 la participaci\u00f3 de Liam Tholenaars i Alex Davicino, en la categoria techno Iniciaci\u00f3, que es van enfrontar a unes condicions meteorol\u00f2giques adverses en la seva primera regata fora del Club.<\/p>\n<p>&nbsp;<\/p>\n<table>\n<tbody>\n<tr>\n<td><a href=\"https:\/\/www.cnhv.net\/wp-content\/uploads\/2021\/10\/1633423616237.jpg\"><img decoding=\"async\" loading=\"lazy\" class=\"size-full wp-image-16789 alignnone\" src=\"https:\/\/www.cnhv.net\/wp-content\/uploads\/2021\/10\/1633423616237.jpg\" alt=\"\" width=\"779\" height=\"777\" srcset=\"https:\/\/old.cnhv.net\/wp-content\/uploads\/2021\/10\/1633423616237.jpg 779w, https:\/\/old.cnhv.net\/wp-content\/uploads\/2021\/10\/1633423616237-150x150.jpg 150w, https:\/\/old.cnhv.net\/wp-content\/uploads\/2021\/10\/1633423616237-300x300.jpg 300w, https:\/\/old.cnhv.net\/wp-content\/uploads\/2021\/10\/1633423616237-768x766.jpg 768w, https:\/\/old.cnhv.net\/wp-content\/uploads\/2021\/10\/1633423616237-100x100.jpg 100w, https:\/\/old.cnhv.net\/wp-content\/uploads\/2021\/10\/1633423616237-144x144.jpg 144w\" sizes=\"(max-width: 779px) 100vw, 779px\" \/><\/a>&nbsp;<\/td>\n<td><a href=\"https:\/\/www.cnhv.net\/wp-content\/uploads\/2021\/10\/1633423616250.jpg\"><img decoding=\"async\" loading=\"lazy\" class=\"size-full wp-image-16790 alignnone\" src=\"https:\/\/www.cnhv.net\/wp-content\/uploads\/2021\/10\/1633423616250.jpg\" alt=\"\" width=\"777\" height=\"777\" srcset=\"https:\/\/old.cnhv.net\/wp-content\/uploads\/2021\/10\/1633423616250.jpg 777w, https:\/\/old.cnhv.net\/wp-content\/uploads\/2021\/10\/1633423616250-150x150.jpg 150w, https:\/\/old.cnhv.net\/wp-content\/uploads\/2021\/10\/1633423616250-300x300.jpg 300w, https:\/\/old.cnhv.net\/wp-content\/uploads\/2021\/10\/1633423616250-768x768.jpg 768w, https:\/\/old.cnhv.net\/wp-content\/uploads\/2021\/10\/1633423616250-100x100.jpg 100w, https:\/\/old.cnhv.net\/wp-content\/uploads\/2021\/10\/1633423616250-144x144.jpg 144w\" sizes=\"(max-width: 777px) 100vw, 777px\" \/><\/a><\/td>\n<td><a href=\"https:\/\/www.cnhv.net\/wp-content\/uploads\/2021\/10\/1633423616222.jpg\"><img decoding=\"async\" loading=\"lazy\" class=\"size-full wp-image-16788 alignnone\" src=\"https:\/\/www.cnhv.net\/wp-content\/uploads\/2021\/10\/1633423616222.jpg\" alt=\"\" width=\"777\" height=\"776\" srcset=\"https:\/\/old.cnhv.net\/wp-content\/uploads\/2021\/10\/1633423616222.jpg 777w, https:\/\/old.cnhv.net\/wp-content\/uploads\/2021\/10\/1633423616222-150x150.jpg 150w, https:\/\/old.cnhv.net\/wp-content\/uploads\/2021\/10\/1633423616222-300x300.jpg 300w, https:\/\/old.cnhv.net\/wp-content\/uploads\/2021\/10\/1633423616222-768x767.jpg 768w, https:\/\/old.cnhv.net\/wp-content\/uploads\/2021\/10\/1633423616222-100x100.jpg 100w, https:\/\/old.cnhv.net\/wp-content\/uploads\/2021\/10\/1633423616222-144x144.jpg 144w\" sizes=\"(max-width: 777px) 100vw, 777px\" \/><\/a><\/td>\n<\/tr>\n<\/tbody>\n<\/table>\n<p>&nbsp;<\/p>","protected":false},"excerpt":{"rendered":"<p>Els dies 2 i 3 d\u2019octubre el Club de la Costa Brava GEN Roses va organitzar la regata del circuit catal\u00e0 puntuable pel r\u00e0nquing de les classes de windsurf reconegudes [&hellip;] <a href=\"https:\/\/old.cnhv.net\/?page_id=17042\" rel=\"bookmark\">more<\/a><\/p>\n","protected":false},"author":1,"featured_media":0,"parent":17017,"menu_order":8,"comment_status":"closed","ping_status":"closed","template":"pg-tpl-no-sidebars.php","meta":{"ngg_post_thumbnail":0},"_links":{"self":[{"href":"https:\/\/old.cnhv.net\/index.php?rest_route=\/wp\/v2\/pages\/17042"}],"collection":[{"href":"https:\/\/old.cnhv.net\/index.php?rest_route=\/wp\/v2\/pages"}],"about":[{"href":"https:\/\/old.cnhv.net\/index.php?rest_route=\/wp\/v2\/types\/page"}],"author":[{"embeddable":true,"href":"https:\/\/old.cnhv.net\/index.php?rest_route=\/wp\/v2\/users\/1"}],"replies":[{"embeddable":true,"href":"https:\/\/old.cnhv.net\/index.php?rest_route=%2Fwp%2Fv2%2Fcomments&post=17042"}],"version-history":[{"count":1,"href":"https:\/\/old.cnhv.net\/index.php?rest_route=\/wp\/v2\/pages\/17042\/revisions"}],"predecessor-version":[{"id":17043,"href":"https:\/\/old.cnhv.net\/index.php?rest_route=\/wp\/v2\/pages\/17042\/revisions\/17043"}],"up":[{"embeddable":true,"href":"https:\/\/old.cnhv.net\/index.php?rest_route=\/wp\/v2\/pages\/17017"}],"wp:attachment":[{"href":"https:\/\/old.cnhv.net\/index.php?rest_route=%2Fwp%2Fv2%2Fmedia&parent=17042"}],"curies":[{"name":"wp","href":"https:\/\/api.w.org\/{rel}","templated":true}]}}