
{"id":17047,"date":"2022-01-07T18:39:42","date_gmt":"2022-01-07T18:39:42","guid":{"rendered":"https:\/\/www.cnhv.net\/?page_id=17047"},"modified":"2022-01-08T16:34:43","modified_gmt":"2022-01-08T16:34:43","slug":"vela-esport-blau-escolar-2021","status":"publish","type":"page","link":"https:\/\/old.cnhv.net\/?page_id=17047","title":{"rendered":"Vela Esport Blau Escolar 2021"},"content":{"rendered":"<p><\/p>\n<h1 class=\"documentFirstHeading mt-0\">El alumnado de 5\u00ba de primaria de Hospitalet de l&#8217;Infant participar\u00e1 este curso en el programa de vela Esport Blau Escolar<\/h1>\n<p><a href=\"https:\/\/www.cnhv.net\/wp-content\/uploads\/2021\/11\/firma-convenio-esport-Blau-2022.jpeg\"><img decoding=\"async\" loading=\"lazy\" class=\"aligncenter size-full wp-image-16891\" src=\"https:\/\/www.cnhv.net\/wp-content\/uploads\/2021\/11\/firma-convenio-esport-Blau-2022.jpeg\" alt=\"\" width=\"768\" height=\"432\" srcset=\"https:\/\/old.cnhv.net\/wp-content\/uploads\/2021\/11\/firma-convenio-esport-Blau-2022.jpeg 768w, https:\/\/old.cnhv.net\/wp-content\/uploads\/2021\/11\/firma-convenio-esport-Blau-2022-300x169.jpeg 300w, https:\/\/old.cnhv.net\/wp-content\/uploads\/2021\/11\/firma-convenio-esport-Blau-2022-100x56.jpeg 100w\" sizes=\"(max-width: 768px) 100vw, 768px\" \/><\/a><\/p>\n<div id=\"parent-fieldname-text\">\n<p>Gracias al acuerdo de colaboraci\u00f3n que han firmado el Ayuntamiento de Vandell\u00f2s y Hospitalet de l&#8217;Infant y el Club N\u00e1utico Hospitalet-Vandell\u00f2s, los 82 alumnos de 5\u00ba de primaria de la Escuela Mestral de Hospitalet de l&#8217;Infant, navegar\u00e1n una vez a la semana, durante el \u00faltimo trimestre de este curso, desde las instalaciones del Club.<\/p>\n<p>As\u00ed pues, la Escuela Mestral participar\u00e1 por segunda vez en el programa Esport Blau Escolar, impulsado en 2017 por la Federaci\u00f3n Catalana de Vela, el Consejo Catal\u00e1n del Deporte, el departamento de Educaci\u00f3n y los Consejos Deportivos de Catalu\u00f1a, que tiene como objetivo aproximar y promover la vela entre el alumnado de 5\u00ba de primaria de los centros educativos del litoral catal\u00e1n.<\/p>\n<p>Este programa, pionero en Espa\u00f1a, combina educaci\u00f3n y deporte, y propone una actividad de formaci\u00f3n polideportiva en el deporte de la vela integrada dentro de la asignatura de Educaci\u00f3n F\u00edsica.<\/p>\n<p>Los contenidos del programa se centran en unos est\u00e1ndares del Sistema de Ense\u00f1anza Unificada.&nbsp;\u00c9stos se basan en tres niveles: B\u00e1sico, Medio y Avanzado, m\u00e1s un nivel com\u00fan que incluye conceptos iguales a las cinco disciplinas: la vela ligera, el windsurf, el kitesurf, el pat\u00edn de vela y el crucero.<\/p>\n<p>Consiste en 10 sesiones anuales, distribuidas en una primera sesi\u00f3n impartida en el centro educativo, 4 sesiones de vela ligera colectiva, 4 sesiones de vela ligera doble e individual y una \u00faltima sesi\u00f3n que consiste en una jornada final de cariz l\u00fadico competitivo.<\/p>\n<p>Para implementar el programa Esport Blau Escolar en el municipio, el mi\u00e9rcoles 10 de noviembre, el alcalde, Alfons Garcia;&nbsp;y el presidente del Club N\u00e1utico Hospitalet-Vandell\u00f2s, Llu\u00eds Coll, firmaron un convenio de colaboraci\u00f3n, por medio del cual el Ayuntamiento se ha comprometido a realizar una aportaci\u00f3n econ\u00f3mica de m\u00e1s de 2.000 euros al Club N\u00e1utico para ayudar a financiar la actividad y la adquisici\u00f3n de material.&nbsp;Este acuerdo har\u00e1 posible que este curso el alumnado de 5&nbsp;<sup>\u00e8<\/sup> de primaria de la Escuela Mestral de Hospitalet disfrute del placer de navegar.<\/p>\n<p>La Escuela Valdelors de Vandell\u00f2s prefiere hacer las sesiones objeto de este convenio el pr\u00f3ximo curso (2022\/23), con los alumnos de 5&nbsp;<sup>\u00e8<\/sup>&nbsp;y 6&nbsp;<sup>\u00e8<\/sup>&nbsp;de primaria conjuntamente, que son un grupo reducido y van a la misma clase .&nbsp;Por tanto, este curso, este centro educativo del municipio no participar\u00e1 en el programa.<\/p>\n<p>\u00abEn el municipio de Vandell\u00f2s y Hospitalet de l&#8217;Infant tenemos un litoral que es id\u00f3neo para la pr\u00e1ctica deportiva y queremos que los deportes n\u00e1uticos se vean como una oportunidad al alcance de todos.&nbsp;Con la implementaci\u00f3n del programa Esport Blau Escolar este curso, nuevamente, pretendemos seguir acercando este tipo de deportes a las familias, especialmente a los ni\u00f1os y ni\u00f1as ya los j\u00f3venes, porque tienen unos beneficios no s\u00f3lo f\u00edsicos, sino tambi\u00e9n educativos y sociales y se pueden practicar todo el a\u00f1o\u00bb, ha afirmado el concejal de Deportes, Diego Garc\u00eda.&nbsp; &nbsp; &nbsp; &nbsp; &nbsp; &nbsp; &nbsp; &nbsp; &nbsp; &nbsp; &nbsp; &nbsp; &nbsp; &nbsp; &nbsp; &nbsp; &nbsp; &nbsp; &nbsp; &nbsp; &nbsp; &nbsp; &nbsp; &nbsp; &nbsp; &nbsp; &nbsp; &nbsp; &nbsp; &nbsp; &nbsp; &nbsp;&nbsp;<\/p>\n<p>Tal y como consta en el convenio firmado, el Club N\u00e1utico tambi\u00e9n est\u00e1 interesado en llevar a cabo actividades destinadas a \u00abpromocionar la cultura del mar en general y el mundo de la vela en particular, teniendo como primer objetivo que los ni\u00f1os y j\u00f3venes, tanto en verano como durante el curso escolar practiquen deportes de vela\u00bb.&nbsp;<\/p>\n<p>Ambas partes han valorado que este verano pasado se haya incrementado el n\u00famero de ni\u00f1os y j\u00f3venes inscritos en la oferta de cursos de vela del municipio.<\/p>\n<\/div>\n<section id=\"relatedImages\" class=\"mt-5 clearfix\">\n<div class=\"display-flex\">&nbsp;<\/div>\n<\/section>\n<p><\/p>","protected":false},"excerpt":{"rendered":"<p>El alumnado de 5\u00ba de primaria de Hospitalet de l&#8217;Infant participar\u00e1 este curso en el programa de vela Esport Blau Escolar Gracias al acuerdo de colaboraci\u00f3n que han firmado el [&hellip;] <a href=\"https:\/\/old.cnhv.net\/?page_id=17047\" rel=\"bookmark\">more<\/a><\/p>\n","protected":false},"author":1,"featured_media":0,"parent":17017,"menu_order":4,"comment_status":"closed","ping_status":"closed","template":"pg-tpl-no-sidebars.php","meta":{"ngg_post_thumbnail":0},"_links":{"self":[{"href":"https:\/\/old.cnhv.net\/index.php?rest_route=\/wp\/v2\/pages\/17047"}],"collection":[{"href":"https:\/\/old.cnhv.net\/index.php?rest_route=\/wp\/v2\/pages"}],"about":[{"href":"https:\/\/old.cnhv.net\/index.php?rest_route=\/wp\/v2\/types\/page"}],"author":[{"embeddable":true,"href":"https:\/\/old.cnhv.net\/index.php?rest_route=\/wp\/v2\/users\/1"}],"replies":[{"embeddable":true,"href":"https:\/\/old.cnhv.net\/index.php?rest_route=%2Fwp%2Fv2%2Fcomments&post=17047"}],"version-history":[{"count":1,"href":"https:\/\/old.cnhv.net\/index.php?rest_route=\/wp\/v2\/pages\/17047\/revisions"}],"predecessor-version":[{"id":17048,"href":"https:\/\/old.cnhv.net\/index.php?rest_route=\/wp\/v2\/pages\/17047\/revisions\/17048"}],"up":[{"embeddable":true,"href":"https:\/\/old.cnhv.net\/index.php?rest_route=\/wp\/v2\/pages\/17017"}],"wp:attachment":[{"href":"https:\/\/old.cnhv.net\/index.php?rest_route=%2Fwp%2Fv2%2Fmedia&parent=17047"}],"curies":[{"name":"wp","href":"https:\/\/api.w.org\/{rel}","templated":true}]}}