
{"id":17050,"date":"2022-01-07T18:42:28","date_gmt":"2022-01-07T18:42:28","guid":{"rendered":"https:\/\/www.cnhv.net\/?page_id=17050"},"modified":"2022-01-08T16:34:43","modified_gmt":"2022-01-08T16:34:43","slug":"concentracion-de-la-clase-techno-21","status":"publish","type":"page","link":"https:\/\/old.cnhv.net\/?page_id=17050","title":{"rendered":"Concentraci\u00f3n de la clase Techno 21"},"content":{"rendered":"<p><\/p>\n<p style=\"font-weight: 400;\">Este pasado fin de semana nuestro equipo de regatas de Windsurf particip\u00f3 en la primera concentraci\u00f3n de la clase Techno, promovida por la Federaci\u00f3n Catalana de Vela y organizada en el Club Mar\u00edtim Altafulla.&nbsp; La concentraci\u00f3n fue dirigida por el seleccionador de la Federaci\u00f3n Catalana de Vela, Albert Berna, y estuvo especialmente enfocada a la tecnificaci\u00f3n de las clases estrat\u00e9gicas Techno Sub13 y Techno S15. Los chicos disfrutaron de una climatolog\u00eda ideal para esta convocatoria, en donde adem\u00e1s de mejorar t\u00e9cnicamente, pudieron disfrutar de unas jornadas de deporte y convivencia junto a regatistas de otros clubes.<\/p>\n<p>En esta concentraci\u00f3n participaron tambi\u00e9n los equipos de regatas de Grup Esports Nautics Roses, Club N\u00e0utic Salou y por supuesto del club organizador Club Mar\u00edtim Altafulla.<\/p>\n<p style=\"font-weight: 400;\">&nbsp;<\/p>\n<p style=\"font-weight: 400;\">\u00a1\u00a1Desde el Club N\u00e1utico Hospitalet-Vandell\u00f2s esperamos que se vuelvan a repetir estas jornadas!!<\/p>\n<p><\/p>","protected":false},"excerpt":{"rendered":"<p>Este pasado fin de semana nuestro equipo de regatas de Windsurf particip\u00f3 en la primera concentraci\u00f3n de la clase Techno, promovida por la Federaci\u00f3n Catalana de Vela y organizada en [&hellip;] <a href=\"https:\/\/old.cnhv.net\/?page_id=17050\" rel=\"bookmark\">more<\/a><\/p>\n","protected":false},"author":1,"featured_media":0,"parent":17017,"menu_order":6,"comment_status":"closed","ping_status":"closed","template":"pg-tpl-no-sidebars.php","meta":{"ngg_post_thumbnail":0},"_links":{"self":[{"href":"https:\/\/old.cnhv.net\/index.php?rest_route=\/wp\/v2\/pages\/17050"}],"collection":[{"href":"https:\/\/old.cnhv.net\/index.php?rest_route=\/wp\/v2\/pages"}],"about":[{"href":"https:\/\/old.cnhv.net\/index.php?rest_route=\/wp\/v2\/types\/page"}],"author":[{"embeddable":true,"href":"https:\/\/old.cnhv.net\/index.php?rest_route=\/wp\/v2\/users\/1"}],"replies":[{"embeddable":true,"href":"https:\/\/old.cnhv.net\/index.php?rest_route=%2Fwp%2Fv2%2Fcomments&post=17050"}],"version-history":[{"count":1,"href":"https:\/\/old.cnhv.net\/index.php?rest_route=\/wp\/v2\/pages\/17050\/revisions"}],"predecessor-version":[{"id":17051,"href":"https:\/\/old.cnhv.net\/index.php?rest_route=\/wp\/v2\/pages\/17050\/revisions\/17051"}],"up":[{"embeddable":true,"href":"https:\/\/old.cnhv.net\/index.php?rest_route=\/wp\/v2\/pages\/17017"}],"wp:attachment":[{"href":"https:\/\/old.cnhv.net\/index.php?rest_route=%2Fwp%2Fv2%2Fmedia&parent=17050"}],"curies":[{"name":"wp","href":"https:\/\/api.w.org\/{rel}","templated":true}]}}