
{"id":17053,"date":"2022-01-07T18:45:34","date_gmt":"2022-01-07T18:45:34","guid":{"rendered":"https:\/\/www.cnhv.net\/?page_id=17053"},"modified":"2022-01-08T16:34:43","modified_gmt":"2022-01-08T16:34:43","slug":"regata-n2-halloween-race-2021","status":"publish","type":"page","link":"https:\/\/old.cnhv.net\/?page_id=17053","title":{"rendered":"Regata N2 Halloween Race 2021"},"content":{"rendered":"<p>Este pasado fin de semana, 20 y 21 de noviembre, el equipo de regatas de la clase ILCA 4 ha participado en la regata N2 Halloween Race. Organizada un a\u00f1o m\u00e1s por el Club N\u00e0utic Salou.<\/p>\n<p>En dicha regata han participado unas sesenta embarcaciones de la clase ILCA. La climatolog\u00eda no acompa\u00f1\u00f3 hasta el \u00faltimo momento, la carencia de viento durante la primera jornada y parte de la segunda hizo temer que no se pudiera hacer ninguna prueba. El buen hacer de la organizaci\u00f3n y el Mestral salvaron la regata in extremis.<\/p>\n<p>Parte de nuestros regatistas tuvo la mala suerte de que, cuando en la primera prueba del domingo lideraban parte de la flota ILCA 4, esta se anulara por un fuerte role de 180\u00b0. En cambio Gorka Ruiz pudo hacer un buen papel en la prueba que validaba la regata con una 7a posici\u00f3n y 2o S16.<\/p>\n<table>\n<tbody>\n<tr>\n<td><a href=\"https:\/\/www.cnhv.net\/wp-content\/uploads\/2021\/11\/1637747374950.jpg\"><img decoding=\"async\" loading=\"lazy\" class=\"aligncenter size-large wp-image-16917\" src=\"https:\/\/www.cnhv.net\/wp-content\/uploads\/2021\/11\/1637747374950-1024x683.jpg\" alt=\"\" width=\"640\" height=\"427\" srcset=\"https:\/\/old.cnhv.net\/wp-content\/uploads\/2021\/11\/1637747374950-1024x683.jpg 1024w, https:\/\/old.cnhv.net\/wp-content\/uploads\/2021\/11\/1637747374950-300x200.jpg 300w, https:\/\/old.cnhv.net\/wp-content\/uploads\/2021\/11\/1637747374950-768x512.jpg 768w, https:\/\/old.cnhv.net\/wp-content\/uploads\/2021\/11\/1637747374950-100x67.jpg 100w, https:\/\/old.cnhv.net\/wp-content\/uploads\/2021\/11\/1637747374950.jpg 2048w\" sizes=\"(max-width: 640px) 100vw, 640px\" \/><\/a><\/td>\n<td><a href=\"https:\/\/www.cnhv.net\/wp-content\/uploads\/2021\/11\/1637747374940.jpg\"><img decoding=\"async\" loading=\"lazy\" class=\"aligncenter size-large wp-image-16916\" src=\"https:\/\/www.cnhv.net\/wp-content\/uploads\/2021\/11\/1637747374940-1024x682.jpg\" alt=\"\" width=\"640\" height=\"426\" srcset=\"https:\/\/old.cnhv.net\/wp-content\/uploads\/2021\/11\/1637747374940-1024x682.jpg 1024w, https:\/\/old.cnhv.net\/wp-content\/uploads\/2021\/11\/1637747374940-300x200.jpg 300w, https:\/\/old.cnhv.net\/wp-content\/uploads\/2021\/11\/1637747374940-768x512.jpg 768w, https:\/\/old.cnhv.net\/wp-content\/uploads\/2021\/11\/1637747374940-100x67.jpg 100w, https:\/\/old.cnhv.net\/wp-content\/uploads\/2021\/11\/1637747374940.jpg 2048w\" sizes=\"(max-width: 640px) 100vw, 640px\" \/><\/a><\/td>\n<td><a href=\"https:\/\/www.cnhv.net\/wp-content\/uploads\/2021\/11\/1637747374931.jpg\"><img decoding=\"async\" loading=\"lazy\" class=\"aligncenter size-large wp-image-16915\" src=\"https:\/\/www.cnhv.net\/wp-content\/uploads\/2021\/11\/1637747374931-1024x682.jpg\" alt=\"\" width=\"640\" height=\"426\" srcset=\"https:\/\/old.cnhv.net\/wp-content\/uploads\/2021\/11\/1637747374931-1024x682.jpg 1024w, https:\/\/old.cnhv.net\/wp-content\/uploads\/2021\/11\/1637747374931-300x200.jpg 300w, https:\/\/old.cnhv.net\/wp-content\/uploads\/2021\/11\/1637747374931-768x512.jpg 768w, https:\/\/old.cnhv.net\/wp-content\/uploads\/2021\/11\/1637747374931-100x67.jpg 100w, https:\/\/old.cnhv.net\/wp-content\/uploads\/2021\/11\/1637747374931.jpg 2048w\" sizes=\"(max-width: 640px) 100vw, 640px\" \/><\/a><\/td>\n<td><a href=\"https:\/\/www.cnhv.net\/wp-content\/uploads\/2021\/11\/1637747374920.jpg\"><img decoding=\"async\" loading=\"lazy\" class=\"aligncenter size-large wp-image-16914\" src=\"https:\/\/www.cnhv.net\/wp-content\/uploads\/2021\/11\/1637747374920-1024x683.jpg\" alt=\"\" width=\"640\" height=\"427\" srcset=\"https:\/\/old.cnhv.net\/wp-content\/uploads\/2021\/11\/1637747374920-1024x683.jpg 1024w, https:\/\/old.cnhv.net\/wp-content\/uploads\/2021\/11\/1637747374920-300x200.jpg 300w, https:\/\/old.cnhv.net\/wp-content\/uploads\/2021\/11\/1637747374920-768x512.jpg 768w, https:\/\/old.cnhv.net\/wp-content\/uploads\/2021\/11\/1637747374920-100x67.jpg 100w, https:\/\/old.cnhv.net\/wp-content\/uploads\/2021\/11\/1637747374920.jpg 2048w\" sizes=\"(max-width: 640px) 100vw, 640px\" \/><\/a><\/td>\n<\/tr>\n<tr>\n<td><a href=\"https:\/\/www.cnhv.net\/wp-content\/uploads\/2021\/11\/1637747374959.jpg\"><img decoding=\"async\" loading=\"lazy\" class=\"aligncenter size-large wp-image-16911\" src=\"https:\/\/www.cnhv.net\/wp-content\/uploads\/2021\/11\/1637747374959-1024x683.jpg\" alt=\"\" width=\"640\" height=\"427\" srcset=\"https:\/\/old.cnhv.net\/wp-content\/uploads\/2021\/11\/1637747374959-1024x683.jpg 1024w, https:\/\/old.cnhv.net\/wp-content\/uploads\/2021\/11\/1637747374959-300x200.jpg 300w, https:\/\/old.cnhv.net\/wp-content\/uploads\/2021\/11\/1637747374959-768x512.jpg 768w, https:\/\/old.cnhv.net\/wp-content\/uploads\/2021\/11\/1637747374959-100x67.jpg 100w, https:\/\/old.cnhv.net\/wp-content\/uploads\/2021\/11\/1637747374959.jpg 2048w\" sizes=\"(max-width: 640px) 100vw, 640px\" \/><\/a><\/td>\n<td><a href=\"https:\/\/www.cnhv.net\/wp-content\/uploads\/2021\/11\/1637747374910.jpg\"><img decoding=\"async\" loading=\"lazy\" class=\"aligncenter size-large wp-image-16913\" src=\"https:\/\/www.cnhv.net\/wp-content\/uploads\/2021\/11\/1637747374910-1024x682.jpg\" alt=\"\" width=\"640\" height=\"426\" srcset=\"https:\/\/old.cnhv.net\/wp-content\/uploads\/2021\/11\/1637747374910-1024x682.jpg 1024w, https:\/\/old.cnhv.net\/wp-content\/uploads\/2021\/11\/1637747374910-300x200.jpg 300w, https:\/\/old.cnhv.net\/wp-content\/uploads\/2021\/11\/1637747374910-768x512.jpg 768w, https:\/\/old.cnhv.net\/wp-content\/uploads\/2021\/11\/1637747374910-100x67.jpg 100w, https:\/\/old.cnhv.net\/wp-content\/uploads\/2021\/11\/1637747374910.jpg 2048w\" sizes=\"(max-width: 640px) 100vw, 640px\" \/><\/a><\/td>\n<td><a href=\"https:\/\/www.cnhv.net\/wp-content\/uploads\/2021\/11\/1637747374899.jpg\"><img decoding=\"async\" loading=\"lazy\" class=\"aligncenter size-large wp-image-16912\" src=\"https:\/\/www.cnhv.net\/wp-content\/uploads\/2021\/11\/1637747374899-1024x682.jpg\" alt=\"\" width=\"640\" height=\"426\" srcset=\"https:\/\/old.cnhv.net\/wp-content\/uploads\/2021\/11\/1637747374899-1024x682.jpg 1024w, https:\/\/old.cnhv.net\/wp-content\/uploads\/2021\/11\/1637747374899-300x200.jpg 300w, https:\/\/old.cnhv.net\/wp-content\/uploads\/2021\/11\/1637747374899-768x512.jpg 768w, https:\/\/old.cnhv.net\/wp-content\/uploads\/2021\/11\/1637747374899-100x67.jpg 100w, https:\/\/old.cnhv.net\/wp-content\/uploads\/2021\/11\/1637747374899.jpg 2048w\" sizes=\"(max-width: 640px) 100vw, 640px\" \/><\/a><\/td>\n<td>&nbsp;<\/td>\n<\/tr>\n<\/tbody>\n<\/table>\n<p><\/p>","protected":false},"excerpt":{"rendered":"<p>Este pasado fin de semana, 20 y 21 de noviembre, el equipo de regatas de la clase ILCA 4 ha participado en la regata N2 Halloween Race. Organizada un a\u00f1o [&hellip;] <a href=\"https:\/\/old.cnhv.net\/?page_id=17053\" rel=\"bookmark\">more<\/a><\/p>\n","protected":false},"author":1,"featured_media":0,"parent":17017,"menu_order":2,"comment_status":"closed","ping_status":"closed","template":"pg-tpl-no-sidebars.php","meta":{"ngg_post_thumbnail":0},"_links":{"self":[{"href":"https:\/\/old.cnhv.net\/index.php?rest_route=\/wp\/v2\/pages\/17053"}],"collection":[{"href":"https:\/\/old.cnhv.net\/index.php?rest_route=\/wp\/v2\/pages"}],"about":[{"href":"https:\/\/old.cnhv.net\/index.php?rest_route=\/wp\/v2\/types\/page"}],"author":[{"embeddable":true,"href":"https:\/\/old.cnhv.net\/index.php?rest_route=\/wp\/v2\/users\/1"}],"replies":[{"embeddable":true,"href":"https:\/\/old.cnhv.net\/index.php?rest_route=%2Fwp%2Fv2%2Fcomments&post=17053"}],"version-history":[{"count":1,"href":"https:\/\/old.cnhv.net\/index.php?rest_route=\/wp\/v2\/pages\/17053\/revisions"}],"predecessor-version":[{"id":17054,"href":"https:\/\/old.cnhv.net\/index.php?rest_route=\/wp\/v2\/pages\/17053\/revisions\/17054"}],"up":[{"embeddable":true,"href":"https:\/\/old.cnhv.net\/index.php?rest_route=\/wp\/v2\/pages\/17017"}],"wp:attachment":[{"href":"https:\/\/old.cnhv.net\/index.php?rest_route=%2Fwp%2Fv2%2Fmedia&parent=17053"}],"curies":[{"name":"wp","href":"https:\/\/api.w.org\/{rel}","templated":true}]}}