
{"id":17055,"date":"2022-01-07T18:47:16","date_gmt":"2022-01-07T18:47:16","guid":{"rendered":"https:\/\/www.cnhv.net\/?page_id=17055"},"modified":"2022-01-08T16:34:43","modified_gmt":"2022-01-08T16:34:43","slug":"winter-camp-optimist-21","status":"publish","type":"page","link":"https:\/\/old.cnhv.net\/?page_id=17055","title":{"rendered":"Winter Camp Optimist 21"},"content":{"rendered":"<p>Durante el puente, del 4 al 7 de diciembre, 10 miembros del equipo de la clase Optimist e ILCA que representan al Club N\u00e0utic Hospitalet-Vandell\u00f2s, han participado en la concentraci\u00f3n Winter Camp en el <a href=\"https:\/\/www.instagram.com\/clubnauticcambrils\/\" target=\"_blank\" rel=\"noopener noreferrer\" data-saferedirecturl=\"https:\/\/www.google.com\/url?q=https:\/\/www.instagram.com\/clubnauticcambrils\/&amp;source=gmail&amp;ust=1639239538949000&amp;usg=AOvVaw342DCgPHi0q1LFuXtdcSp5\">Club<\/a>&nbsp;N\u00e1utico Cambrils.<br \/>\nLa organizaci\u00f3n fue todo un \u00e9xito y participaron unas sesenta embarcaciones.<br \/>\nDurante esta concentraci\u00f3n, enfocada a la mejora t\u00e9cnica de los regatistas, participaron t\u00e9cnicos de renombre y con experiencia internacional. Nuestros regatistas aprovecharon al m\u00e1ximo los 4 d\u00edas, en los que predomin\u00f3 el Mestral caracter\u00edstico de la zona.<br \/>\nDurante la concentraci\u00f3n se realiz\u00f3 una clasificaci\u00f3n, en la que destacaron, en Optimist G3, el resultado de Cristina Ruiz (1a f\u00e9mina) y Santi Bles (3er absoluto). Y en ILCA4, el resultado de Gorka Ruiz (2o) y Andr\u00e9 Pinyol (3o).<\/p>","protected":false},"excerpt":{"rendered":"<p>Durante el puente, del 4 al 7 de diciembre, 10 miembros del equipo de la clase Optimist e ILCA que representan al Club N\u00e0utic Hospitalet-Vandell\u00f2s, han participado en la concentraci\u00f3n [&hellip;] <a href=\"https:\/\/old.cnhv.net\/?page_id=17055\" rel=\"bookmark\">more<\/a><\/p>\n","protected":false},"author":1,"featured_media":0,"parent":17017,"menu_order":5,"comment_status":"closed","ping_status":"closed","template":"pg-tpl-no-sidebars.php","meta":{"ngg_post_thumbnail":0},"_links":{"self":[{"href":"https:\/\/old.cnhv.net\/index.php?rest_route=\/wp\/v2\/pages\/17055"}],"collection":[{"href":"https:\/\/old.cnhv.net\/index.php?rest_route=\/wp\/v2\/pages"}],"about":[{"href":"https:\/\/old.cnhv.net\/index.php?rest_route=\/wp\/v2\/types\/page"}],"author":[{"embeddable":true,"href":"https:\/\/old.cnhv.net\/index.php?rest_route=\/wp\/v2\/users\/1"}],"replies":[{"embeddable":true,"href":"https:\/\/old.cnhv.net\/index.php?rest_route=%2Fwp%2Fv2%2Fcomments&post=17055"}],"version-history":[{"count":1,"href":"https:\/\/old.cnhv.net\/index.php?rest_route=\/wp\/v2\/pages\/17055\/revisions"}],"predecessor-version":[{"id":17056,"href":"https:\/\/old.cnhv.net\/index.php?rest_route=\/wp\/v2\/pages\/17055\/revisions\/17056"}],"up":[{"embeddable":true,"href":"https:\/\/old.cnhv.net\/index.php?rest_route=\/wp\/v2\/pages\/17017"}],"wp:attachment":[{"href":"https:\/\/old.cnhv.net\/index.php?rest_route=%2Fwp%2Fv2%2Fmedia&parent=17055"}],"curies":[{"name":"wp","href":"https:\/\/api.w.org\/{rel}","templated":true}]}}