
{"id":17093,"date":"2022-01-08T10:26:58","date_gmt":"2022-01-08T10:26:58","guid":{"rendered":"https:\/\/www.cnhv.net\/?page_id=17093"},"modified":"2022-01-08T10:26:58","modified_gmt":"2022-01-08T10:26:58","slug":"concurso-pesca-excelentisimo-ayuntamiento-21","status":"publish","type":"page","link":"https:\/\/old.cnhv.net\/?page_id=17093","title":{"rendered":"Concurso Pesca Excelent\u00edsimo Ayuntamiento 21"},"content":{"rendered":"<p>El pasado fin de semana 21 y 22 de agosto se ha celebraci\u00f3n el Concurso de Pesca Excelent\u00edsimo Ayuntamiento, con bastante calor pero el estado del mar en \u00f3ptimas condiciones, salieron 12 embarcaciones a buscar capturas y esta vez su afici\u00f3n fue recompensada<\/p>\n<p>Agradecer la presencia de las concejalas del Ayuntamiento M\u00aa Jos\u00e9&nbsp; G\u00f3mez&nbsp; &nbsp;y Lupe Capella que nos acompa\u00f1aron a la entrega de trofeos y la comida que compartimos en el Restaurante N\u00e0utic<\/p>\n<p><strong>Clasificaci\u00f3n&nbsp;&nbsp; Embarcaci\u00f3n&nbsp; &nbsp; &nbsp; &nbsp; Patr\u00f3n&nbsp; &nbsp; &nbsp; &nbsp; &nbsp; &nbsp; &nbsp; &nbsp; &nbsp; &nbsp; &nbsp; &nbsp;Puntos<\/strong><\/p>\n<p>Primero&nbsp; &nbsp; &nbsp; &nbsp; &nbsp; &nbsp; &nbsp; &nbsp; Eldana 22&nbsp; &nbsp; &nbsp; &nbsp; &nbsp; &nbsp; &nbsp; &nbsp; &nbsp; Lutz Foerster&nbsp;&nbsp;&nbsp;&nbsp;&nbsp;&nbsp;&nbsp;&nbsp;&nbsp;&nbsp;&nbsp;&nbsp;&nbsp; 45.000<\/p>\n<p>Segundo&nbsp; &nbsp; &nbsp; &nbsp; &nbsp; &nbsp; &nbsp; &nbsp;Garsan&nbsp;&nbsp;&nbsp;&nbsp;&nbsp;&nbsp;&nbsp;&nbsp;&nbsp;&nbsp;&nbsp;&nbsp;&nbsp;&nbsp;&nbsp;&nbsp;&nbsp;&nbsp;&nbsp;&nbsp;&nbsp;&nbsp; Antonio Garc\u00eda&nbsp; &nbsp; &nbsp; &nbsp; &nbsp; &nbsp; 17.350<\/p>\n<p>Tercero&nbsp; &nbsp; &nbsp; &nbsp; &nbsp; &nbsp; &nbsp; &nbsp; &nbsp;Camella IV&nbsp; &nbsp; &nbsp; &nbsp; &nbsp; &nbsp; &nbsp; &nbsp; Ram\u00f3n Duran &nbsp;&nbsp;&nbsp;&nbsp;&nbsp;&nbsp;&nbsp;&nbsp;&nbsp;&nbsp;&nbsp; 13.460<\/p>\n<p>Pieza mayor&nbsp; &nbsp; &nbsp; &nbsp; &nbsp; Luz de Juan&nbsp; &nbsp; &nbsp; &nbsp; &nbsp; &nbsp; &nbsp;Daniel Isla, con una pieza de 6,290 kg<\/p>\n<p>En&nbsp; total 49 capturas muy variadas: Bonitos, Congrios, Brotolas, Melvas, Tallams<\/p>\n<p>&nbsp;<\/p>\n<div id=\"attachment_16371\" class=\"wp-caption aligncenter\" style=\"width: 1008px\"><a href=\"https:\/\/www.cnhv.net\/wp-content\/uploads\/2021\/08\/Participantes.jpg\"><img decoding=\"async\" loading=\"lazy\" class=\"size-full wp-image-16371\" src=\"https:\/\/www.cnhv.net\/wp-content\/uploads\/2021\/08\/Participantes.jpg\" alt=\"\" width=\"1000\" height=\"750\" srcset=\"https:\/\/old.cnhv.net\/wp-content\/uploads\/2021\/08\/Participantes.jpg 1000w, https:\/\/old.cnhv.net\/wp-content\/uploads\/2021\/08\/Participantes-300x225.jpg 300w, https:\/\/old.cnhv.net\/wp-content\/uploads\/2021\/08\/Participantes-768x576.jpg 768w, https:\/\/old.cnhv.net\/wp-content\/uploads\/2021\/08\/Participantes-100x75.jpg 100w\" sizes=\"(max-width: 1000px) 100vw, 1000px\" \/><\/a><p class=\"wp-caption-text\">Participantes<\/p><\/div>\n<div id=\"attachment_16367\" class=\"wp-caption aligncenter\" style=\"width: 1008px\"><a href=\"https:\/\/www.cnhv.net\/wp-content\/uploads\/2021\/08\/1er-Clasificado.jpg\"><img decoding=\"async\" loading=\"lazy\" class=\"size-full wp-image-16367\" src=\"https:\/\/www.cnhv.net\/wp-content\/uploads\/2021\/08\/1er-Clasificado.jpg\" alt=\"\" width=\"1000\" height=\"750\" srcset=\"https:\/\/old.cnhv.net\/wp-content\/uploads\/2021\/08\/1er-Clasificado.jpg 1000w, https:\/\/old.cnhv.net\/wp-content\/uploads\/2021\/08\/1er-Clasificado-300x225.jpg 300w, https:\/\/old.cnhv.net\/wp-content\/uploads\/2021\/08\/1er-Clasificado-768x576.jpg 768w, https:\/\/old.cnhv.net\/wp-content\/uploads\/2021\/08\/1er-Clasificado-100x75.jpg 100w\" sizes=\"(max-width: 1000px) 100vw, 1000px\" \/><\/a><p class=\"wp-caption-text\">1er Clasificado<\/p><\/div>\n<div id=\"attachment_16368\" class=\"wp-caption aligncenter\" style=\"width: 1008px\"><a href=\"https:\/\/www.cnhv.net\/wp-content\/uploads\/2021\/08\/2\u00ba-Clasificado.jpg\"><img decoding=\"async\" loading=\"lazy\" class=\"size-full wp-image-16368\" src=\"https:\/\/www.cnhv.net\/wp-content\/uploads\/2021\/08\/2\u00ba-Clasificado.jpg\" alt=\"\" width=\"1000\" height=\"750\" srcset=\"https:\/\/old.cnhv.net\/wp-content\/uploads\/2021\/08\/2\u00ba-Clasificado.jpg 1000w, https:\/\/old.cnhv.net\/wp-content\/uploads\/2021\/08\/2\u00ba-Clasificado-300x225.jpg 300w, https:\/\/old.cnhv.net\/wp-content\/uploads\/2021\/08\/2\u00ba-Clasificado-768x576.jpg 768w, https:\/\/old.cnhv.net\/wp-content\/uploads\/2021\/08\/2\u00ba-Clasificado-100x75.jpg 100w\" sizes=\"(max-width: 1000px) 100vw, 1000px\" \/><\/a><p class=\"wp-caption-text\">2\u00baClasificado<\/p><\/div>\n<div id=\"attachment_16369\" class=\"wp-caption aligncenter\" style=\"width: 1008px\"><a href=\"https:\/\/www.cnhv.net\/wp-content\/uploads\/2021\/08\/3er-Clasificado.jpg\"><img decoding=\"async\" loading=\"lazy\" class=\"size-full wp-image-16369\" src=\"https:\/\/www.cnhv.net\/wp-content\/uploads\/2021\/08\/3er-Clasificado.jpg\" alt=\"\" width=\"1000\" height=\"750\" srcset=\"https:\/\/old.cnhv.net\/wp-content\/uploads\/2021\/08\/3er-Clasificado.jpg 1000w, https:\/\/old.cnhv.net\/wp-content\/uploads\/2021\/08\/3er-Clasificado-300x225.jpg 300w, https:\/\/old.cnhv.net\/wp-content\/uploads\/2021\/08\/3er-Clasificado-768x576.jpg 768w, https:\/\/old.cnhv.net\/wp-content\/uploads\/2021\/08\/3er-Clasificado-100x75.jpg 100w\" sizes=\"(max-width: 1000px) 100vw, 1000px\" \/><\/a><p class=\"wp-caption-text\">3er Clasificado<\/p><\/div>\n<div id=\"attachment_16372\" class=\"wp-caption aligncenter\" style=\"width: 1008px\"><a href=\"https:\/\/www.cnhv.net\/wp-content\/uploads\/2021\/08\/Pieza-mayor.jpg\"><img decoding=\"async\" loading=\"lazy\" class=\"size-full wp-image-16372\" src=\"https:\/\/www.cnhv.net\/wp-content\/uploads\/2021\/08\/Pieza-mayor.jpg\" alt=\"\" width=\"1000\" height=\"750\" srcset=\"https:\/\/old.cnhv.net\/wp-content\/uploads\/2021\/08\/Pieza-mayor.jpg 1000w, https:\/\/old.cnhv.net\/wp-content\/uploads\/2021\/08\/Pieza-mayor-300x225.jpg 300w, https:\/\/old.cnhv.net\/wp-content\/uploads\/2021\/08\/Pieza-mayor-768x576.jpg 768w, https:\/\/old.cnhv.net\/wp-content\/uploads\/2021\/08\/Pieza-mayor-100x75.jpg 100w\" sizes=\"(max-width: 1000px) 100vw, 1000px\" \/><\/a><p class=\"wp-caption-text\">Pieza Mayor<\/p><\/div>\n<div id=\"attachment_16370\" class=\"wp-caption aligncenter\" style=\"width: 1008px\"><a href=\"https:\/\/www.cnhv.net\/wp-content\/uploads\/2021\/08\/Nuestros-relevos-.jpg\"><img decoding=\"async\" loading=\"lazy\" class=\"size-full wp-image-16370\" src=\"https:\/\/www.cnhv.net\/wp-content\/uploads\/2021\/08\/Nuestros-relevos-.jpg\" alt=\"\" width=\"1000\" height=\"750\" srcset=\"https:\/\/old.cnhv.net\/wp-content\/uploads\/2021\/08\/Nuestros-relevos-.jpg 1000w, https:\/\/old.cnhv.net\/wp-content\/uploads\/2021\/08\/Nuestros-relevos--300x225.jpg 300w, https:\/\/old.cnhv.net\/wp-content\/uploads\/2021\/08\/Nuestros-relevos--768x576.jpg 768w, https:\/\/old.cnhv.net\/wp-content\/uploads\/2021\/08\/Nuestros-relevos--100x75.jpg 100w\" sizes=\"(max-width: 1000px) 100vw, 1000px\" \/><\/a><p class=\"wp-caption-text\">Nuestros relevos<\/p><\/div>\n<p><a href=\"https:\/\/www.cnhv.net\/wp-content\/uploads\/2021\/08\/Cartel-pesca-Trofeo-Ayuntamiento-21.jpg\"><br \/>\n<img decoding=\"async\" loading=\"lazy\" class=\"aligncenter size-large wp-image-16338\" src=\"https:\/\/www.cnhv.net\/wp-content\/uploads\/2021\/08\/Cartel-pesca-Trofeo-Ayuntamiento-21-724x1024.jpg\" alt=\"\" width=\"640\" height=\"905\" srcset=\"https:\/\/old.cnhv.net\/wp-content\/uploads\/2021\/08\/Cartel-pesca-Trofeo-Ayuntamiento-21-724x1024.jpg 724w, https:\/\/old.cnhv.net\/wp-content\/uploads\/2021\/08\/Cartel-pesca-Trofeo-Ayuntamiento-21-212x300.jpg 212w, https:\/\/old.cnhv.net\/wp-content\/uploads\/2021\/08\/Cartel-pesca-Trofeo-Ayuntamiento-21-768x1086.jpg 768w, https:\/\/old.cnhv.net\/wp-content\/uploads\/2021\/08\/Cartel-pesca-Trofeo-Ayuntamiento-21-71x100.jpg 71w, https:\/\/old.cnhv.net\/wp-content\/uploads\/2021\/08\/Cartel-pesca-Trofeo-Ayuntamiento-21.jpg 1500w\" sizes=\"(max-width: 640px) 100vw, 640px\" \/><\/a><\/p>","protected":false},"excerpt":{"rendered":"<p>El pasado fin de semana 21 y 22 de agosto se ha celebraci\u00f3n el Concurso de Pesca Excelent\u00edsimo Ayuntamiento, con bastante calor pero el estado del mar en \u00f3ptimas condiciones, [&hellip;] <a href=\"https:\/\/old.cnhv.net\/?page_id=17093\" rel=\"bookmark\">more<\/a><\/p>\n","protected":false},"author":1,"featured_media":0,"parent":17085,"menu_order":2,"comment_status":"closed","ping_status":"closed","template":"pg-tpl-no-sidebars.php","meta":{"ngg_post_thumbnail":0},"_links":{"self":[{"href":"https:\/\/old.cnhv.net\/index.php?rest_route=\/wp\/v2\/pages\/17093"}],"collection":[{"href":"https:\/\/old.cnhv.net\/index.php?rest_route=\/wp\/v2\/pages"}],"about":[{"href":"https:\/\/old.cnhv.net\/index.php?rest_route=\/wp\/v2\/types\/page"}],"author":[{"embeddable":true,"href":"https:\/\/old.cnhv.net\/index.php?rest_route=\/wp\/v2\/users\/1"}],"replies":[{"embeddable":true,"href":"https:\/\/old.cnhv.net\/index.php?rest_route=%2Fwp%2Fv2%2Fcomments&post=17093"}],"version-history":[{"count":1,"href":"https:\/\/old.cnhv.net\/index.php?rest_route=\/wp\/v2\/pages\/17093\/revisions"}],"predecessor-version":[{"id":17094,"href":"https:\/\/old.cnhv.net\/index.php?rest_route=\/wp\/v2\/pages\/17093\/revisions\/17094"}],"up":[{"embeddable":true,"href":"https:\/\/old.cnhv.net\/index.php?rest_route=\/wp\/v2\/pages\/17085"}],"wp:attachment":[{"href":"https:\/\/old.cnhv.net\/index.php?rest_route=%2Fwp%2Fv2%2Fmedia&parent=17093"}],"curies":[{"name":"wp","href":"https:\/\/api.w.org\/{rel}","templated":true}]}}