
{"id":17114,"date":"2022-01-08T15:36:45","date_gmt":"2022-01-08T15:36:45","guid":{"rendered":"https:\/\/www.cnhv.net\/?page_id=17114"},"modified":"2022-01-08T15:36:45","modified_gmt":"2022-01-08T15:36:45","slug":"campeonato-cataluna-sub23-veteranos-y-femenino-2021","status":"publish","type":"page","link":"https:\/\/old.cnhv.net\/?page_id=17114","title":{"rendered":"Campeonato Catalu\u00f1a Sub23, veteranos y femenino 2021"},"content":{"rendered":"<p><\/p>\n<h3>Resumen Campeonato Catalu\u00f1a Sub23, veteranos y femenino 2021<\/h3>\n<p>El pasado domingo 23 de Mayo 2021 tuvo lugar la Final de Catalu\u00f1a sub23, veteranos y f\u00e9minas en las aguas de L&#8217;Atmella de Mar . El d\u00eda empez\u00f3 nublado&nbsp; y amenazando lluvia con el agua turbia por el mar de fondo del d\u00eda anterior.<\/p>\n<p>El mistral fuerte siempre ayuda a limpiar el agua a costa pero complica el trabajo a los que quieren salir fuera para encontrar un poco mes de fond\u00e0ria.la novedad de este a\u00f1o se el nuevo reglamento, la inclusi\u00f3n de cupos y tallas m\u00ednimas m\u00e1s responsables con el entorno marino.<\/p>\n<p>Aparte de este hecho desde la federaci\u00f3n se est\u00e1 impulsando la aplicaci\u00f3n de las nuevas tecnolog\u00edas en el registro e inscripci\u00f3n a las competiciones, se pretende hacer el registro y subida de documentos + pago en l\u00ednea para facilitar la tarea de los organizadores en las competiciones.Durante la competici\u00f3n los 22 valientes aguantaron las 5h de competici\u00f3n hasta el \u00faltimo momento puesto que una pieza val\u00eda el campeonato.<\/p>\n<p>Las capturas fueron muy escasas, gracias al restrictivo reglamento que penaliza la captura de peces por debajo del doble o triple del peso m\u00ednimo que marca la normativa de pesca recreativa espa\u00f1ola. Siendo as\u00ed competiciones de pesca submarina a muy bajo impacto al medio y muy divertidas por aquellos competidores que su capaces de cerrar cupos.En el pesaje se pudo ver una Alexandra Prat todoterreno capaz de ganar a todas las categor\u00edas y dar una vez sobre la mesa. Enhorabuena campeona!! En la categor\u00eda sub23 destac\u00f3 un joven Jonay Moreno de 17 a\u00f1os que qued\u00f3 sexto en la general, esperamos que en unos a\u00f1os d\u00e9 mucho que hablar.<\/p>\n<p>En la categor\u00eda veteranos algunos optaron para buscar profundidad (aproximadamente 19-20m) pero la estrategia que mejor funcion\u00f3 fueron los pescadores que estuvieron en poca agua. Destacar el alta participaci\u00f3n de la tercera edad (jijij) con 14 veteranos demostrando que todav\u00eda pueden dar mucha guerra.<\/p>\n<p>Clasificaci\u00f3n:\u2013 Sub 23 \u2013 1.\u00ba Jonay Moreno (AESNEPTUNO)&nbsp; 2.\u00ba Toni Ariza (APS)<\/p>\n<p>Femenino \u2013 1.\u00aa Alexandra Prat (APS).&nbsp; 2.\u00aa Ainhoa Abellan (AES NEPTUNO)\u2013<\/p>\n<p>Veteranos \u2013 1.\u00ba Frank Roales (CASO MARMAN)&nbsp;&nbsp;2.\u00ba Joan Carles Flux\u00e0 (APS). 3.\u00ba Juan Sanchez Montilla (CASEP)<\/p>\n<p>Las competiciones de pesca submarina sue\u00f1o por encima de todo actos ben\u00e9ficos, solidarios con muchas personas sin recursos que tienen que alimentarse en comedores sociales. Asociaciones como la de Raquel Quilez a Reus hacen posible que mucha gente sin recursos puedan comer pez fresco y disfrutar de la prote\u00edna, los oligoelementos y minerales que contiene el pez.<\/p>\n<p><a href=\"https:\/\/www.cnhv.net\/wp-content\/uploads\/2021\/06\/comedor-Social.jpg\"><img decoding=\"async\" loading=\"lazy\" class=\"aligncenter size-full wp-image-16058\" src=\"https:\/\/www.cnhv.net\/wp-content\/uploads\/2021\/06\/comedor-Social.jpg\" alt=\"\" width=\"1000\" height=\"707\" srcset=\"https:\/\/old.cnhv.net\/wp-content\/uploads\/2021\/06\/comedor-Social.jpg 1000w, https:\/\/old.cnhv.net\/wp-content\/uploads\/2021\/06\/comedor-Social-300x212.jpg 300w, https:\/\/old.cnhv.net\/wp-content\/uploads\/2021\/06\/comedor-Social-768x543.jpg 768w, https:\/\/old.cnhv.net\/wp-content\/uploads\/2021\/06\/comedor-Social-100x71.jpg 100w\" sizes=\"(max-width: 1000px) 100vw, 1000px\" \/><\/a><\/p>\nngg_shortcode_0_placeholder\n<p>&nbsp;<\/p>","protected":false},"excerpt":{"rendered":"<p>Resumen Campeonato Catalu\u00f1a Sub23, veteranos y femenino 2021 El pasado domingo 23 de Mayo 2021 tuvo lugar la Final de Catalu\u00f1a sub23, veteranos y f\u00e9minas en las aguas de L&#8217;Atmella [&hellip;] <a href=\"https:\/\/old.cnhv.net\/?page_id=17114\" rel=\"bookmark\">more<\/a><\/p>\n","protected":false},"author":1,"featured_media":0,"parent":17090,"menu_order":0,"comment_status":"closed","ping_status":"closed","template":"pg-tpl-no-sidebars.php","meta":{"ngg_post_thumbnail":0},"_links":{"self":[{"href":"https:\/\/old.cnhv.net\/index.php?rest_route=\/wp\/v2\/pages\/17114"}],"collection":[{"href":"https:\/\/old.cnhv.net\/index.php?rest_route=\/wp\/v2\/pages"}],"about":[{"href":"https:\/\/old.cnhv.net\/index.php?rest_route=\/wp\/v2\/types\/page"}],"author":[{"embeddable":true,"href":"https:\/\/old.cnhv.net\/index.php?rest_route=\/wp\/v2\/users\/1"}],"replies":[{"embeddable":true,"href":"https:\/\/old.cnhv.net\/index.php?rest_route=%2Fwp%2Fv2%2Fcomments&post=17114"}],"version-history":[{"count":1,"href":"https:\/\/old.cnhv.net\/index.php?rest_route=\/wp\/v2\/pages\/17114\/revisions"}],"predecessor-version":[{"id":17115,"href":"https:\/\/old.cnhv.net\/index.php?rest_route=\/wp\/v2\/pages\/17114\/revisions\/17115"}],"up":[{"embeddable":true,"href":"https:\/\/old.cnhv.net\/index.php?rest_route=\/wp\/v2\/pages\/17090"}],"wp:attachment":[{"href":"https:\/\/old.cnhv.net\/index.php?rest_route=%2Fwp%2Fv2%2Fmedia&parent=17114"}],"curies":[{"name":"wp","href":"https:\/\/api.w.org\/{rel}","templated":true}]}}