
{"id":17119,"date":"2022-01-08T15:55:03","date_gmt":"2022-01-08T15:55:03","guid":{"rendered":"https:\/\/www.cnhv.net\/?page_id=17119"},"modified":"2022-01-08T15:55:03","modified_gmt":"2022-01-08T15:55:03","slug":"43a-regata-de-cruceros-los-roques-19","status":"publish","type":"page","link":"https:\/\/old.cnhv.net\/?page_id=17119","title":{"rendered":"43\u00aa Regata de cruceros Los Roques 19"},"content":{"rendered":"<p>El Club N\u00e1utico Cambrils, por delegaci\u00f3n de la Federaci\u00f3n Catalana de Vela, ha celebrado los d\u00edas 26 y 27 de octubre la 43.\u00aa edici\u00f3n de la regata Los Roques-Grand Prix Protego, que este a\u00f1o ser\u00e1 adem\u00e1s Campeonato de Catalu\u00f1a RI-Trofeo Ranc de la clase crucero..<\/p>\n<p class=\"p1\"><span class=\"s1\"> La 43\u00aa regata de cruceros Los Roques-2\u00ba Gran Premio Protego finaliza tras un gran fin de semana de muy buen ambiente y suficiente viento para finalizar las pruebas. <\/span><\/p>\n<p class=\"p1\"><span class=\"s1\">El vencedor ha sido Arosa XI del CN Hospitalet-Vandell\u00f3s, que adem\u00e1s se proclama Campe\u00f3n de Catalu\u00f1a de RI. <\/span><\/p>\n<p class=\"p1\"><span class=\"s1\">En 2\u00aa posici\u00f3n Miriapodo, del RCN de Barcelona. <\/span><\/p>\n<p class=\"p1\"><span class=\"s1\">3a posici\u00f3n para el M\u00f3n de l&#8217;Ona II del Club N\u00e0utic Cambrils. <\/span><\/p>\n<p class=\"p1\"><span class=\"s1\">Muchas felicidades a los ganadores y tambi\u00e9n al resto de participantes! Un agradecimiento especial a nuestro patrocinador Protego.<\/span><\/p>\n<p class=\"p1\"><span class=\"s1\">Nos reencontramos el pr\u00f3ximo a\u00f1o<\/span><a href=\"https:\/\/www.cnhv.net\/wp-content\/uploads\/2019\/10\/regata-cruceros-3.jpg\"><img decoding=\"async\" loading=\"lazy\" class=\"aligncenter size-full wp-image-15462\" src=\"https:\/\/www.cnhv.net\/wp-content\/uploads\/2019\/10\/regata-cruceros-3.jpg\" alt=\"\" width=\"960\" height=\"960\" srcset=\"https:\/\/old.cnhv.net\/wp-content\/uploads\/2019\/10\/regata-cruceros-3.jpg 960w, https:\/\/old.cnhv.net\/wp-content\/uploads\/2019\/10\/regata-cruceros-3-150x150.jpg 150w, https:\/\/old.cnhv.net\/wp-content\/uploads\/2019\/10\/regata-cruceros-3-300x300.jpg 300w, https:\/\/old.cnhv.net\/wp-content\/uploads\/2019\/10\/regata-cruceros-3-768x768.jpg 768w, https:\/\/old.cnhv.net\/wp-content\/uploads\/2019\/10\/regata-cruceros-3-100x100.jpg 100w, https:\/\/old.cnhv.net\/wp-content\/uploads\/2019\/10\/regata-cruceros-3-144x144.jpg 144w\" sizes=\"(max-width: 960px) 100vw, 960px\" \/><\/a> <a href=\"https:\/\/www.cnhv.net\/wp-content\/uploads\/2019\/10\/regata-cruceros-2.jpg\"><img decoding=\"async\" loading=\"lazy\" class=\"aligncenter size-full wp-image-15461\" src=\"https:\/\/www.cnhv.net\/wp-content\/uploads\/2019\/10\/regata-cruceros-2.jpg\" alt=\"\" width=\"960\" height=\"960\" srcset=\"https:\/\/old.cnhv.net\/wp-content\/uploads\/2019\/10\/regata-cruceros-2.jpg 960w, https:\/\/old.cnhv.net\/wp-content\/uploads\/2019\/10\/regata-cruceros-2-150x150.jpg 150w, https:\/\/old.cnhv.net\/wp-content\/uploads\/2019\/10\/regata-cruceros-2-300x300.jpg 300w, https:\/\/old.cnhv.net\/wp-content\/uploads\/2019\/10\/regata-cruceros-2-768x768.jpg 768w, https:\/\/old.cnhv.net\/wp-content\/uploads\/2019\/10\/regata-cruceros-2-100x100.jpg 100w, https:\/\/old.cnhv.net\/wp-content\/uploads\/2019\/10\/regata-cruceros-2-144x144.jpg 144w\" sizes=\"(max-width: 960px) 100vw, 960px\" \/><\/a> <a href=\"https:\/\/www.cnhv.net\/wp-content\/uploads\/2019\/10\/regata-cruceros-1.jpg\"><img decoding=\"async\" loading=\"lazy\" class=\"aligncenter size-full wp-image-15460\" src=\"https:\/\/www.cnhv.net\/wp-content\/uploads\/2019\/10\/regata-cruceros-1.jpg\" alt=\"\" width=\"960\" height=\"960\" srcset=\"https:\/\/old.cnhv.net\/wp-content\/uploads\/2019\/10\/regata-cruceros-1.jpg 960w, https:\/\/old.cnhv.net\/wp-content\/uploads\/2019\/10\/regata-cruceros-1-150x150.jpg 150w, https:\/\/old.cnhv.net\/wp-content\/uploads\/2019\/10\/regata-cruceros-1-300x300.jpg 300w, https:\/\/old.cnhv.net\/wp-content\/uploads\/2019\/10\/regata-cruceros-1-768x768.jpg 768w, https:\/\/old.cnhv.net\/wp-content\/uploads\/2019\/10\/regata-cruceros-1-100x100.jpg 100w, https:\/\/old.cnhv.net\/wp-content\/uploads\/2019\/10\/regata-cruceros-1-144x144.jpg 144w\" sizes=\"(max-width: 960px) 100vw, 960px\" \/><\/a><\/p>\n<p><\/p>","protected":false},"excerpt":{"rendered":"<p>El Club N\u00e1utico Cambrils, por delegaci\u00f3n de la Federaci\u00f3n Catalana de Vela, ha celebrado los d\u00edas 26 y 27 de octubre la 43.\u00aa edici\u00f3n de la regata Los Roques-Grand Prix [&hellip;] <a href=\"https:\/\/old.cnhv.net\/?page_id=17119\" rel=\"bookmark\">more<\/a><\/p>\n","protected":false},"author":1,"featured_media":0,"parent":16118,"menu_order":5,"comment_status":"closed","ping_status":"closed","template":"pg-tpl-no-sidebars.php","meta":{"ngg_post_thumbnail":0},"_links":{"self":[{"href":"https:\/\/old.cnhv.net\/index.php?rest_route=\/wp\/v2\/pages\/17119"}],"collection":[{"href":"https:\/\/old.cnhv.net\/index.php?rest_route=\/wp\/v2\/pages"}],"about":[{"href":"https:\/\/old.cnhv.net\/index.php?rest_route=\/wp\/v2\/types\/page"}],"author":[{"embeddable":true,"href":"https:\/\/old.cnhv.net\/index.php?rest_route=\/wp\/v2\/users\/1"}],"replies":[{"embeddable":true,"href":"https:\/\/old.cnhv.net\/index.php?rest_route=%2Fwp%2Fv2%2Fcomments&post=17119"}],"version-history":[{"count":1,"href":"https:\/\/old.cnhv.net\/index.php?rest_route=\/wp\/v2\/pages\/17119\/revisions"}],"predecessor-version":[{"id":17121,"href":"https:\/\/old.cnhv.net\/index.php?rest_route=\/wp\/v2\/pages\/17119\/revisions\/17121"}],"up":[{"embeddable":true,"href":"https:\/\/old.cnhv.net\/index.php?rest_route=\/wp\/v2\/pages\/16118"}],"wp:attachment":[{"href":"https:\/\/old.cnhv.net\/index.php?rest_route=%2Fwp%2Fv2%2Fmedia&parent=17119"}],"curies":[{"name":"wp","href":"https:\/\/api.w.org\/{rel}","templated":true}]}}