
{"id":17123,"date":"2022-01-08T15:56:44","date_gmt":"2022-01-08T15:56:44","guid":{"rendered":"https:\/\/www.cnhv.net\/?page_id=17123"},"modified":"2022-01-08T16:29:03","modified_gmt":"2022-01-08T16:29:03","slug":"los-optimist-con-la-maraton-de-tv3","status":"publish","type":"page","link":"https:\/\/old.cnhv.net\/?page_id=17123","title":{"rendered":"Los Optimist con la Marat\u00f3n de TV3-2019"},"content":{"rendered":"<p>M\u00e1s de cincuenta regatistas han vuelto a mojarse este s\u00e1bado 6 de diciembre por las acciones solidarias que organiza la Marat\u00f3n de Tv3, este a\u00f1o dedicada a las dolencias minoritarias.<u><\/u><u><\/u><\/p>\n<p>A pesar de que el Club ya participa a lo largo del a\u00f1o en diferentes acciones con fines sociales y tiene importantes compromisos a favor de la inclusi\u00f3n y la accesibilidad, un a\u00f1o m\u00e1s no quiere perderse su participaci\u00f3n, implicaci\u00f3n y apuesta por la Marat\u00f3n de Tv3.<u><\/u><u><\/u><\/p>\n<p>As\u00ed, regatistas del CN &nbsp;Bal\u00eds. CN Tarragona, CN Coma-ruga, CN Salou, CN Hospitalet Vandell\u00f2s y de el CNCB han participado en la salida programada para este s\u00e1bado a mediod\u00eda.<u><\/u><u><\/u><\/p>\n<p>La participaci\u00f3n en estos eventos, dice mucho de nuestro equipo de regatas!<\/p>\n<p>ngg_shortcode_0_placeholder&nbsp;<\/p>","protected":false},"excerpt":{"rendered":"<p>M\u00e1s de cincuenta regatistas han vuelto a mojarse este s\u00e1bado 6 de diciembre por las acciones solidarias que organiza la Marat\u00f3n de Tv3, este a\u00f1o dedicada a las dolencias minoritarias. [&hellip;] <a href=\"https:\/\/old.cnhv.net\/?page_id=17123\" rel=\"bookmark\">more<\/a><\/p>\n","protected":false},"author":1,"featured_media":0,"parent":16118,"menu_order":2,"comment_status":"closed","ping_status":"closed","template":"pg-tpl-no-sidebars.php","meta":{"ngg_post_thumbnail":0},"_links":{"self":[{"href":"https:\/\/old.cnhv.net\/index.php?rest_route=\/wp\/v2\/pages\/17123"}],"collection":[{"href":"https:\/\/old.cnhv.net\/index.php?rest_route=\/wp\/v2\/pages"}],"about":[{"href":"https:\/\/old.cnhv.net\/index.php?rest_route=\/wp\/v2\/types\/page"}],"author":[{"embeddable":true,"href":"https:\/\/old.cnhv.net\/index.php?rest_route=\/wp\/v2\/users\/1"}],"replies":[{"embeddable":true,"href":"https:\/\/old.cnhv.net\/index.php?rest_route=%2Fwp%2Fv2%2Fcomments&post=17123"}],"version-history":[{"count":2,"href":"https:\/\/old.cnhv.net\/index.php?rest_route=\/wp\/v2\/pages\/17123\/revisions"}],"predecessor-version":[{"id":17130,"href":"https:\/\/old.cnhv.net\/index.php?rest_route=\/wp\/v2\/pages\/17123\/revisions\/17130"}],"up":[{"embeddable":true,"href":"https:\/\/old.cnhv.net\/index.php?rest_route=\/wp\/v2\/pages\/16118"}],"wp:attachment":[{"href":"https:\/\/old.cnhv.net\/index.php?rest_route=%2Fwp%2Fv2%2Fmedia&parent=17123"}],"curies":[{"name":"wp","href":"https:\/\/api.w.org\/{rel}","templated":true}]}}