
{"id":17128,"date":"2022-01-08T16:22:34","date_gmt":"2022-01-08T16:22:34","guid":{"rendered":"https:\/\/www.cnhv.net\/?page_id=17128"},"modified":"2022-01-08T16:23:44","modified_gmt":"2022-01-08T16:23:44","slug":"ii-terres-del-mestral-regata-de-optimist-2019","status":"publish","type":"page","link":"https:\/\/old.cnhv.net\/?page_id=17128","title":{"rendered":"II Terres del Mestral \u2013 Regata de Optimist 2019"},"content":{"rendered":"<p><span style=\"vertical-align: inherit;\">II Tierras del Mestral &#8211; Regata de Optimist<\/span><\/p>\n<p>El fin de semana 6 y 7 de Julio se organiz\u00f3 en el Club N\u00e0utic Hospitalet-Vandell\u00f2s la 2\u00aa Edici\u00f3n de la Regata de Optimist Terres del Mestral. Participaron una docena de regatistas llegados del Club N\u00e0utic El Masnou y del Club N\u00e0utic Cambrils.<\/p>\n<p>Durante la jornada del S\u00e1bado se realizaron tres pruebas sin complicaciones, los suaves vientos de componente sur-oeste facilitaron el balizamiento del campo de regatas y permitieron que los acompa\u00f1antes de los regatistas salieran a navegar en Omegas. Al volver a tierra todos pudieron disfrutar de una buena comida a la brasa.<\/p>\n<p>El Domingo, con un viento inestable, se pudo realizar la \u00faltima prueba que hab\u00eda planeada y se procedi\u00f3 a la entrega de premios.<\/p>\n<p><a href=\"http:\/\/cnhv.sailti.com\/es\/default\/races\/race-resultsall\/text\/ii-terres-mestral-es\">Resultados:<\/a><\/p>\n<p>ngg_shortcode_0_placeholder<\/p>","protected":false},"excerpt":{"rendered":"<p>II Tierras del Mestral &#8211; Regata de Optimist El fin de semana 6 y 7 de Julio se organiz\u00f3 en el Club N\u00e0utic Hospitalet-Vandell\u00f2s la 2\u00aa Edici\u00f3n de la Regata [&hellip;] <a href=\"https:\/\/old.cnhv.net\/?page_id=17128\" rel=\"bookmark\">more<\/a><\/p>\n","protected":false},"author":1,"featured_media":0,"parent":16118,"menu_order":5,"comment_status":"closed","ping_status":"closed","template":"pg-tpl-no-sidebars.php","meta":{"ngg_post_thumbnail":0},"_links":{"self":[{"href":"https:\/\/old.cnhv.net\/index.php?rest_route=\/wp\/v2\/pages\/17128"}],"collection":[{"href":"https:\/\/old.cnhv.net\/index.php?rest_route=\/wp\/v2\/pages"}],"about":[{"href":"https:\/\/old.cnhv.net\/index.php?rest_route=\/wp\/v2\/types\/page"}],"author":[{"embeddable":true,"href":"https:\/\/old.cnhv.net\/index.php?rest_route=\/wp\/v2\/users\/1"}],"replies":[{"embeddable":true,"href":"https:\/\/old.cnhv.net\/index.php?rest_route=%2Fwp%2Fv2%2Fcomments&post=17128"}],"version-history":[{"count":1,"href":"https:\/\/old.cnhv.net\/index.php?rest_route=\/wp\/v2\/pages\/17128\/revisions"}],"predecessor-version":[{"id":17129,"href":"https:\/\/old.cnhv.net\/index.php?rest_route=\/wp\/v2\/pages\/17128\/revisions\/17129"}],"up":[{"embeddable":true,"href":"https:\/\/old.cnhv.net\/index.php?rest_route=\/wp\/v2\/pages\/16118"}],"wp:attachment":[{"href":"https:\/\/old.cnhv.net\/index.php?rest_route=%2Fwp%2Fv2%2Fmedia&parent=17128"}],"curies":[{"name":"wp","href":"https:\/\/api.w.org\/{rel}","templated":true}]}}