
{"id":17135,"date":"2022-01-08T16:49:16","date_gmt":"2022-01-08T16:49:16","guid":{"rendered":"https:\/\/www.cnhv.net\/?page_id=17135"},"modified":"2022-01-08T16:55:18","modified_gmt":"2022-01-08T16:55:18","slug":"festividad-de-la-virgen-del-carmen-21","status":"publish","type":"page","link":"https:\/\/old.cnhv.net\/?page_id=17135","title":{"rendered":"Festividad de la Virgen del Carmen 21"},"content":{"rendered":"<p><\/p>\n<h3 style=\"text-align: left;\">A pesar de las limitaciones por la COVID19&#8242;, hemos conseguido celebrar la festividad de la Virgen del Carmen, como siempre la afluencia del p\u00fablico en general ha sido m\u00e1s que satisfactoria y la ofrenda floral en el mar a pesar de soplar un garb\u00ed moderado y un poco mar de fondo han salido 22 embarcaciones para acompa\u00f1ar a la Virgen por el litoral hasta el Arco del Sol.<\/h3>\n<h3 style=\"text-align: left;\">&nbsp;<\/h3>\n<p>&nbsp;<\/p>\n<table>\n<tbody>\n<tr>\n<td><a href=\"https:\/\/www.cnhv.net\/wp-content\/uploads\/2021\/07\/Protocolo-Covid19-bis.jpg\"><img decoding=\"async\" loading=\"lazy\" class=\"aligncenter size-large wp-image-16221\" src=\"https:\/\/www.cnhv.net\/wp-content\/uploads\/2021\/07\/Protocolo-Covid19-bis-1024x576.jpg\" alt=\"\" width=\"640\" height=\"360\" srcset=\"https:\/\/old.cnhv.net\/wp-content\/uploads\/2021\/07\/Protocolo-Covid19-bis-1024x576.jpg 1024w, https:\/\/old.cnhv.net\/wp-content\/uploads\/2021\/07\/Protocolo-Covid19-bis-300x169.jpg 300w, https:\/\/old.cnhv.net\/wp-content\/uploads\/2021\/07\/Protocolo-Covid19-bis-768x432.jpg 768w, https:\/\/old.cnhv.net\/wp-content\/uploads\/2021\/07\/Protocolo-Covid19-bis-100x56.jpg 100w, https:\/\/old.cnhv.net\/wp-content\/uploads\/2021\/07\/Protocolo-Covid19-bis.jpg 1200w\" sizes=\"(max-width: 640px) 100vw, 640px\" \/><\/a><\/td>\n<td><a href=\"https:\/\/www.cnhv.net\/wp-content\/uploads\/2021\/07\/Protocolo-Covid19.jpg\"><img decoding=\"async\" loading=\"lazy\" class=\"aligncenter size-large wp-image-16220\" src=\"https:\/\/www.cnhv.net\/wp-content\/uploads\/2021\/07\/Protocolo-Covid19-1024x576.jpg\" alt=\"\" width=\"640\" height=\"360\" srcset=\"https:\/\/old.cnhv.net\/wp-content\/uploads\/2021\/07\/Protocolo-Covid19-1024x576.jpg 1024w, https:\/\/old.cnhv.net\/wp-content\/uploads\/2021\/07\/Protocolo-Covid19-300x169.jpg 300w, https:\/\/old.cnhv.net\/wp-content\/uploads\/2021\/07\/Protocolo-Covid19-768x432.jpg 768w, https:\/\/old.cnhv.net\/wp-content\/uploads\/2021\/07\/Protocolo-Covid19-100x56.jpg 100w, https:\/\/old.cnhv.net\/wp-content\/uploads\/2021\/07\/Protocolo-Covid19.jpg 1200w\" sizes=\"(max-width: 640px) 100vw, 640px\" \/><\/a><\/td>\n<\/tr>\n<\/tbody>\n<\/table>\n<p>&nbsp;Galer\u00eda NextGENEditarBorrar<\/p>\n<h3 style=\"text-align: left;\"><span style=\"font-size: 14pt;\">&nbsp;<\/span><\/h3>\n<p>&nbsp;<a href=\"https:\/\/www.cnhv.net\/wp-content\/uploads\/2021\/07\/Cartel-Virgen-del-Carmen-21-Rev1.jpg\"><img decoding=\"async\" loading=\"lazy\" class=\"aligncenter size-large wp-image-16169\" src=\"https:\/\/www.cnhv.net\/wp-content\/uploads\/2021\/07\/Cartel-Virgen-del-Carmen-21-Rev1-724x1024.jpg\" alt=\"\" width=\"640\" height=\"905\" srcset=\"https:\/\/old.cnhv.net\/wp-content\/uploads\/2021\/07\/Cartel-Virgen-del-Carmen-21-Rev1-724x1024.jpg 724w, https:\/\/old.cnhv.net\/wp-content\/uploads\/2021\/07\/Cartel-Virgen-del-Carmen-21-Rev1-212x300.jpg 212w, https:\/\/old.cnhv.net\/wp-content\/uploads\/2021\/07\/Cartel-Virgen-del-Carmen-21-Rev1-768x1086.jpg 768w, https:\/\/old.cnhv.net\/wp-content\/uploads\/2021\/07\/Cartel-Virgen-del-Carmen-21-Rev1-71x100.jpg 71w\" sizes=\"(max-width: 640px) 100vw, 640px\" \/><\/a><\/p>","protected":false},"excerpt":{"rendered":"<p>A pesar de las limitaciones por la COVID19&#8242;, hemos conseguido celebrar la festividad de la Virgen del Carmen, como siempre la afluencia del p\u00fablico en general ha sido m\u00e1s que [&hellip;] <a href=\"https:\/\/old.cnhv.net\/?page_id=17135\" rel=\"bookmark\">more<\/a><\/p>\n","protected":false},"author":1,"featured_media":0,"parent":10007,"menu_order":0,"comment_status":"closed","ping_status":"closed","template":"pg-tpl-no-sidebars.php","meta":{"ngg_post_thumbnail":0},"_links":{"self":[{"href":"https:\/\/old.cnhv.net\/index.php?rest_route=\/wp\/v2\/pages\/17135"}],"collection":[{"href":"https:\/\/old.cnhv.net\/index.php?rest_route=\/wp\/v2\/pages"}],"about":[{"href":"https:\/\/old.cnhv.net\/index.php?rest_route=\/wp\/v2\/types\/page"}],"author":[{"embeddable":true,"href":"https:\/\/old.cnhv.net\/index.php?rest_route=\/wp\/v2\/users\/1"}],"replies":[{"embeddable":true,"href":"https:\/\/old.cnhv.net\/index.php?rest_route=%2Fwp%2Fv2%2Fcomments&post=17135"}],"version-history":[{"count":2,"href":"https:\/\/old.cnhv.net\/index.php?rest_route=\/wp\/v2\/pages\/17135\/revisions"}],"predecessor-version":[{"id":17138,"href":"https:\/\/old.cnhv.net\/index.php?rest_route=\/wp\/v2\/pages\/17135\/revisions\/17138"}],"up":[{"embeddable":true,"href":"https:\/\/old.cnhv.net\/index.php?rest_route=\/wp\/v2\/pages\/10007"}],"wp:attachment":[{"href":"https:\/\/old.cnhv.net\/index.php?rest_route=%2Fwp%2Fv2%2Fmedia&parent=17135"}],"curies":[{"name":"wp","href":"https:\/\/api.w.org\/{rel}","templated":true}]}}