
{"id":17151,"date":"2022-01-10T17:34:08","date_gmt":"2022-01-10T17:34:08","guid":{"rendered":"https:\/\/www.cnhv.net\/?page_id=17151"},"modified":"2022-01-10T17:34:08","modified_gmt":"2022-01-10T17:34:08","slug":"v-trofeo-cnhv-pesca-submarina-19","status":"publish","type":"page","link":"https:\/\/old.cnhv.net\/?page_id=17151","title":{"rendered":"V TROFEO CNHV &#8211; PESCA SUBMARINA 19"},"content":{"rendered":"<p><\/p>\n<p class=\"p1\"><span class=\"s1\">Este s\u00e1bado 26 de octubre, celebramos en nuestras instalaciones, el V trofeo CNHV de Pesa Submarina, con una participaci\u00f3n de 6 equipos y un total de 18 participantes. Las condiciones fueron buenas a lo largo de toda la prueba que dur\u00f3 6 horas, la visibilidad bajo el agua de unos 5m i una temperatura del agua de unos 18\u00b0c.<\/span><\/p>\n<p class=\"p1\"><span class=\"s1\">En 1\u00aa posici\u00f3n el equipos del CASEP liderado por Erik Camino con un total de 39.580 puntos y la pieza mayor, un palomet\u00f3n de unos 10kg de peso<\/span><\/p>\n<p class=\"p1\"><span class=\"s1\"> En 2\u00aa posici\u00f3n el equipo del CNHV liderado por Manolo <\/span><span class=\"s1\">G\u00e1lvez con un total de 23.435 puntos<\/span><\/p>\n<p class=\"p1\"><span class=\"s1\">En 3r posici\u00f3n el equipo del CAS Marman liderado por Frank Roales con un total de 14.270 puntos. <\/span><\/p>\n<p class=\"p1\"><span class=\"s1\">Para finalizar terminamos con una barbacoa con la mejor compa\u00f1\u00eda posible. Dar las gracias a nuestro club para facilitarnos poder celebrar una fiesta como esta, y a los dem\u00e1s participantes por asistir y hacer este trofeo posible<\/span><\/p>\n<p><a href=\"https:\/\/youtu.be\/UvOK5PHUon0\">Ver documental TV Vandell\u00f2s<\/a><\/p>\nngg_shortcode_0_placeholder\n<p><a href=\"https:\/\/www.cnhv.net\/wp-content\/uploads\/2019\/10\/IMG-20191017-WA0001.jpg\"><img decoding=\"async\" loading=\"lazy\" class=\"aligncenter size-full wp-image-15428\" src=\"https:\/\/www.cnhv.net\/wp-content\/uploads\/2019\/10\/IMG-20191017-WA0001.jpg\" alt=\"\" width=\"694\" height=\"899\" srcset=\"https:\/\/old.cnhv.net\/wp-content\/uploads\/2019\/10\/IMG-20191017-WA0001.jpg 694w, https:\/\/old.cnhv.net\/wp-content\/uploads\/2019\/10\/IMG-20191017-WA0001-232x300.jpg 232w, https:\/\/old.cnhv.net\/wp-content\/uploads\/2019\/10\/IMG-20191017-WA0001-77x100.jpg 77w\" sizes=\"(max-width: 694px) 100vw, 694px\" \/><\/a><\/p>\n<div class=\"wp-menu-arrow\">\n<div>&nbsp;<\/div>\n<\/div>\n<div class=\"wp-menu-image dashicons-before dashicons-admin-media\">&nbsp;<\/div>\n<div class=\"wp-menu-name\">Medios<\/div>\n<p>&nbsp;<\/p>","protected":false},"excerpt":{"rendered":"<p>Este s\u00e1bado 26 de octubre, celebramos en nuestras instalaciones, el V trofeo CNHV de Pesa Submarina, con una participaci\u00f3n de 6 equipos y un total de 18 participantes. Las condiciones [&hellip;] <a href=\"https:\/\/old.cnhv.net\/?page_id=17151\" rel=\"bookmark\">more<\/a><\/p>\n","protected":false},"author":1,"featured_media":0,"parent":17149,"menu_order":2,"comment_status":"closed","ping_status":"closed","template":"pg-tpl-no-sidebars.php","meta":{"ngg_post_thumbnail":0},"_links":{"self":[{"href":"https:\/\/old.cnhv.net\/index.php?rest_route=\/wp\/v2\/pages\/17151"}],"collection":[{"href":"https:\/\/old.cnhv.net\/index.php?rest_route=\/wp\/v2\/pages"}],"about":[{"href":"https:\/\/old.cnhv.net\/index.php?rest_route=\/wp\/v2\/types\/page"}],"author":[{"embeddable":true,"href":"https:\/\/old.cnhv.net\/index.php?rest_route=\/wp\/v2\/users\/1"}],"replies":[{"embeddable":true,"href":"https:\/\/old.cnhv.net\/index.php?rest_route=%2Fwp%2Fv2%2Fcomments&post=17151"}],"version-history":[{"count":1,"href":"https:\/\/old.cnhv.net\/index.php?rest_route=\/wp\/v2\/pages\/17151\/revisions"}],"predecessor-version":[{"id":17152,"href":"https:\/\/old.cnhv.net\/index.php?rest_route=\/wp\/v2\/pages\/17151\/revisions\/17152"}],"up":[{"embeddable":true,"href":"https:\/\/old.cnhv.net\/index.php?rest_route=\/wp\/v2\/pages\/17149"}],"wp:attachment":[{"href":"https:\/\/old.cnhv.net\/index.php?rest_route=%2Fwp%2Fv2%2Fmedia&parent=17151"}],"curies":[{"name":"wp","href":"https:\/\/api.w.org\/{rel}","templated":true}]}}