
{"id":17153,"date":"2022-01-10T17:37:51","date_gmt":"2022-01-10T17:37:51","guid":{"rendered":"https:\/\/www.cnhv.net\/?page_id=17153"},"modified":"2022-01-10T17:37:51","modified_gmt":"2022-01-10T17:37:51","slug":"cto-cataluna-individual-pesca-submarina-2019","status":"publish","type":"page","link":"https:\/\/old.cnhv.net\/?page_id=17153","title":{"rendered":"Cto. Catalu\u00f1a individual Pesca Submarina 2019"},"content":{"rendered":"<p>1a MANGA DEL CAMPEONATO DE CATALU\u00d1A INDIVIDUAL DE PESCA SUBMARINA.<br \/>\nHoy, s\u00e1bado 18 de mayo, se celebr\u00f3 en aguas de Palam\u00f3s la primera prueba del campeonato Catal\u00e1n.<\/p>\n<p>La zona escogida para esta prueba estaba comprendida entre la Platja de Sant Pol y la Platja Cala Rovira.<br \/>\nLa prueba fue complicada durante toda la jornada, con lluvias, aguas fr\u00edas, poca visibilidad y un fuerte mar de fondo.<br \/>\nFinalizado el pesaje, el vencedor de esta 1\u00aa manga fue el pescador del Skaphos Oscar Hidalgo con un total de 19.580pts.<br \/>\nLa segunda posici\u00f3n fue para el pescador del CNHV Eloy Mart\u00ednez con un total de 17.825pts.<br \/>\nTercero fue el pescador del Spas Xavi Blanco con un total de 11.160pts.<br \/>\nLa pieza mayor fue un hermoso mero de algo m\u00e1s de 4 kilos capturado por el pescador del Skaphos Alberto Ardanaz.<br \/>\nLos otros dos representantes del CNHV Carlos Pag\u00e1 y Jordi Pereira clasificaron en la 7 y 8 posici\u00f3n respectivamente.<br \/>\nDesde el club queremos felicitar a todos los participantes, a nuestros socios asistentes a esta prueba y en especial a nuestro campe\u00f3n Eloy Mart\u00ednez, que regresaba a la competici\u00f3n despu\u00e9s de un a\u00f1o sin competir tras sufrir una lesi\u00f3n.<\/p>\n<div>&nbsp;<\/div>\n<div>2\u00ba Manga<\/div>\n<div>Oscar Hidalgo del club Skaphos, nuevo campe\u00f3n de Catalu\u00f1a de pesca submarina 2019.<br \/>\nEl segundo clasificado fue el pescador del Spas Xavi Blanco y el tercer clasificado fue el pescador del CNHV Eloy Mart\u00ednez.<br \/>\nDesde el Club N\u00e0utic Hospitalet Vandell\u00f2s damos la enhorabuena a todos los participantes y al nuevo campe\u00f3n&#8230;!!!<\/div>\n<p>ngg_shortcode_0_placeholder1\u00aa MANGA DEL CAMPEONATO DE CATALU\u00d1A INDIVIDUAL DE PESCA SUBMARINA.<br \/>\n<\/p>","protected":false},"excerpt":{"rendered":"<p>1a MANGA DEL CAMPEONATO DE CATALU\u00d1A INDIVIDUAL DE PESCA SUBMARINA. Hoy, s\u00e1bado 18 de mayo, se celebr\u00f3 en aguas de Palam\u00f3s la primera prueba del campeonato Catal\u00e1n. La zona escogida [&hellip;] <a href=\"https:\/\/old.cnhv.net\/?page_id=17153\" rel=\"bookmark\">more<\/a><\/p>\n","protected":false},"author":1,"featured_media":0,"parent":17149,"menu_order":0,"comment_status":"closed","ping_status":"closed","template":"pg-tpl-no-sidebars.php","meta":{"ngg_post_thumbnail":0},"_links":{"self":[{"href":"https:\/\/old.cnhv.net\/index.php?rest_route=\/wp\/v2\/pages\/17153"}],"collection":[{"href":"https:\/\/old.cnhv.net\/index.php?rest_route=\/wp\/v2\/pages"}],"about":[{"href":"https:\/\/old.cnhv.net\/index.php?rest_route=\/wp\/v2\/types\/page"}],"author":[{"embeddable":true,"href":"https:\/\/old.cnhv.net\/index.php?rest_route=\/wp\/v2\/users\/1"}],"replies":[{"embeddable":true,"href":"https:\/\/old.cnhv.net\/index.php?rest_route=%2Fwp%2Fv2%2Fcomments&post=17153"}],"version-history":[{"count":1,"href":"https:\/\/old.cnhv.net\/index.php?rest_route=\/wp\/v2\/pages\/17153\/revisions"}],"predecessor-version":[{"id":17155,"href":"https:\/\/old.cnhv.net\/index.php?rest_route=\/wp\/v2\/pages\/17153\/revisions\/17155"}],"up":[{"embeddable":true,"href":"https:\/\/old.cnhv.net\/index.php?rest_route=\/wp\/v2\/pages\/17149"}],"wp:attachment":[{"href":"https:\/\/old.cnhv.net\/index.php?rest_route=%2Fwp%2Fv2%2Fmedia&parent=17153"}],"curies":[{"name":"wp","href":"https:\/\/api.w.org\/{rel}","templated":true}]}}