
{"id":17167,"date":"2022-01-10T18:05:46","date_gmt":"2022-01-10T18:05:46","guid":{"rendered":"https:\/\/www.cnhv.net\/?page_id=17167"},"modified":"2022-01-10T18:13:17","modified_gmt":"2022-01-10T18:13:17","slug":"travesia-del-port-a-nado-2019","status":"publish","type":"page","link":"https:\/\/old.cnhv.net\/?page_id=17167","title":{"rendered":"Traves\u00eda del Port a nado 2019"},"content":{"rendered":"<p>Un a\u00f1o m\u00e1s se ha celebrado la 38 \u00aa edici\u00f3n de la traves\u00eda del Port a nado y a la 6\u00aa Milla N\u00e1utica, dentro del programa de Fiestas de l&#8217;Hospitalet de l&#8217;Infant, hemos contado con un d\u00eda espl\u00e9ndido el mar bastante plano.<\/p>\n<p>Agradecer la participaci\u00f3n&nbsp; de todos ya que sois los verdaderos protagonistas.<\/p>\n<p>Documental ofrecido por TVV<\/p>\n<div style=\"width: 640px;\" class=\"wp-video\"><!--[if lt IE 9]><script>document.createElement('video');<\/script><![endif]-->\n<video class=\"wp-video-shortcode\" id=\"video-17167-1\" width=\"640\" height=\"360\" preload=\"metadata\" controls=\"controls\"><source type=\"video\/mp4\" src=\"https:\/\/www.cnhv.net\/wp-content\/uploads\/2019\/07\/Travesi\u0301a-port-2019.mp4?_=1\" \/><a href=\"https:\/\/www.cnhv.net\/wp-content\/uploads\/2019\/07\/Travesi\u0301a-port-2019.mp4\">https:\/\/www.cnhv.net\/wp-content\/uploads\/2019\/07\/Travesi\u0301a-port-2019.mp4<\/a><\/video><\/div>\n<p><a href=\"https:\/\/photos.app.goo.gl\/x6cyFRYRyQuk5YGP8\">Ver fotos Milla n\u00e1utic<\/a>a<\/p>\n<p><a href=\"https:\/\/photos.app.goo.gl\/vsmVkEjnqBk1kWJK9\">Ver fotos diferentes pruebas<\/a><\/p>\n<p><a href=\"https:\/\/photos.app.goo.gl\/gohk1cc9Rk97RFkbA\">Ver fotos ganadores<\/a><\/p>\n<p><a href=\"https:\/\/www.cnhv.net\/wp-content\/uploads\/2019\/07\/Milla-Nautica.pdf\" class=\"mtli_attachment mtli_pdf\">Clasificaci\u00f3n Milla Nautica<\/a><\/p>\n<p><a href=\"https:\/\/www.cnhv.net\/wp-content\/uploads\/2019\/07\/Clasificacio\u0301n-Peques.pdf\" class=\"mtli_attachment mtli_pdf\">Clasificacio\u0301n Peques<\/a><\/p>\n<p><a href=\"https:\/\/www.cnhv.net\/wp-content\/uploads\/2019\/07\/Clasificacio\u0301n-Infantil-Cadete-y-Juvenil.pdf\" class=\"mtli_attachment mtli_pdf\">Clasificacio\u0301n Infantil Cadete y Juvenil<\/a><\/p>\n<p><a href=\"https:\/\/www.cnhv.net\/wp-content\/uploads\/2019\/07\/Clasificacio\u0301n-Master-1-y-2.pdf\" class=\"mtli_attachment mtli_pdf\">Clasificacio\u0301n Master 1 y 2<\/a><\/p>\n<p>&nbsp;<\/p>\n<p>&nbsp;<\/p>\n<p><a href=\"https:\/\/www.cnhv.net\/wp-content\/uploads\/2019\/07\/Cartel-Travessia-port-2019-web2.jpg\"><img decoding=\"async\" loading=\"lazy\" class=\"aligncenter size-full wp-image-15059\" src=\"https:\/\/www.cnhv.net\/wp-content\/uploads\/2019\/07\/Cartel-Travessia-port-2019-web2.jpg\" alt=\"\" width=\"1200\" height=\"1697\" srcset=\"https:\/\/old.cnhv.net\/wp-content\/uploads\/2019\/07\/Cartel-Travessia-port-2019-web2.jpg 1200w, https:\/\/old.cnhv.net\/wp-content\/uploads\/2019\/07\/Cartel-Travessia-port-2019-web2-212x300.jpg 212w, https:\/\/old.cnhv.net\/wp-content\/uploads\/2019\/07\/Cartel-Travessia-port-2019-web2-768x1086.jpg 768w, https:\/\/old.cnhv.net\/wp-content\/uploads\/2019\/07\/Cartel-Travessia-port-2019-web2-724x1024.jpg 724w, https:\/\/old.cnhv.net\/wp-content\/uploads\/2019\/07\/Cartel-Travessia-port-2019-web2-71x100.jpg 71w\" sizes=\"(max-width: 1200px) 100vw, 1200px\" \/><\/a><\/p>","protected":false},"excerpt":{"rendered":"<p>Un a\u00f1o m\u00e1s se ha celebrado la 38 \u00aa edici\u00f3n de la traves\u00eda del Port a nado y a la 6\u00aa Milla N\u00e1utica, dentro del programa de Fiestas de l&#8217;Hospitalet [&hellip;] <a href=\"https:\/\/old.cnhv.net\/?page_id=17167\" rel=\"bookmark\">more<\/a><\/p>\n","protected":false},"author":1,"featured_media":0,"parent":17174,"menu_order":2,"comment_status":"closed","ping_status":"closed","template":"pg-tpl-no-sidebars.php","meta":{"ngg_post_thumbnail":0},"_links":{"self":[{"href":"https:\/\/old.cnhv.net\/index.php?rest_route=\/wp\/v2\/pages\/17167"}],"collection":[{"href":"https:\/\/old.cnhv.net\/index.php?rest_route=\/wp\/v2\/pages"}],"about":[{"href":"https:\/\/old.cnhv.net\/index.php?rest_route=\/wp\/v2\/types\/page"}],"author":[{"embeddable":true,"href":"https:\/\/old.cnhv.net\/index.php?rest_route=\/wp\/v2\/users\/1"}],"replies":[{"embeddable":true,"href":"https:\/\/old.cnhv.net\/index.php?rest_route=%2Fwp%2Fv2%2Fcomments&post=17167"}],"version-history":[{"count":1,"href":"https:\/\/old.cnhv.net\/index.php?rest_route=\/wp\/v2\/pages\/17167\/revisions"}],"predecessor-version":[{"id":17168,"href":"https:\/\/old.cnhv.net\/index.php?rest_route=\/wp\/v2\/pages\/17167\/revisions\/17168"}],"up":[{"embeddable":true,"href":"https:\/\/old.cnhv.net\/index.php?rest_route=\/wp\/v2\/pages\/17174"}],"wp:attachment":[{"href":"https:\/\/old.cnhv.net\/index.php?rest_route=%2Fwp%2Fv2%2Fmedia&parent=17167"}],"curies":[{"name":"wp","href":"https:\/\/api.w.org\/{rel}","templated":true}]}}