
{"id":17172,"date":"2022-01-10T18:07:31","date_gmt":"2022-01-10T18:07:31","guid":{"rendered":"https:\/\/www.cnhv.net\/?page_id=17172"},"modified":"2022-01-10T18:12:50","modified_gmt":"2022-01-10T18:12:50","slug":"23-jornada-ecologica-2019","status":"publish","type":"page","link":"https:\/\/old.cnhv.net\/?page_id=17172","title":{"rendered":"23 Jornada Ecol\u00f3gica 2019"},"content":{"rendered":"<p><span style=\"color: #333300;\">El d\u00eda se ha presentado cargado de nubes y amenaza de tormenta, al final solo ha quedado en amenaza, hemos contado con una treinta colaboradores 20 dentro del agua y el resto haciendo de apoyo en tierra. Se ha sacado desde una pasarela&nbsp; un m\u00f3vil&nbsp; un toldo entero de barco, alg\u00fan cabo que otro, defensas un trozo de tubo con pulpo como inquilino y entre todos los objetos siempre encontr\u00e1bamos alg\u00fan bichito que la hija de Lourdes con su amiga se encargaban de devolver al mar y lo no deseado, un water que intentaremos investigar el origen.<\/span><\/p>\n<p><span style=\"color: #333300;\">Hemos llegado a la jornada&nbsp; 23, seguimos con el mismo esp\u00edritu de conservar un puerto limpio y sensibilizar a todos los usuarios&nbsp; de que esto es una labor de todos y que con peque\u00f1os gestos lo podemos conseguir.&nbsp;&nbsp;<\/span><\/p>\n<p><span style=\"color: #333300;\">Al finalizar la jornada hemos compartido una barbacoa y la entrega de los premios&nbsp; acompa\u00f1ados por el Concejal de Esport Diego Garc\u00eda el Presidente del CNHV LLu\u00eds Coll y la vocal de Sociales Gloria Palac\u00edn. Objeto m\u00e1s peculiar a Eric Montaner y el m\u00e1s voluminoso a Pedro y Valent\u00edn, que por ser j\u00f3venes han podido sacarlo<\/span><\/p>\n<p><span style=\"color: #333300;\">Agradecer como siempre la colabora<\/span><span style=\"color: #333300;\">ci\u00f3n de la escuela de buceo Glup&#8217;s y Fons Mari<\/span><\/p>\n<p><a href=\"https:\/\/youtu.be\/aVQ1Y-bsglQ\">Ver reportaje TVV<\/a><\/p>\nngg_shortcode_0_placeholder\n<p><a href=\"https:\/\/www.cnhv.net\/wp-content\/uploads\/2019\/09\/cartel-jornada-ecolo\u0301gica-2019-web.jpg\"><img decoding=\"async\" loading=\"lazy\" class=\"aligncenter wp-image-15321 size-large\" src=\"https:\/\/www.cnhv.net\/wp-content\/uploads\/2019\/09\/cartel-jornada-ecolo\u0301gica-2019-web-724x1024.jpg\" alt=\"\" width=\"640\" height=\"905\" srcset=\"https:\/\/old.cnhv.net\/wp-content\/uploads\/2019\/09\/cartel-jornada-ecolo\u0301gica-2019-web-724x1024.jpg 724w, https:\/\/old.cnhv.net\/wp-content\/uploads\/2019\/09\/cartel-jornada-ecolo\u0301gica-2019-web-212x300.jpg 212w, https:\/\/old.cnhv.net\/wp-content\/uploads\/2019\/09\/cartel-jornada-ecolo\u0301gica-2019-web-768x1086.jpg 768w, https:\/\/old.cnhv.net\/wp-content\/uploads\/2019\/09\/cartel-jornada-ecolo\u0301gica-2019-web-71x100.jpg 71w, https:\/\/old.cnhv.net\/wp-content\/uploads\/2019\/09\/cartel-jornada-ecolo\u0301gica-2019-web.jpg 1200w\" sizes=\"(max-width: 640px) 100vw, 640px\" \/><\/a><\/p>","protected":false},"excerpt":{"rendered":"<p>El d\u00eda se ha presentado cargado de nubes y amenaza de tormenta, al final solo ha quedado en amenaza, hemos contado con una treinta colaboradores 20 dentro del agua y [&hellip;] <a href=\"https:\/\/old.cnhv.net\/?page_id=17172\" rel=\"bookmark\">more<\/a><\/p>\n","protected":false},"author":1,"featured_media":0,"parent":17174,"menu_order":1,"comment_status":"closed","ping_status":"closed","template":"pg-tpl-no-sidebars.php","meta":{"ngg_post_thumbnail":0},"_links":{"self":[{"href":"https:\/\/old.cnhv.net\/index.php?rest_route=\/wp\/v2\/pages\/17172"}],"collection":[{"href":"https:\/\/old.cnhv.net\/index.php?rest_route=\/wp\/v2\/pages"}],"about":[{"href":"https:\/\/old.cnhv.net\/index.php?rest_route=\/wp\/v2\/types\/page"}],"author":[{"embeddable":true,"href":"https:\/\/old.cnhv.net\/index.php?rest_route=\/wp\/v2\/users\/1"}],"replies":[{"embeddable":true,"href":"https:\/\/old.cnhv.net\/index.php?rest_route=%2Fwp%2Fv2%2Fcomments&post=17172"}],"version-history":[{"count":1,"href":"https:\/\/old.cnhv.net\/index.php?rest_route=\/wp\/v2\/pages\/17172\/revisions"}],"predecessor-version":[{"id":17173,"href":"https:\/\/old.cnhv.net\/index.php?rest_route=\/wp\/v2\/pages\/17172\/revisions\/17173"}],"up":[{"embeddable":true,"href":"https:\/\/old.cnhv.net\/index.php?rest_route=\/wp\/v2\/pages\/17174"}],"wp:attachment":[{"href":"https:\/\/old.cnhv.net\/index.php?rest_route=%2Fwp%2Fv2%2Fmedia&parent=17172"}],"curies":[{"name":"wp","href":"https:\/\/api.w.org\/{rel}","templated":true}]}}