
{"id":17484,"date":"2022-06-08T21:09:12","date_gmt":"2022-06-08T21:09:12","guid":{"rendered":"https:\/\/www.cnhv.net\/?page_id=17484"},"modified":"2022-07-15T16:00:31","modified_gmt":"2022-07-15T16:00:31","slug":"seccion-de-vela-2022","status":"publish","type":"page","link":"https:\/\/old.cnhv.net\/?page_id=17484","title":{"rendered":"Escuela de Vela 2022"},"content":{"rendered":"<p><\/p>\n<p style=\"font-weight: 400;\">En la nueva web de la escuela podr\u00e9is encontrar todo tipo de actividades que realizar este verano.<\/p>\n<ul>\n<li style=\"font-weight: 400;\">Cursos de Vela Ligera: para ni\u00f1os\/as y adultos, por las ma\u00f1anas o por las tardes, t\u00fa decides cu\u00e1l es el producto que m\u00e1s te interesa.<\/li>\n<li style=\"font-weight: 400;\">Cursos de Windsurf: para todas las edades, distribuido en dos turnos, el primero enfocado a la inciciaci\u00f3n, el segundo para el perfeccionamiento.<\/li>\n<li style=\"font-weight: 400;\">Cursos de Catamar\u00e1n: nuevo producto, \u00a1no te quedes sin probar la experiencia del Hobie Cat 16!<\/li>\n<li style=\"font-weight: 400;\">Clases particulares, navega en familia\u2026 \u00a1Nos adaptamos a ti!<\/li>\n<li style=\"font-weight: 400;\">\u00bfNecesitas servicio de acogida de 9 a 10? \u00a1Contr\u00e1talo!<\/li>\n<\/ul>\n<p style=\"font-weight: 400;\">&nbsp;<\/p>\n<p style=\"font-weight: 400;\">\u00a1Consulta disponibilidad, tarifas, descuentos y m\u00e1s informaci\u00f3n en la web!<\/p>\n<p style=\"font-weight: 400;\"><span style=\"color: #0000ff;\"><a style=\"color: #0000ff;\" href=\"http:\/\/www.escuelavela.cnhv.net\/\" data-saferedirecturl=\"https:\/\/www.google.com\/url?q=http:\/\/www.escuelavela.cnhv.net&amp;source=gmail&amp;ust=1653920655250000&amp;usg=AOvVaw2lqZGt3rPABGoITFTOPnFI\"><span style=\"font-size: 16pt;\">www.escuelavela.cnhv.net<\/span><\/a><\/span><\/p>\n<p><a href=\"https:\/\/www.cnhv.net\/wp-content\/uploads\/2022\/05\/Poster-actividades-escuela-vela-.jpg\"><img decoding=\"async\" loading=\"lazy\" class=\"aligncenter size-full wp-image-17457\" src=\"https:\/\/www.cnhv.net\/wp-content\/uploads\/2022\/05\/Poster-actividades-escuela-vela-.jpg\" alt=\"\" width=\"1000\" height=\"759\" srcset=\"https:\/\/old.cnhv.net\/wp-content\/uploads\/2022\/05\/Poster-actividades-escuela-vela-.jpg 1000w, https:\/\/old.cnhv.net\/wp-content\/uploads\/2022\/05\/Poster-actividades-escuela-vela--300x228.jpg 300w, https:\/\/old.cnhv.net\/wp-content\/uploads\/2022\/05\/Poster-actividades-escuela-vela--768x583.jpg 768w, https:\/\/old.cnhv.net\/wp-content\/uploads\/2022\/05\/Poster-actividades-escuela-vela--100x76.jpg 100w\" sizes=\"(max-width: 1000px) 100vw, 1000px\" \/><\/a><\/p>\n<p><div id=\"attachment_17455\" class=\"wp-caption aligncenter\" style=\"width: 648px\"><a href=\"https:\/\/www.cnhv.net\/wp-content\/uploads\/2022\/05\/2019-09-08-11.24.33.jpg\"><img decoding=\"async\" loading=\"lazy\" class=\"size-large wp-image-17455\" src=\"https:\/\/www.cnhv.net\/wp-content\/uploads\/2022\/05\/2019-09-08-11.24.33-1024x768.jpg\" alt=\"\" width=\"640\" height=\"480\" srcset=\"https:\/\/old.cnhv.net\/wp-content\/uploads\/2022\/05\/2019-09-08-11.24.33-1024x768.jpg 1024w, https:\/\/old.cnhv.net\/wp-content\/uploads\/2022\/05\/2019-09-08-11.24.33-300x225.jpg 300w, https:\/\/old.cnhv.net\/wp-content\/uploads\/2022\/05\/2019-09-08-11.24.33-768x576.jpg 768w, https:\/\/old.cnhv.net\/wp-content\/uploads\/2022\/05\/2019-09-08-11.24.33-100x75.jpg 100w\" sizes=\"(max-width: 640px) 100vw, 640px\" \/><\/a><p class=\"wp-caption-text\">OLYMPUS DIGITAL CAMERA<\/p><\/div><\/p>","protected":false},"excerpt":{"rendered":"<p>En la nueva web de la escuela podr\u00e9is encontrar todo tipo de actividades que realizar este verano. Cursos de Vela Ligera: para ni\u00f1os\/as y adultos, por las ma\u00f1anas o por [&hellip;] <a href=\"https:\/\/old.cnhv.net\/?page_id=17484\" rel=\"bookmark\">more<\/a><\/p>\n","protected":false},"author":1,"featured_media":0,"parent":14933,"menu_order":0,"comment_status":"closed","ping_status":"closed","template":"pg-tpl-no-sidebars.php","meta":{"ngg_post_thumbnail":0},"_links":{"self":[{"href":"https:\/\/old.cnhv.net\/index.php?rest_route=\/wp\/v2\/pages\/17484"}],"collection":[{"href":"https:\/\/old.cnhv.net\/index.php?rest_route=\/wp\/v2\/pages"}],"about":[{"href":"https:\/\/old.cnhv.net\/index.php?rest_route=\/wp\/v2\/types\/page"}],"author":[{"embeddable":true,"href":"https:\/\/old.cnhv.net\/index.php?rest_route=\/wp\/v2\/users\/1"}],"replies":[{"embeddable":true,"href":"https:\/\/old.cnhv.net\/index.php?rest_route=%2Fwp%2Fv2%2Fcomments&post=17484"}],"version-history":[{"count":12,"href":"https:\/\/old.cnhv.net\/index.php?rest_route=\/wp\/v2\/pages\/17484\/revisions"}],"predecessor-version":[{"id":17620,"href":"https:\/\/old.cnhv.net\/index.php?rest_route=\/wp\/v2\/pages\/17484\/revisions\/17620"}],"up":[{"embeddable":true,"href":"https:\/\/old.cnhv.net\/index.php?rest_route=\/wp\/v2\/pages\/14933"}],"wp:attachment":[{"href":"https:\/\/old.cnhv.net\/index.php?rest_route=%2Fwp%2Fv2%2Fmedia&parent=17484"}],"curies":[{"name":"wp","href":"https:\/\/api.w.org\/{rel}","templated":true}]}}