
{"id":17623,"date":"2022-07-15T15:11:49","date_gmt":"2022-07-15T15:11:49","guid":{"rendered":"https:\/\/www.cnhv.net\/?page_id=17623"},"modified":"2022-07-15T15:11:49","modified_gmt":"2022-07-15T15:11:49","slug":"primer-proyecto-de-vela-inclusiva","status":"publish","type":"page","link":"https:\/\/old.cnhv.net\/?page_id=17623","title":{"rendered":"Primer proyecto de Vela Inclusiva"},"content":{"rendered":"<p>&nbsp;<\/p>\n<p>Este a\u00f1o el Club N\u00e0utic Hospitalet-Vandell\u00f2s, junto a la asociaci\u00f3n EstemAqui, han programado su primer proyecto de Vela Inclusiva, \u00a1el cual ha sido todo un \u00e9xito!<\/p>\n<p>Los alumnos del grupo EstemAqui, han participado en actividades de vela, kayak, concienciaci\u00f3n y recogida de residuos en la playa&nbsp;y talleres de manualidades. Junto a uno magn\u00edficos monitores, Emma Rosales y Arnau Roca, se lo han pasado s\u00faper bien.<\/p>\n<p>La asociaci\u00f3n EstemAqui, es una asociaci\u00f3n del Ayuntamiento de Vandell\u00f2s i l&#8217;Hospitalet de l&#8217;Infant, y tiene los objetivos de: Visibilizar, sensibilizar y dar voz a los ni\u00f1os con diferentes discapacidades de nuestro entorno. Promover toda clase de actividades relacionadas con el asesoramiento, asistencia e informaci\u00f3n a las familias. Ofrecer un espacio f\u00edsico para realizar terapias grupales y charlas. Colaborar con las diferentes AMPA de las escuelas e instituciones de nuestro entorno.<\/p>\n<p>Desde el Club N\u00e0utic Hospitalet-Vandell\u00f2s estamos muy contentos del resultado de esta colaboraci\u00f3n y esperamos que sea la primera de muchas colaboraciones como esta.<\/p>\n<p>Tenemos que agradecer el apoyo del Ajuntament de Vandell\u00f2s i l&#8217;Hospitalet de l&#8217;Infant, as\u00ed como nuestro principal patrocinador Orkla, sin los cuales estos proyectos no ser\u00edan posibles.<\/p>\n<table>\n<tbody>\n<tr>\n<td><a href=\"https:\/\/www.cnhv.net\/wp-content\/uploads\/2022\/07\/CNHV-Post-instagram-7.png\"><img decoding=\"async\" loading=\"lazy\" class=\"aligncenter size-large wp-image-17594\" src=\"https:\/\/www.cnhv.net\/wp-content\/uploads\/2022\/07\/CNHV-Post-instagram-7-1024x1024.png\" alt=\"\" width=\"640\" height=\"640\" srcset=\"https:\/\/old.cnhv.net\/wp-content\/uploads\/2022\/07\/CNHV-Post-instagram-7-1024x1024.png 1024w, https:\/\/old.cnhv.net\/wp-content\/uploads\/2022\/07\/CNHV-Post-instagram-7-150x150.png 150w, https:\/\/old.cnhv.net\/wp-content\/uploads\/2022\/07\/CNHV-Post-instagram-7-300x300.png 300w, https:\/\/old.cnhv.net\/wp-content\/uploads\/2022\/07\/CNHV-Post-instagram-7-768x768.png 768w, https:\/\/old.cnhv.net\/wp-content\/uploads\/2022\/07\/CNHV-Post-instagram-7-100x100.png 100w, https:\/\/old.cnhv.net\/wp-content\/uploads\/2022\/07\/CNHV-Post-instagram-7-144x144.png 144w\" sizes=\"(max-width: 640px) 100vw, 640px\" \/><\/a><\/td>\n<td><a href=\"https:\/\/www.cnhv.net\/wp-content\/uploads\/2022\/07\/CNHV-Post-instagram-8.png\"><img decoding=\"async\" loading=\"lazy\" class=\"aligncenter size-large wp-image-17595\" src=\"https:\/\/www.cnhv.net\/wp-content\/uploads\/2022\/07\/CNHV-Post-instagram-8-1024x1024.png\" alt=\"\" width=\"640\" height=\"640\" srcset=\"https:\/\/old.cnhv.net\/wp-content\/uploads\/2022\/07\/CNHV-Post-instagram-8-1024x1024.png 1024w, https:\/\/old.cnhv.net\/wp-content\/uploads\/2022\/07\/CNHV-Post-instagram-8-150x150.png 150w, https:\/\/old.cnhv.net\/wp-content\/uploads\/2022\/07\/CNHV-Post-instagram-8-300x300.png 300w, https:\/\/old.cnhv.net\/wp-content\/uploads\/2022\/07\/CNHV-Post-instagram-8-768x768.png 768w, https:\/\/old.cnhv.net\/wp-content\/uploads\/2022\/07\/CNHV-Post-instagram-8-100x100.png 100w, https:\/\/old.cnhv.net\/wp-content\/uploads\/2022\/07\/CNHV-Post-instagram-8-144x144.png 144w\" sizes=\"(max-width: 640px) 100vw, 640px\" \/><\/a><\/td>\n<td><a href=\"https:\/\/www.cnhv.net\/wp-content\/uploads\/2022\/07\/CNHV-Post-instagram-9.png\"><img decoding=\"async\" loading=\"lazy\" class=\"aligncenter size-large wp-image-17596\" src=\"https:\/\/www.cnhv.net\/wp-content\/uploads\/2022\/07\/CNHV-Post-instagram-9-1024x1024.png\" alt=\"\" width=\"640\" height=\"640\" srcset=\"https:\/\/old.cnhv.net\/wp-content\/uploads\/2022\/07\/CNHV-Post-instagram-9-1024x1024.png 1024w, https:\/\/old.cnhv.net\/wp-content\/uploads\/2022\/07\/CNHV-Post-instagram-9-150x150.png 150w, https:\/\/old.cnhv.net\/wp-content\/uploads\/2022\/07\/CNHV-Post-instagram-9-300x300.png 300w, https:\/\/old.cnhv.net\/wp-content\/uploads\/2022\/07\/CNHV-Post-instagram-9-768x768.png 768w, https:\/\/old.cnhv.net\/wp-content\/uploads\/2022\/07\/CNHV-Post-instagram-9-100x100.png 100w, https:\/\/old.cnhv.net\/wp-content\/uploads\/2022\/07\/CNHV-Post-instagram-9-144x144.png 144w\" sizes=\"(max-width: 640px) 100vw, 640px\" \/><\/a><\/td>\n<td><a href=\"https:\/\/www.cnhv.net\/wp-content\/uploads\/2022\/07\/CNHV-Post-instagram-10.png\"><img decoding=\"async\" loading=\"lazy\" class=\"aligncenter size-large wp-image-17597\" src=\"https:\/\/www.cnhv.net\/wp-content\/uploads\/2022\/07\/CNHV-Post-instagram-10-1024x1024.png\" alt=\"\" width=\"640\" height=\"640\" srcset=\"https:\/\/old.cnhv.net\/wp-content\/uploads\/2022\/07\/CNHV-Post-instagram-10-1024x1024.png 1024w, https:\/\/old.cnhv.net\/wp-content\/uploads\/2022\/07\/CNHV-Post-instagram-10-150x150.png 150w, https:\/\/old.cnhv.net\/wp-content\/uploads\/2022\/07\/CNHV-Post-instagram-10-300x300.png 300w, https:\/\/old.cnhv.net\/wp-content\/uploads\/2022\/07\/CNHV-Post-instagram-10-768x768.png 768w, https:\/\/old.cnhv.net\/wp-content\/uploads\/2022\/07\/CNHV-Post-instagram-10-100x100.png 100w, https:\/\/old.cnhv.net\/wp-content\/uploads\/2022\/07\/CNHV-Post-instagram-10-144x144.png 144w\" sizes=\"(max-width: 640px) 100vw, 640px\" \/><\/a><\/td>\n<\/tr>\n<\/tbody>\n<\/table>\n<p><\/p>","protected":false},"excerpt":{"rendered":"<p>&nbsp; Este a\u00f1o el Club N\u00e0utic Hospitalet-Vandell\u00f2s, junto a la asociaci\u00f3n EstemAqui, han programado su primer proyecto de Vela Inclusiva, \u00a1el cual ha sido todo un \u00e9xito! Los alumnos del [&hellip;] <a href=\"https:\/\/old.cnhv.net\/?page_id=17623\" rel=\"bookmark\">more<\/a><\/p>\n","protected":false},"author":1,"featured_media":0,"parent":14933,"menu_order":4,"comment_status":"closed","ping_status":"closed","template":"pg-tpl-no-sidebars.php","meta":{"ngg_post_thumbnail":0},"_links":{"self":[{"href":"https:\/\/old.cnhv.net\/index.php?rest_route=\/wp\/v2\/pages\/17623"}],"collection":[{"href":"https:\/\/old.cnhv.net\/index.php?rest_route=\/wp\/v2\/pages"}],"about":[{"href":"https:\/\/old.cnhv.net\/index.php?rest_route=\/wp\/v2\/types\/page"}],"author":[{"embeddable":true,"href":"https:\/\/old.cnhv.net\/index.php?rest_route=\/wp\/v2\/users\/1"}],"replies":[{"embeddable":true,"href":"https:\/\/old.cnhv.net\/index.php?rest_route=%2Fwp%2Fv2%2Fcomments&post=17623"}],"version-history":[{"count":1,"href":"https:\/\/old.cnhv.net\/index.php?rest_route=\/wp\/v2\/pages\/17623\/revisions"}],"predecessor-version":[{"id":17624,"href":"https:\/\/old.cnhv.net\/index.php?rest_route=\/wp\/v2\/pages\/17623\/revisions\/17624"}],"up":[{"embeddable":true,"href":"https:\/\/old.cnhv.net\/index.php?rest_route=\/wp\/v2\/pages\/14933"}],"wp:attachment":[{"href":"https:\/\/old.cnhv.net\/index.php?rest_route=%2Fwp%2Fv2%2Fmedia&parent=17623"}],"curies":[{"name":"wp","href":"https:\/\/api.w.org\/{rel}","templated":true}]}}