
{"id":17625,"date":"2022-07-15T15:13:53","date_gmt":"2022-07-15T15:13:53","guid":{"rendered":"https:\/\/www.cnhv.net\/?page_id=17625"},"modified":"2022-09-29T15:20:22","modified_gmt":"2022-09-29T15:20:22","slug":"marina-day-2022","status":"publish","type":"page","link":"https:\/\/old.cnhv.net\/?page_id=17625","title":{"rendered":"Marina Day 2022"},"content":{"rendered":"<p><\/p>\n<p style=\"font-weight: 400;\"><span style=\"color: #0000ff; font-size: 16pt;\">El pr\u00f3ximo 11 de junio, promovido por la ACPET&nbsp;<a style=\"color: #0000ff;\" href=\"https:\/\/www.instagram.com\/portscatalunya\/\" data-saferedirecturl=\"https:\/\/www.google.com\/url?q=https:\/\/www.instagram.com\/portscatalunya\/&amp;source=gmail&amp;ust=1653920655185000&amp;usg=AOvVaw3dx0drzNEMv_HRoCivuzqE\">(Asociaci\u00f3<\/a>&nbsp;Catalana de Ports Esportius y Tur\u00edstics), se celebra una nueva edici\u00f3n de una jornada festiva para acercar a todos los ciudadanos a los puertos deportivos y el mar con un gran n\u00famero de actividades.<\/span><\/p>\n<p><span style=\"color: #0000ff; font-size: 16pt;\">El Club N\u00e0utic Hospitalet-Vandell\u00f2s abre sus puertas a una jornada de multiactividades, \u00a1\u00a1en donde podr\u00e1s participar en un bautizo de VELA, probar el SUP (p\u00e1del) y el KAYAK!!<\/span><\/p>\n<p><span style=\"color: #0000ff; font-size: 16pt;\">Por tan solo 10\u20ac podr\u00e1s apuntarte a la actividad que m\u00e1s ilusi\u00f3n te haga&#8230;o todas ellas!!!<\/span><\/p>\n<p><span style=\"color: #0000ff; font-size: 16pt;\">\u00a1\u00a1Ven y disfruta!! Te esperamos.<\/span><\/p>\n<p><span style=\"color: #0000ff; font-size: 16pt;\">Disponibilidad seg\u00fan orden de llegada.<\/span><\/p>\n<p style=\"font-weight: 400;\">&nbsp;<\/p>\n<p style=\"font-weight: 400;\">&nbsp;<\/p>\n<p><a href=\"https:\/\/www.cnhv.net\/wp-content\/uploads\/2022\/05\/CNHV-Marina-Day-2022.jpg\"><br \/>\n<img decoding=\"async\" loading=\"lazy\" class=\"aligncenter size-full wp-image-17460\" src=\"https:\/\/www.cnhv.net\/wp-content\/uploads\/2022\/05\/CNHV-Marina-Day-2022.jpg\" alt=\"\" width=\"800\" height=\"800\" srcset=\"https:\/\/old.cnhv.net\/wp-content\/uploads\/2022\/05\/CNHV-Marina-Day-2022.jpg 800w, https:\/\/old.cnhv.net\/wp-content\/uploads\/2022\/05\/CNHV-Marina-Day-2022-150x150.jpg 150w, https:\/\/old.cnhv.net\/wp-content\/uploads\/2022\/05\/CNHV-Marina-Day-2022-300x300.jpg 300w, https:\/\/old.cnhv.net\/wp-content\/uploads\/2022\/05\/CNHV-Marina-Day-2022-768x768.jpg 768w, https:\/\/old.cnhv.net\/wp-content\/uploads\/2022\/05\/CNHV-Marina-Day-2022-100x100.jpg 100w, https:\/\/old.cnhv.net\/wp-content\/uploads\/2022\/05\/CNHV-Marina-Day-2022-144x144.jpg 144w\" sizes=\"(max-width: 800px) 100vw, 800px\" \/><\/a><\/p>","protected":false},"excerpt":{"rendered":"<p>El pr\u00f3ximo 11 de junio, promovido por la ACPET&nbsp;(Asociaci\u00f3&nbsp;Catalana de Ports Esportius y Tur\u00edstics), se celebra una nueva edici\u00f3n de una jornada festiva para acercar a todos los ciudadanos a [&hellip;] <a href=\"https:\/\/old.cnhv.net\/?page_id=17625\" rel=\"bookmark\">more<\/a><\/p>\n","protected":false},"author":1,"featured_media":0,"parent":14933,"menu_order":3,"comment_status":"closed","ping_status":"closed","template":"pg-tpl-no-sidebars.php","meta":{"ngg_post_thumbnail":0},"_links":{"self":[{"href":"https:\/\/old.cnhv.net\/index.php?rest_route=\/wp\/v2\/pages\/17625"}],"collection":[{"href":"https:\/\/old.cnhv.net\/index.php?rest_route=\/wp\/v2\/pages"}],"about":[{"href":"https:\/\/old.cnhv.net\/index.php?rest_route=\/wp\/v2\/types\/page"}],"author":[{"embeddable":true,"href":"https:\/\/old.cnhv.net\/index.php?rest_route=\/wp\/v2\/users\/1"}],"replies":[{"embeddable":true,"href":"https:\/\/old.cnhv.net\/index.php?rest_route=%2Fwp%2Fv2%2Fcomments&post=17625"}],"version-history":[{"count":1,"href":"https:\/\/old.cnhv.net\/index.php?rest_route=\/wp\/v2\/pages\/17625\/revisions"}],"predecessor-version":[{"id":17626,"href":"https:\/\/old.cnhv.net\/index.php?rest_route=\/wp\/v2\/pages\/17625\/revisions\/17626"}],"up":[{"embeddable":true,"href":"https:\/\/old.cnhv.net\/index.php?rest_route=\/wp\/v2\/pages\/14933"}],"wp:attachment":[{"href":"https:\/\/old.cnhv.net\/index.php?rest_route=%2Fwp%2Fv2%2Fmedia&parent=17625"}],"curies":[{"name":"wp","href":"https:\/\/api.w.org\/{rel}","templated":true}]}}