
{"id":17627,"date":"2022-07-15T15:16:00","date_gmt":"2022-07-15T15:16:00","guid":{"rendered":"https:\/\/www.cnhv.net\/?page_id=17627"},"modified":"2022-07-15T15:16:09","modified_gmt":"2022-07-15T15:16:09","slug":"campeonato-mundial-2022-finn-gold-cup","status":"publish","type":"page","link":"https:\/\/old.cnhv.net\/?page_id=17627","title":{"rendered":"Campeonato mundial 2022 Finn Gold Cup"},"content":{"rendered":"<p>El Club N\u00e0utic Hospitalet-Vandell\u00f2s ha sido representado en el campeonato mundial 2022 Finn Gold Cup, del 15 al 21 de mayo en el lago de Garda (Italia) por los regatistas David Terol y Roque Terol.<\/p>\n<p>El campeonato empez\u00f3 sorprendiendo a todo el mundo con un primer d\u00eda sin viento suficiente para iniciar las pruebas, pero el resto de d\u00edas el lago de Garda cumpli\u00f3 con su fama, con condiciones de viento intenso y muy rol\u00f3n, no fueron d\u00edas f\u00e1ciles para los regatistas.<\/p>\n<p>David Terol logr\u00f3 finalizar 13o del mundial, rascando su objetivo de terminar top10 del campeonato, por desgracia, un fuera de l\u00ednea en las primeras pruebas, que ya le sentenciaba el \u00fanico descarte del campeonato, le impidi\u00f3 arriesgar m\u00e1s en el resto de la regata.<\/p>\n<p>Por su parte Roque Terol, que se estaba recuperando de una lesi\u00f3n, realiz\u00f3 un digno campeonato finaliz\u00f3 59o de la clasificaci\u00f3n (4o espa\u00f1ol) de un total de 110 participantes.<\/p>\n<p>El siguiente objetivo de estos experimentados regatistas es preparar los campeonatos organizados en aguas de Hospitalet de l&#8217;Infant el pr\u00f3ximo septiembre. Del 9 al 11 de Septiembre se celebrar\u00e1 en el Club N\u00e0utic Hospitalet-Vandell\u00f2s el Campeonato de Espa\u00f1a Finn 2022, y del 13 al 17 de Septiembre el 2022 Finn European Masters.<\/p>\n<table>\n<tbody>\n<tr>\n<td><a href=\"https:\/\/www.cnhv.net\/wp-content\/uploads\/2022\/05\/202205192022-Finn-Gold-Cup-Malcesine-Pic-Robert-Deaves-RS1A7414.jpg\"><img decoding=\"async\" loading=\"lazy\" class=\"aligncenter size-large wp-image-17435\" src=\"https:\/\/www.cnhv.net\/wp-content\/uploads\/2022\/05\/202205192022-Finn-Gold-Cup-Malcesine-Pic-Robert-Deaves-RS1A7414-1024x683.jpg\" alt=\"\" width=\"640\" height=\"427\" srcset=\"https:\/\/old.cnhv.net\/wp-content\/uploads\/2022\/05\/202205192022-Finn-Gold-Cup-Malcesine-Pic-Robert-Deaves-RS1A7414-1024x683.jpg 1024w, https:\/\/old.cnhv.net\/wp-content\/uploads\/2022\/05\/202205192022-Finn-Gold-Cup-Malcesine-Pic-Robert-Deaves-RS1A7414-300x200.jpg 300w, https:\/\/old.cnhv.net\/wp-content\/uploads\/2022\/05\/202205192022-Finn-Gold-Cup-Malcesine-Pic-Robert-Deaves-RS1A7414-768x512.jpg 768w, https:\/\/old.cnhv.net\/wp-content\/uploads\/2022\/05\/202205192022-Finn-Gold-Cup-Malcesine-Pic-Robert-Deaves-RS1A7414-100x67.jpg 100w, https:\/\/old.cnhv.net\/wp-content\/uploads\/2022\/05\/202205192022-Finn-Gold-Cup-Malcesine-Pic-Robert-Deaves-RS1A7414.jpg 1200w\" sizes=\"(max-width: 640px) 100vw, 640px\" \/><\/a><\/td>\n<td><a href=\"https:\/\/www.cnhv.net\/wp-content\/uploads\/2022\/05\/202205202022-Finn-Gold-Cup-Malcesine-Pic-Robert-Deaves-RS1A2286.jpg\"><img decoding=\"async\" loading=\"lazy\" class=\"aligncenter wp-image-17438 size-large\" src=\"https:\/\/www.cnhv.net\/wp-content\/uploads\/2022\/05\/202205202022-Finn-Gold-Cup-Malcesine-Pic-Robert-Deaves-RS1A2286-1024x683.jpg\" alt=\"\" width=\"640\" height=\"427\" srcset=\"https:\/\/old.cnhv.net\/wp-content\/uploads\/2022\/05\/202205202022-Finn-Gold-Cup-Malcesine-Pic-Robert-Deaves-RS1A2286-1024x683.jpg 1024w, https:\/\/old.cnhv.net\/wp-content\/uploads\/2022\/05\/202205202022-Finn-Gold-Cup-Malcesine-Pic-Robert-Deaves-RS1A2286-300x200.jpg 300w, https:\/\/old.cnhv.net\/wp-content\/uploads\/2022\/05\/202205202022-Finn-Gold-Cup-Malcesine-Pic-Robert-Deaves-RS1A2286-768x512.jpg 768w, https:\/\/old.cnhv.net\/wp-content\/uploads\/2022\/05\/202205202022-Finn-Gold-Cup-Malcesine-Pic-Robert-Deaves-RS1A2286-100x67.jpg 100w, https:\/\/old.cnhv.net\/wp-content\/uploads\/2022\/05\/202205202022-Finn-Gold-Cup-Malcesine-Pic-Robert-Deaves-RS1A2286.jpg 1200w\" sizes=\"(max-width: 640px) 100vw, 640px\" \/><\/a><\/td>\n<td><a href=\"https:\/\/www.cnhv.net\/wp-content\/uploads\/2022\/05\/202205192022-Finn-Gold-Cup-Malcesine-Pic-Robert-Deaves-RS1A7464.jpg\"><img decoding=\"async\" loading=\"lazy\" class=\"aligncenter wp-image-17436 size-large\" src=\"https:\/\/www.cnhv.net\/wp-content\/uploads\/2022\/05\/202205192022-Finn-Gold-Cup-Malcesine-Pic-Robert-Deaves-RS1A7464-1024x683.jpg\" alt=\"\" width=\"640\" height=\"427\" srcset=\"https:\/\/old.cnhv.net\/wp-content\/uploads\/2022\/05\/202205192022-Finn-Gold-Cup-Malcesine-Pic-Robert-Deaves-RS1A7464-1024x683.jpg 1024w, https:\/\/old.cnhv.net\/wp-content\/uploads\/2022\/05\/202205192022-Finn-Gold-Cup-Malcesine-Pic-Robert-Deaves-RS1A7464-300x200.jpg 300w, https:\/\/old.cnhv.net\/wp-content\/uploads\/2022\/05\/202205192022-Finn-Gold-Cup-Malcesine-Pic-Robert-Deaves-RS1A7464-768x512.jpg 768w, https:\/\/old.cnhv.net\/wp-content\/uploads\/2022\/05\/202205192022-Finn-Gold-Cup-Malcesine-Pic-Robert-Deaves-RS1A7464-100x67.jpg 100w, https:\/\/old.cnhv.net\/wp-content\/uploads\/2022\/05\/202205192022-Finn-Gold-Cup-Malcesine-Pic-Robert-Deaves-RS1A7464.jpg 1200w\" sizes=\"(max-width: 640px) 100vw, 640px\" \/><\/a><\/td>\n<\/tr>\n<tr>\n<td><a href=\"https:\/\/www.cnhv.net\/wp-content\/uploads\/2022\/05\/202205182022-Finn-Gold-Cup-Malcesine-Pic-Robert-Deaves-RS1A6837.jpg\"><img decoding=\"async\" loading=\"lazy\" class=\"alignnone wp-image-17440 size-large\" src=\"https:\/\/www.cnhv.net\/wp-content\/uploads\/2022\/05\/202205182022-Finn-Gold-Cup-Malcesine-Pic-Robert-Deaves-RS1A6837-1024x683.jpg\" alt=\"\" width=\"640\" height=\"427\" srcset=\"https:\/\/old.cnhv.net\/wp-content\/uploads\/2022\/05\/202205182022-Finn-Gold-Cup-Malcesine-Pic-Robert-Deaves-RS1A6837-1024x683.jpg 1024w, https:\/\/old.cnhv.net\/wp-content\/uploads\/2022\/05\/202205182022-Finn-Gold-Cup-Malcesine-Pic-Robert-Deaves-RS1A6837-300x200.jpg 300w, https:\/\/old.cnhv.net\/wp-content\/uploads\/2022\/05\/202205182022-Finn-Gold-Cup-Malcesine-Pic-Robert-Deaves-RS1A6837-768x512.jpg 768w, https:\/\/old.cnhv.net\/wp-content\/uploads\/2022\/05\/202205182022-Finn-Gold-Cup-Malcesine-Pic-Robert-Deaves-RS1A6837-100x67.jpg 100w, https:\/\/old.cnhv.net\/wp-content\/uploads\/2022\/05\/202205182022-Finn-Gold-Cup-Malcesine-Pic-Robert-Deaves-RS1A6837.jpg 1200w\" sizes=\"(max-width: 640px) 100vw, 640px\" \/><\/a><\/td>\n<td><a href=\"https:\/\/www.cnhv.net\/wp-content\/uploads\/2022\/05\/202205202022-Finn-Gold-Cup-Malcesine-Pic-Robert-Deaves-045A7389.jpg\"><img decoding=\"async\" loading=\"lazy\" class=\"aligncenter wp-image-17437 size-large\" src=\"https:\/\/www.cnhv.net\/wp-content\/uploads\/2022\/05\/202205202022-Finn-Gold-Cup-Malcesine-Pic-Robert-Deaves-045A7389-1024x403.jpg\" alt=\"\" width=\"640\" height=\"252\" srcset=\"https:\/\/old.cnhv.net\/wp-content\/uploads\/2022\/05\/202205202022-Finn-Gold-Cup-Malcesine-Pic-Robert-Deaves-045A7389-1024x403.jpg 1024w, https:\/\/old.cnhv.net\/wp-content\/uploads\/2022\/05\/202205202022-Finn-Gold-Cup-Malcesine-Pic-Robert-Deaves-045A7389-300x118.jpg 300w, https:\/\/old.cnhv.net\/wp-content\/uploads\/2022\/05\/202205202022-Finn-Gold-Cup-Malcesine-Pic-Robert-Deaves-045A7389-768x302.jpg 768w, https:\/\/old.cnhv.net\/wp-content\/uploads\/2022\/05\/202205202022-Finn-Gold-Cup-Malcesine-Pic-Robert-Deaves-045A7389-100x39.jpg 100w, https:\/\/old.cnhv.net\/wp-content\/uploads\/2022\/05\/202205202022-Finn-Gold-Cup-Malcesine-Pic-Robert-Deaves-045A7389.jpg 1200w\" sizes=\"(max-width: 640px) 100vw, 640px\" \/><\/a><\/td>\n<td><a href=\"https:\/\/www.cnhv.net\/wp-content\/uploads\/2022\/05\/202205172022-Finn-Gold-Cup-Malcesine-Pic-Robert-Deaves-RS1A4356.jpg\"><img decoding=\"async\" loading=\"lazy\" class=\"alignnone wp-image-17433 size-large\" src=\"https:\/\/www.cnhv.net\/wp-content\/uploads\/2022\/05\/202205172022-Finn-Gold-Cup-Malcesine-Pic-Robert-Deaves-RS1A4356-1024x683.jpg\" alt=\"\" width=\"640\" height=\"427\" srcset=\"https:\/\/old.cnhv.net\/wp-content\/uploads\/2022\/05\/202205172022-Finn-Gold-Cup-Malcesine-Pic-Robert-Deaves-RS1A4356-1024x683.jpg 1024w, https:\/\/old.cnhv.net\/wp-content\/uploads\/2022\/05\/202205172022-Finn-Gold-Cup-Malcesine-Pic-Robert-Deaves-RS1A4356-300x200.jpg 300w, https:\/\/old.cnhv.net\/wp-content\/uploads\/2022\/05\/202205172022-Finn-Gold-Cup-Malcesine-Pic-Robert-Deaves-RS1A4356-768x512.jpg 768w, https:\/\/old.cnhv.net\/wp-content\/uploads\/2022\/05\/202205172022-Finn-Gold-Cup-Malcesine-Pic-Robert-Deaves-RS1A4356-100x67.jpg 100w, https:\/\/old.cnhv.net\/wp-content\/uploads\/2022\/05\/202205172022-Finn-Gold-Cup-Malcesine-Pic-Robert-Deaves-RS1A4356.jpg 1200w\" sizes=\"(max-width: 640px) 100vw, 640px\" \/><\/a><\/td>\n<\/tr>\n<\/tbody>\n<\/table>\n<p>&nbsp;<\/p>\n","protected":false},"excerpt":{"rendered":"<p>El Club N\u00e0utic Hospitalet-Vandell\u00f2s ha sido representado en el campeonato mundial 2022 Finn Gold Cup, del 15 al 21 de mayo en el lago de Garda (Italia) por los regatistas [&hellip;] <a href=\"https:\/\/old.cnhv.net\/?page_id=17627\" rel=\"bookmark\">more<\/a><\/p>\n","protected":false},"author":1,"featured_media":0,"parent":14933,"menu_order":2,"comment_status":"closed","ping_status":"closed","template":"pg-tpl-no-sidebars.php","meta":{"ngg_post_thumbnail":0},"_links":{"self":[{"href":"https:\/\/old.cnhv.net\/index.php?rest_route=\/wp\/v2\/pages\/17627"}],"collection":[{"href":"https:\/\/old.cnhv.net\/index.php?rest_route=\/wp\/v2\/pages"}],"about":[{"href":"https:\/\/old.cnhv.net\/index.php?rest_route=\/wp\/v2\/types\/page"}],"author":[{"embeddable":true,"href":"https:\/\/old.cnhv.net\/index.php?rest_route=\/wp\/v2\/users\/1"}],"replies":[{"embeddable":true,"href":"https:\/\/old.cnhv.net\/index.php?rest_route=%2Fwp%2Fv2%2Fcomments&post=17627"}],"version-history":[{"count":1,"href":"https:\/\/old.cnhv.net\/index.php?rest_route=\/wp\/v2\/pages\/17627\/revisions"}],"predecessor-version":[{"id":17629,"href":"https:\/\/old.cnhv.net\/index.php?rest_route=\/wp\/v2\/pages\/17627\/revisions\/17629"}],"up":[{"embeddable":true,"href":"https:\/\/old.cnhv.net\/index.php?rest_route=\/wp\/v2\/pages\/14933"}],"wp:attachment":[{"href":"https:\/\/old.cnhv.net\/index.php?rest_route=%2Fwp%2Fv2%2Fmedia&parent=17627"}],"curies":[{"name":"wp","href":"https:\/\/api.w.org\/{rel}","templated":true}]}}