
{"id":17630,"date":"2022-07-15T15:18:09","date_gmt":"2022-07-15T15:18:09","guid":{"rendered":"https:\/\/www.cnhv.net\/?page_id=17630"},"modified":"2022-07-15T15:18:09","modified_gmt":"2022-07-15T15:18:09","slug":"final-iv-circuit-terres-de-mestral","status":"publish","type":"page","link":"https:\/\/old.cnhv.net\/?page_id=17630","title":{"rendered":"Final IV\u00a0Circuit Terres de Mestral\u00a0"},"content":{"rendered":"<p><\/p>\n<p style=\"font-weight: 400;\">El pasado 21 y 22 de abril, el&nbsp;<em>Club N\u00e0utic Hospitalet-Vandell\u00f2s,&nbsp;<\/em>ha acogido en aguas de&nbsp;<em>l\u2019Hospitalet de l\u2019Infant<\/em>&nbsp;la \u00faltima prueba del IV&nbsp;<em>Circuit Terres de Mestral&nbsp;<\/em>para las clases de vela ligera windsurf, que acog\u00eda a su vez el Campeonato de Catalunya de la clase ol\u00edmpica IQFOIL.<\/p>\n<p style=\"font-weight: 400;\">&nbsp;<\/p>\n<p style=\"font-weight: 400;\">El evento ha sido todo un \u00e9xito para las categor\u00edas Techno y Raceboard, con un total de 5 pruebas realizadas para cada clase, no as\u00ed para las clase IQFOIL, que dada la carencia de viento suficiente para poder iniciar el vuelo no se ha podido realizar ninguna prueba. Con un total de 53 participantes, los clubes representados eran: GEN Roses, Club Vela Blanes, Club N\u00e0utic Balis, Club N\u00e0utic Poblenou, Club Mar\u00edtim Altafulla, Club N\u00e0utic Salou y del Club N\u00e0utic Hospitalet-Vandell\u00f2s, con una decena de representantes de \u00e9ste \u00faltimo.<\/p>\n<p style=\"font-weight: 400;\">&nbsp;<\/p>\n<p style=\"font-weight: 400;\">De los regatistas del Club N\u00e0utic Hospitalet-Vandell\u00f2s podemos destacar los resultados de los siguientes regatistas: Bruno Guti\u00e9rrez se llevaba el primer premio en la categor\u00eda Techno+, en Techno S17 Ferran Martinez terminaba 2\u00ba y en la categor\u00eda Techno S15 David Mu\u00f1oz terminaba 3\u00ba.<\/p>\n<p style=\"font-weight: 400;\">&nbsp;<\/p>\n<p style=\"font-weight: 400;\">El Club N\u00e0utic Hospitalet-Vandell\u00f2s, para la organizaci\u00f3n de dicho evento, ha contado con la colaboraci\u00f3n de diferentes empresas y entidades del territorio: Ajuntament de Vandell\u00f2s i l\u2019Hospitalet de l\u2019Infant, Terres de Mestral, Restaurant Dantis, N\u00e0utica Anton, Serveis N\u00e0utics GRD, Ecoverd Botiga Ecol\u00f2gica, Jardineria Auda, Instalacions i Serveis Arbopar y la Ferreter\u00eda Miami Optimus.<\/p>\n<p><a href=\"https:\/\/www.flickr.com\/photos\/146948600@N08\/albums\/72177720299157742\" target=\"_blank\" rel=\"noopener noreferrer\">Ver fotos regata:&nbsp;<\/a><\/p>\n<p><a href=\"https:\/\/www.cnhv.sailti.com\/es\/default\/races\/race\/text\/IVCircuitTerresdeMestral.-es\">Ver clasificaci\u00f3n:<\/a><\/p>\n<p>&nbsp;<\/p>\n<p>\u200b<\/p>\n<p>\u200b<\/p>\n<table>\n<tbody>\n<tr>\n<td>eeeeeeee<a href=\"https:\/\/www.cnhv.net\/wp-content\/uploads\/2022\/05\/WhatsApp-Image-2022-05-24-at-4.14.55-PM.jpeg\"><img decoding=\"async\" loading=\"lazy\" class=\"aligncenter size-large wp-image-17423\" src=\"https:\/\/www.cnhv.net\/wp-content\/uploads\/2022\/05\/WhatsApp-Image-2022-05-24-at-4.14.55-PM-1024x768.jpeg\" alt=\"\" width=\"640\" height=\"480\" srcset=\"https:\/\/old.cnhv.net\/wp-content\/uploads\/2022\/05\/WhatsApp-Image-2022-05-24-at-4.14.55-PM-1024x768.jpeg 1024w, https:\/\/old.cnhv.net\/wp-content\/uploads\/2022\/05\/WhatsApp-Image-2022-05-24-at-4.14.55-PM-300x225.jpeg 300w, https:\/\/old.cnhv.net\/wp-content\/uploads\/2022\/05\/WhatsApp-Image-2022-05-24-at-4.14.55-PM-768x576.jpeg 768w, https:\/\/old.cnhv.net\/wp-content\/uploads\/2022\/05\/WhatsApp-Image-2022-05-24-at-4.14.55-PM-100x75.jpeg 100w, https:\/\/old.cnhv.net\/wp-content\/uploads\/2022\/05\/WhatsApp-Image-2022-05-24-at-4.14.55-PM.jpeg 1600w\" sizes=\"(max-width: 640px) 100vw, 640px\" \/><\/a>&nbsp;<\/td>\n<td><a href=\"https:\/\/www.cnhv.net\/wp-content\/uploads\/2022\/05\/WhatsApp-Image-2022-05-24-at-4.14.56-PM-1.jpeg\"><img decoding=\"async\" loading=\"lazy\" class=\"aligncenter size-large wp-image-17424\" src=\"https:\/\/www.cnhv.net\/wp-content\/uploads\/2022\/05\/WhatsApp-Image-2022-05-24-at-4.14.56-PM-1-1024x768.jpeg\" alt=\"\" width=\"640\" height=\"480\" srcset=\"https:\/\/old.cnhv.net\/wp-content\/uploads\/2022\/05\/WhatsApp-Image-2022-05-24-at-4.14.56-PM-1-1024x768.jpeg 1024w, https:\/\/old.cnhv.net\/wp-content\/uploads\/2022\/05\/WhatsApp-Image-2022-05-24-at-4.14.56-PM-1-300x225.jpeg 300w, https:\/\/old.cnhv.net\/wp-content\/uploads\/2022\/05\/WhatsApp-Image-2022-05-24-at-4.14.56-PM-1-768x576.jpeg 768w, https:\/\/old.cnhv.net\/wp-content\/uploads\/2022\/05\/WhatsApp-Image-2022-05-24-at-4.14.56-PM-1-100x75.jpeg 100w, https:\/\/old.cnhv.net\/wp-content\/uploads\/2022\/05\/WhatsApp-Image-2022-05-24-at-4.14.56-PM-1.jpeg 1600w\" sizes=\"(max-width: 640px) 100vw, 640px\" \/><\/a><\/td>\n<\/tr>\n<tr>\n<td><a href=\"https:\/\/www.cnhv.net\/wp-content\/uploads\/2022\/05\/WhatsApp-Image-2022-05-24-at-4.14.56-PM-1.jpeg\"><img decoding=\"async\" loading=\"lazy\" class=\"aligncenter size-large wp-image-17424\" src=\"https:\/\/www.cnhv.net\/wp-content\/uploads\/2022\/05\/WhatsApp-Image-2022-05-24-at-4.14.56-PM-1-1024x768.jpeg\" alt=\"\" width=\"640\" height=\"480\" srcset=\"https:\/\/old.cnhv.net\/wp-content\/uploads\/2022\/05\/WhatsApp-Image-2022-05-24-at-4.14.56-PM-1-1024x768.jpeg 1024w, https:\/\/old.cnhv.net\/wp-content\/uploads\/2022\/05\/WhatsApp-Image-2022-05-24-at-4.14.56-PM-1-300x225.jpeg 300w, https:\/\/old.cnhv.net\/wp-content\/uploads\/2022\/05\/WhatsApp-Image-2022-05-24-at-4.14.56-PM-1-768x576.jpeg 768w, https:\/\/old.cnhv.net\/wp-content\/uploads\/2022\/05\/WhatsApp-Image-2022-05-24-at-4.14.56-PM-1-100x75.jpeg 100w, https:\/\/old.cnhv.net\/wp-content\/uploads\/2022\/05\/WhatsApp-Image-2022-05-24-at-4.14.56-PM-1.jpeg 1600w\" sizes=\"(max-width: 640px) 100vw, 640px\" \/><\/a><\/td>\n<td><a href=\"https:\/\/www.cnhv.net\/wp-content\/uploads\/2022\/05\/WhatsApp-Image-2022-05-24-at-4.14.56-PM.jpeg\"><img decoding=\"async\" loading=\"lazy\" class=\"aligncenter size-large wp-image-17425\" src=\"https:\/\/www.cnhv.net\/wp-content\/uploads\/2022\/05\/WhatsApp-Image-2022-05-24-at-4.14.56-PM-1024x768.jpeg\" alt=\"\" width=\"640\" height=\"480\" srcset=\"https:\/\/old.cnhv.net\/wp-content\/uploads\/2022\/05\/WhatsApp-Image-2022-05-24-at-4.14.56-PM-1024x768.jpeg 1024w, https:\/\/old.cnhv.net\/wp-content\/uploads\/2022\/05\/WhatsApp-Image-2022-05-24-at-4.14.56-PM-300x225.jpeg 300w, https:\/\/old.cnhv.net\/wp-content\/uploads\/2022\/05\/WhatsApp-Image-2022-05-24-at-4.14.56-PM-768x576.jpeg 768w, https:\/\/old.cnhv.net\/wp-content\/uploads\/2022\/05\/WhatsApp-Image-2022-05-24-at-4.14.56-PM-100x75.jpeg 100w, https:\/\/old.cnhv.net\/wp-content\/uploads\/2022\/05\/WhatsApp-Image-2022-05-24-at-4.14.56-PM.jpeg 1600w\" sizes=\"(max-width: 640px) 100vw, 640px\" \/><\/a>&nbsp;<\/td>\n<\/tr>\n<\/tbody>\n<\/table>\n<p>&nbsp;<\/p>\n<p><a href=\"https:\/\/www.cnhv.net\/wp-content\/uploads\/2022\/05\/Carteles-Circtuit-Terres-de-Mestral-12.jpg\"><img decoding=\"async\" loading=\"lazy\" class=\"aligncenter size-large wp-image-17410\" src=\"https:\/\/www.cnhv.net\/wp-content\/uploads\/2022\/05\/Carteles-Circtuit-Terres-de-Mestral-12-724x1024.jpg\" alt=\"\" width=\"640\" height=\"905\" srcset=\"https:\/\/old.cnhv.net\/wp-content\/uploads\/2022\/05\/Carteles-Circtuit-Terres-de-Mestral-12-724x1024.jpg 724w, https:\/\/old.cnhv.net\/wp-content\/uploads\/2022\/05\/Carteles-Circtuit-Terres-de-Mestral-12-212x300.jpg 212w, https:\/\/old.cnhv.net\/wp-content\/uploads\/2022\/05\/Carteles-Circtuit-Terres-de-Mestral-12-768x1086.jpg 768w, https:\/\/old.cnhv.net\/wp-content\/uploads\/2022\/05\/Carteles-Circtuit-Terres-de-Mestral-12-71x100.jpg 71w, https:\/\/old.cnhv.net\/wp-content\/uploads\/2022\/05\/Carteles-Circtuit-Terres-de-Mestral-12.jpg 1000w\" sizes=\"(max-width: 640px) 100vw, 640px\" \/><\/a><\/p>","protected":false},"excerpt":{"rendered":"<p>El pasado 21 y 22 de abril, el&nbsp;Club N\u00e0utic Hospitalet-Vandell\u00f2s,&nbsp;ha acogido en aguas de&nbsp;l\u2019Hospitalet de l\u2019Infant&nbsp;la \u00faltima prueba del IV&nbsp;Circuit Terres de Mestral&nbsp;para las clases de vela ligera windsurf, que [&hellip;] <a href=\"https:\/\/old.cnhv.net\/?page_id=17630\" rel=\"bookmark\">more<\/a><\/p>\n","protected":false},"author":1,"featured_media":0,"parent":14933,"menu_order":1,"comment_status":"closed","ping_status":"closed","template":"pg-tpl-no-sidebars.php","meta":{"ngg_post_thumbnail":0},"_links":{"self":[{"href":"https:\/\/old.cnhv.net\/index.php?rest_route=\/wp\/v2\/pages\/17630"}],"collection":[{"href":"https:\/\/old.cnhv.net\/index.php?rest_route=\/wp\/v2\/pages"}],"about":[{"href":"https:\/\/old.cnhv.net\/index.php?rest_route=\/wp\/v2\/types\/page"}],"author":[{"embeddable":true,"href":"https:\/\/old.cnhv.net\/index.php?rest_route=\/wp\/v2\/users\/1"}],"replies":[{"embeddable":true,"href":"https:\/\/old.cnhv.net\/index.php?rest_route=%2Fwp%2Fv2%2Fcomments&post=17630"}],"version-history":[{"count":1,"href":"https:\/\/old.cnhv.net\/index.php?rest_route=\/wp\/v2\/pages\/17630\/revisions"}],"predecessor-version":[{"id":17631,"href":"https:\/\/old.cnhv.net\/index.php?rest_route=\/wp\/v2\/pages\/17630\/revisions\/17631"}],"up":[{"embeddable":true,"href":"https:\/\/old.cnhv.net\/index.php?rest_route=\/wp\/v2\/pages\/14933"}],"wp:attachment":[{"href":"https:\/\/old.cnhv.net\/index.php?rest_route=%2Fwp%2Fv2%2Fmedia&parent=17630"}],"curies":[{"name":"wp","href":"https:\/\/api.w.org\/{rel}","templated":true}]}}