
{"id":17632,"date":"2022-07-15T15:19:51","date_gmt":"2022-07-15T15:19:51","guid":{"rendered":"https:\/\/www.cnhv.net\/?page_id=17632"},"modified":"2022-07-15T15:20:31","modified_gmt":"2022-07-15T15:20:31","slug":"iv-circuit-terres-de-mestral","status":"publish","type":"page","link":"https:\/\/old.cnhv.net\/?page_id=17632","title":{"rendered":"IV Circuit Terres de Mestral"},"content":{"rendered":"<p><\/p>\n<p style=\"font-weight: 400;\">La primera prueba del IV Circuit Terres de Mestral organizada el pasado 30 de abril y 1 de mayo ha concluido con un gran \u00e9xito de participaci\u00f3n. Con 70 regatistas venidos del Club N\u00e0utic Vilanova, Reial Club N\u00e0utic Tarragona, Club N\u00e0utic Salou y del Club N\u00e0utic Hospitalet-Vandell\u00f2s.<br \/>\nEn esta regata que formaba parte de la liga \u00abCopaSud\u00bb, organizada como una asociaci\u00f3n de los clubes m\u00e1s representativos en la clase infantil Optimist de la zona sur de Catalu\u00f1a (Club N\u00e0utic Vilanova, Club N\u00e0utic Cambrils y Club N\u00e0utic Hospitalet-Vandell\u00f2s) se ha decidido el club vencedor de la CopaSud2022.<\/p>\n<p>El parte meteorol\u00f3gico que ha acompa\u00f1ado el fin de semana ha sido ideal, con suaves vientos predominantes de componente sur y d\u00edas soleados. Perfectos para que los m\u00e1s peque\u00f1os se puedan medir junto a los regatistas con m\u00e1s experiencia.<\/p>\n<p>Por parte del CNHV destacar el resultado del regatista de G3 Santi Bes, que en la categor\u00eda Optimist G3 ha finalizado en primera posici\u00f3n de la liga CopaSud2022.<\/p>\n<p>El club vencedor de la liga CopaSud2022, con su gran n\u00famero de regatistas representando a \u00e9ste, ha sido el Club N\u00e0utic Cambrils.<\/p>\n<p>Agradecemos al Ayuntamiento de l&#8217;Hospitalet de l&#8217;Infant, Terres de Mestral, Dantis y N\u00e0utica Anton, su apoyo a la organizaci\u00f3n de este evento.<\/p>\n<p>\u200b<\/p>\n<p>\u200b<\/p>\n<table>\n<tbody>\n<tr>\n<td><a href=\"https:\/\/www.cnhv.net\/wp-content\/uploads\/2022\/05\/279688259_680010669753773_495000772079201860_n.jpg\"><img decoding=\"async\" loading=\"lazy\" class=\"aligncenter size-large wp-image-17378\" src=\"https:\/\/www.cnhv.net\/wp-content\/uploads\/2022\/05\/279688259_680010669753773_495000772079201860_n-1024x1024.jpg\" alt=\"\" width=\"640\" height=\"640\" srcset=\"https:\/\/old.cnhv.net\/wp-content\/uploads\/2022\/05\/279688259_680010669753773_495000772079201860_n-1024x1024.jpg 1024w, https:\/\/old.cnhv.net\/wp-content\/uploads\/2022\/05\/279688259_680010669753773_495000772079201860_n-150x150.jpg 150w, https:\/\/old.cnhv.net\/wp-content\/uploads\/2022\/05\/279688259_680010669753773_495000772079201860_n-300x300.jpg 300w, https:\/\/old.cnhv.net\/wp-content\/uploads\/2022\/05\/279688259_680010669753773_495000772079201860_n-768x768.jpg 768w, https:\/\/old.cnhv.net\/wp-content\/uploads\/2022\/05\/279688259_680010669753773_495000772079201860_n-100x100.jpg 100w, https:\/\/old.cnhv.net\/wp-content\/uploads\/2022\/05\/279688259_680010669753773_495000772079201860_n-144x144.jpg 144w, https:\/\/old.cnhv.net\/wp-content\/uploads\/2022\/05\/279688259_680010669753773_495000772079201860_n.jpg 1080w\" sizes=\"(max-width: 640px) 100vw, 640px\" \/><\/a><\/td>\n<td><a href=\"https:\/\/www.cnhv.net\/wp-content\/uploads\/2022\/05\/279550899_526889819090804_6532988334398165801_n.jpg\"><img decoding=\"async\" loading=\"lazy\" class=\"aligncenter size-large wp-image-17372\" src=\"https:\/\/www.cnhv.net\/wp-content\/uploads\/2022\/05\/279550899_526889819090804_6532988334398165801_n-1024x1024.jpg\" alt=\"\" width=\"640\" height=\"640\" srcset=\"https:\/\/old.cnhv.net\/wp-content\/uploads\/2022\/05\/279550899_526889819090804_6532988334398165801_n-1024x1024.jpg 1024w, https:\/\/old.cnhv.net\/wp-content\/uploads\/2022\/05\/279550899_526889819090804_6532988334398165801_n-150x150.jpg 150w, https:\/\/old.cnhv.net\/wp-content\/uploads\/2022\/05\/279550899_526889819090804_6532988334398165801_n-300x300.jpg 300w, https:\/\/old.cnhv.net\/wp-content\/uploads\/2022\/05\/279550899_526889819090804_6532988334398165801_n-768x768.jpg 768w, https:\/\/old.cnhv.net\/wp-content\/uploads\/2022\/05\/279550899_526889819090804_6532988334398165801_n-100x100.jpg 100w, https:\/\/old.cnhv.net\/wp-content\/uploads\/2022\/05\/279550899_526889819090804_6532988334398165801_n-144x144.jpg 144w, https:\/\/old.cnhv.net\/wp-content\/uploads\/2022\/05\/279550899_526889819090804_6532988334398165801_n.jpg 1080w\" sizes=\"(max-width: 640px) 100vw, 640px\" \/><\/a><\/td>\n<td>j<a href=\"https:\/\/www.cnhv.net\/wp-content\/uploads\/2022\/05\/279679740_962418327804918_4692130519002012690_n.jpg\"><img decoding=\"async\" loading=\"lazy\" class=\"aligncenter size-large wp-image-17377\" src=\"https:\/\/www.cnhv.net\/wp-content\/uploads\/2022\/05\/279679740_962418327804918_4692130519002012690_n-1024x1024.jpg\" alt=\"\" width=\"640\" height=\"640\" srcset=\"https:\/\/old.cnhv.net\/wp-content\/uploads\/2022\/05\/279679740_962418327804918_4692130519002012690_n-1024x1024.jpg 1024w, https:\/\/old.cnhv.net\/wp-content\/uploads\/2022\/05\/279679740_962418327804918_4692130519002012690_n-150x150.jpg 150w, https:\/\/old.cnhv.net\/wp-content\/uploads\/2022\/05\/279679740_962418327804918_4692130519002012690_n-300x300.jpg 300w, https:\/\/old.cnhv.net\/wp-content\/uploads\/2022\/05\/279679740_962418327804918_4692130519002012690_n-768x768.jpg 768w, https:\/\/old.cnhv.net\/wp-content\/uploads\/2022\/05\/279679740_962418327804918_4692130519002012690_n-100x100.jpg 100w, https:\/\/old.cnhv.net\/wp-content\/uploads\/2022\/05\/279679740_962418327804918_4692130519002012690_n-144x144.jpg 144w, https:\/\/old.cnhv.net\/wp-content\/uploads\/2022\/05\/279679740_962418327804918_4692130519002012690_n.jpg 1080w\" sizes=\"(max-width: 640px) 100vw, 640px\" \/><\/a><\/td>\n<td><a href=\"https:\/\/www.cnhv.net\/wp-content\/uploads\/2022\/05\/279915373_5139944909452712_6805393599947534162_n.jpg\"><img decoding=\"async\" loading=\"lazy\" class=\"aligncenter size-large wp-image-17379\" src=\"https:\/\/www.cnhv.net\/wp-content\/uploads\/2022\/05\/279915373_5139944909452712_6805393599947534162_n-1024x1024.jpg\" alt=\"\" width=\"640\" height=\"640\" srcset=\"https:\/\/old.cnhv.net\/wp-content\/uploads\/2022\/05\/279915373_5139944909452712_6805393599947534162_n-1024x1024.jpg 1024w, https:\/\/old.cnhv.net\/wp-content\/uploads\/2022\/05\/279915373_5139944909452712_6805393599947534162_n-150x150.jpg 150w, https:\/\/old.cnhv.net\/wp-content\/uploads\/2022\/05\/279915373_5139944909452712_6805393599947534162_n-300x300.jpg 300w, https:\/\/old.cnhv.net\/wp-content\/uploads\/2022\/05\/279915373_5139944909452712_6805393599947534162_n-768x768.jpg 768w, https:\/\/old.cnhv.net\/wp-content\/uploads\/2022\/05\/279915373_5139944909452712_6805393599947534162_n-100x100.jpg 100w, https:\/\/old.cnhv.net\/wp-content\/uploads\/2022\/05\/279915373_5139944909452712_6805393599947534162_n-144x144.jpg 144w, https:\/\/old.cnhv.net\/wp-content\/uploads\/2022\/05\/279915373_5139944909452712_6805393599947534162_n.jpg 1080w\" sizes=\"(max-width: 640px) 100vw, 640px\" \/><\/a><\/td>\n<\/tr>\n<tr>\n<td><a href=\"https:\/\/www.cnhv.net\/wp-content\/uploads\/2022\/05\/279666616_1174820719952154_3620126740185361437_n.jpg\"><img decoding=\"async\" loading=\"lazy\" class=\"aligncenter size-large wp-image-17376\" src=\"https:\/\/www.cnhv.net\/wp-content\/uploads\/2022\/05\/279666616_1174820719952154_3620126740185361437_n-1024x1024.jpg\" alt=\"\" width=\"640\" height=\"640\" srcset=\"https:\/\/old.cnhv.net\/wp-content\/uploads\/2022\/05\/279666616_1174820719952154_3620126740185361437_n-1024x1024.jpg 1024w, https:\/\/old.cnhv.net\/wp-content\/uploads\/2022\/05\/279666616_1174820719952154_3620126740185361437_n-150x150.jpg 150w, https:\/\/old.cnhv.net\/wp-content\/uploads\/2022\/05\/279666616_1174820719952154_3620126740185361437_n-300x300.jpg 300w, https:\/\/old.cnhv.net\/wp-content\/uploads\/2022\/05\/279666616_1174820719952154_3620126740185361437_n-768x768.jpg 768w, https:\/\/old.cnhv.net\/wp-content\/uploads\/2022\/05\/279666616_1174820719952154_3620126740185361437_n-100x100.jpg 100w, https:\/\/old.cnhv.net\/wp-content\/uploads\/2022\/05\/279666616_1174820719952154_3620126740185361437_n-144x144.jpg 144w, https:\/\/old.cnhv.net\/wp-content\/uploads\/2022\/05\/279666616_1174820719952154_3620126740185361437_n.jpg 1080w\" sizes=\"(max-width: 640px) 100vw, 640px\" \/><\/a><\/td>\n<td><a href=\"https:\/\/www.cnhv.net\/wp-content\/uploads\/2022\/05\/279661720_838478637112755_5483926674019420022_n.jpg\"><img decoding=\"async\" loading=\"lazy\" class=\"aligncenter size-large wp-image-17375\" src=\"https:\/\/www.cnhv.net\/wp-content\/uploads\/2022\/05\/279661720_838478637112755_5483926674019420022_n-1024x1024.jpg\" alt=\"\" width=\"640\" height=\"640\" srcset=\"https:\/\/old.cnhv.net\/wp-content\/uploads\/2022\/05\/279661720_838478637112755_5483926674019420022_n-1024x1024.jpg 1024w, https:\/\/old.cnhv.net\/wp-content\/uploads\/2022\/05\/279661720_838478637112755_5483926674019420022_n-150x150.jpg 150w, https:\/\/old.cnhv.net\/wp-content\/uploads\/2022\/05\/279661720_838478637112755_5483926674019420022_n-300x300.jpg 300w, https:\/\/old.cnhv.net\/wp-content\/uploads\/2022\/05\/279661720_838478637112755_5483926674019420022_n-768x768.jpg 768w, https:\/\/old.cnhv.net\/wp-content\/uploads\/2022\/05\/279661720_838478637112755_5483926674019420022_n-100x100.jpg 100w, https:\/\/old.cnhv.net\/wp-content\/uploads\/2022\/05\/279661720_838478637112755_5483926674019420022_n-144x144.jpg 144w, https:\/\/old.cnhv.net\/wp-content\/uploads\/2022\/05\/279661720_838478637112755_5483926674019420022_n.jpg 1080w\" sizes=\"(max-width: 640px) 100vw, 640px\" \/><\/a><\/td>\n<td><a href=\"https:\/\/www.cnhv.net\/wp-content\/uploads\/2022\/05\/279572096_5030902830280566_5545459109873768736_n.jpg\"><img decoding=\"async\" loading=\"lazy\" class=\"aligncenter size-large wp-image-17373\" src=\"https:\/\/www.cnhv.net\/wp-content\/uploads\/2022\/05\/279572096_5030902830280566_5545459109873768736_n-1024x1024.jpg\" alt=\"\" width=\"640\" height=\"640\" srcset=\"https:\/\/old.cnhv.net\/wp-content\/uploads\/2022\/05\/279572096_5030902830280566_5545459109873768736_n-1024x1024.jpg 1024w, https:\/\/old.cnhv.net\/wp-content\/uploads\/2022\/05\/279572096_5030902830280566_5545459109873768736_n-150x150.jpg 150w, https:\/\/old.cnhv.net\/wp-content\/uploads\/2022\/05\/279572096_5030902830280566_5545459109873768736_n-300x300.jpg 300w, https:\/\/old.cnhv.net\/wp-content\/uploads\/2022\/05\/279572096_5030902830280566_5545459109873768736_n-768x768.jpg 768w, https:\/\/old.cnhv.net\/wp-content\/uploads\/2022\/05\/279572096_5030902830280566_5545459109873768736_n-100x100.jpg 100w, https:\/\/old.cnhv.net\/wp-content\/uploads\/2022\/05\/279572096_5030902830280566_5545459109873768736_n-144x144.jpg 144w, https:\/\/old.cnhv.net\/wp-content\/uploads\/2022\/05\/279572096_5030902830280566_5545459109873768736_n.jpg 1080w\" sizes=\"(max-width: 640px) 100vw, 640px\" \/><\/a>&nbsp;<\/td>\n<td><a href=\"https:\/\/www.cnhv.net\/wp-content\/uploads\/2022\/05\/279623881_676069303653145_3152475032320715100_n-1.jpg\"><img decoding=\"async\" loading=\"lazy\" class=\"aligncenter size-large wp-image-17374\" src=\"https:\/\/www.cnhv.net\/wp-content\/uploads\/2022\/05\/279623881_676069303653145_3152475032320715100_n-1-1024x1024.jpg\" alt=\"\" width=\"640\" height=\"640\" srcset=\"https:\/\/old.cnhv.net\/wp-content\/uploads\/2022\/05\/279623881_676069303653145_3152475032320715100_n-1-1024x1024.jpg 1024w, https:\/\/old.cnhv.net\/wp-content\/uploads\/2022\/05\/279623881_676069303653145_3152475032320715100_n-1-150x150.jpg 150w, https:\/\/old.cnhv.net\/wp-content\/uploads\/2022\/05\/279623881_676069303653145_3152475032320715100_n-1-300x300.jpg 300w, https:\/\/old.cnhv.net\/wp-content\/uploads\/2022\/05\/279623881_676069303653145_3152475032320715100_n-1-768x768.jpg 768w, https:\/\/old.cnhv.net\/wp-content\/uploads\/2022\/05\/279623881_676069303653145_3152475032320715100_n-1-100x100.jpg 100w, https:\/\/old.cnhv.net\/wp-content\/uploads\/2022\/05\/279623881_676069303653145_3152475032320715100_n-1-144x144.jpg 144w, https:\/\/old.cnhv.net\/wp-content\/uploads\/2022\/05\/279623881_676069303653145_3152475032320715100_n-1.jpg 1080w\" sizes=\"(max-width: 640px) 100vw, 640px\" \/><\/a><\/td>\n<\/tr>\n<\/tbody>\n<\/table>\n<p style=\"font-weight: 400;\">&nbsp;<\/p>\n<p><\/p>","protected":false},"excerpt":{"rendered":"<p>La primera prueba del IV Circuit Terres de Mestral organizada el pasado 30 de abril y 1 de mayo ha concluido con un gran \u00e9xito de participaci\u00f3n. Con 70 regatistas [&hellip;] <a href=\"https:\/\/old.cnhv.net\/?page_id=17632\" rel=\"bookmark\">more<\/a><\/p>\n","protected":false},"author":1,"featured_media":0,"parent":14933,"menu_order":0,"comment_status":"closed","ping_status":"closed","template":"pg-tpl-no-sidebars.php","meta":{"ngg_post_thumbnail":0},"_links":{"self":[{"href":"https:\/\/old.cnhv.net\/index.php?rest_route=\/wp\/v2\/pages\/17632"}],"collection":[{"href":"https:\/\/old.cnhv.net\/index.php?rest_route=\/wp\/v2\/pages"}],"about":[{"href":"https:\/\/old.cnhv.net\/index.php?rest_route=\/wp\/v2\/types\/page"}],"author":[{"embeddable":true,"href":"https:\/\/old.cnhv.net\/index.php?rest_route=\/wp\/v2\/users\/1"}],"replies":[{"embeddable":true,"href":"https:\/\/old.cnhv.net\/index.php?rest_route=%2Fwp%2Fv2%2Fcomments&post=17632"}],"version-history":[{"count":1,"href":"https:\/\/old.cnhv.net\/index.php?rest_route=\/wp\/v2\/pages\/17632\/revisions"}],"predecessor-version":[{"id":17633,"href":"https:\/\/old.cnhv.net\/index.php?rest_route=\/wp\/v2\/pages\/17632\/revisions\/17633"}],"up":[{"embeddable":true,"href":"https:\/\/old.cnhv.net\/index.php?rest_route=\/wp\/v2\/pages\/14933"}],"wp:attachment":[{"href":"https:\/\/old.cnhv.net\/index.php?rest_route=%2Fwp%2Fv2%2Fmedia&parent=17632"}],"curies":[{"name":"wp","href":"https:\/\/api.w.org\/{rel}","templated":true}]}}