
{"id":17641,"date":"2022-07-15T15:25:18","date_gmt":"2022-07-15T15:25:18","guid":{"rendered":"https:\/\/www.cnhv.net\/?page_id=17641"},"modified":"2022-07-15T15:25:18","modified_gmt":"2022-07-15T15:25:18","slug":"campeonato-de-cataluna-de-finn","status":"publish","type":"page","link":"https:\/\/old.cnhv.net\/?page_id=17641","title":{"rendered":"Campeonato de Catalu\u00f1a de Finn"},"content":{"rendered":"<p><\/p>\n<p style=\"font-weight: 400;\">\u00a1David Terol campe\u00f3n de Catalu\u00f1a y Roque Terol 3\u00ba!<\/p>\n<p style=\"font-weight: 400;\">&nbsp;<\/p>\n<p style=\"font-weight: 400;\">Este fin de semana 26 y 27 de marzo, se ha disputado el Campeonato de Catalu\u00f1a de Finn en aguas de la bah\u00eda de Palam\u00f3s. El viento de tramontana ha permitido realizar 5 pruebas muy disputadas.<\/p>\n<p style=\"font-weight: 400;\">&nbsp;<\/p>\n<p style=\"font-weight: 400;\">Han participado regatistas de clubes de toda Catalu\u00f1a como el Club Vela Calella, Club N\u00e1utico Vilassar de Mar, Club N\u00e1utico Aiguablava, Club N\u00e1utico El Bal\u00eds, Club N\u00e1utico Hospitalet-Vandell\u00f3s, Club N\u00e1utico Llafranc y Real Club N\u00e1utico de Barcelona.<\/p>\n<p style=\"font-weight: 400;\">&nbsp;<\/p>\n<p style=\"font-weight: 400;\">La clasificaci\u00f3n ha sido la siguiente:<\/p>\n<p style=\"font-weight: 400;\">1er: David Terol (Club N\u00e1utico Hospitalet-Vandell\u00f3s)<\/p>\n<p style=\"font-weight: 400;\">2\u00ba: Xavier Penas (Club Vela Calella)<\/p>\n<p style=\"font-weight: 400;\">3er: Roque Terol (Club N\u00e1utico Hospitalet-Vandell\u00f3s)<\/p>\n<p style=\"font-weight: 400;\">Finn Master:<\/p>\n<p style=\"font-weight: 400;\">1er: David Terol (Club N\u00e1utico Hospitalet-Vandell\u00f3s)<\/p>\n<p style=\"font-weight: 400;\">Finn Gran Master:<\/p>\n<p style=\"font-weight: 400;\">1er: Xavier Penas (Club Vela Calella)<\/p>\n<p style=\"font-weight: 400;\">Finn Gran Gran Master:<\/p>\n<p style=\"font-weight: 400;\">1er: Juan Grau (Club N\u00e1utico Vilassar de Mar)<\/p>\n<p style=\"font-weight: 400;\">2\u00ba: Paco Casta\u00f1er (Club N\u00e1utico Llafranc)<\/p>\n<p style=\"font-weight: 400;\">3er: Pep Campi (Club Vela Calella)<\/p>\n<p style=\"font-weight: 400;\">Finn Legend:<\/p>\n<p style=\"font-weight: 400;\">1er: Jes\u00fas Turr\u00f3 (Club N\u00e1utico Vilassar de Mar)<\/p>\n<p style=\"font-weight: 400;\">\u00a1Muchas felicidades a todos los participantes! \u00a1Y enhorabuena a la organizaci\u00f3n!<\/p>\n<p style=\"font-weight: 400;\">&nbsp;<\/p>\n<p style=\"font-weight: 400;\">&nbsp;<\/p>\n<p><\/p>","protected":false},"excerpt":{"rendered":"<p>\u00a1David Terol campe\u00f3n de Catalu\u00f1a y Roque Terol 3\u00ba! &nbsp; Este fin de semana 26 y 27 de marzo, se ha disputado el Campeonato de Catalu\u00f1a de Finn en aguas [&hellip;] <a href=\"https:\/\/old.cnhv.net\/?page_id=17641\" rel=\"bookmark\">more<\/a><\/p>\n","protected":false},"author":1,"featured_media":0,"parent":14933,"menu_order":0,"comment_status":"closed","ping_status":"closed","template":"pg-tpl-no-sidebars.php","meta":{"ngg_post_thumbnail":0},"_links":{"self":[{"href":"https:\/\/old.cnhv.net\/index.php?rest_route=\/wp\/v2\/pages\/17641"}],"collection":[{"href":"https:\/\/old.cnhv.net\/index.php?rest_route=\/wp\/v2\/pages"}],"about":[{"href":"https:\/\/old.cnhv.net\/index.php?rest_route=\/wp\/v2\/types\/page"}],"author":[{"embeddable":true,"href":"https:\/\/old.cnhv.net\/index.php?rest_route=\/wp\/v2\/users\/1"}],"replies":[{"embeddable":true,"href":"https:\/\/old.cnhv.net\/index.php?rest_route=%2Fwp%2Fv2%2Fcomments&post=17641"}],"version-history":[{"count":1,"href":"https:\/\/old.cnhv.net\/index.php?rest_route=\/wp\/v2\/pages\/17641\/revisions"}],"predecessor-version":[{"id":17642,"href":"https:\/\/old.cnhv.net\/index.php?rest_route=\/wp\/v2\/pages\/17641\/revisions\/17642"}],"up":[{"embeddable":true,"href":"https:\/\/old.cnhv.net\/index.php?rest_route=\/wp\/v2\/pages\/14933"}],"wp:attachment":[{"href":"https:\/\/old.cnhv.net\/index.php?rest_route=%2Fwp%2Fv2%2Fmedia&parent=17641"}],"curies":[{"name":"wp","href":"https:\/\/api.w.org\/{rel}","templated":true}]}}