
{"id":17644,"date":"2022-07-15T15:26:58","date_gmt":"2022-07-15T15:26:58","guid":{"rendered":"https:\/\/www.cnhv.net\/?page_id=17644"},"modified":"2022-07-15T15:26:58","modified_gmt":"2022-07-15T15:26:58","slug":"regata-windsurf-les-bruixes-club-maritim-altafulla","status":"publish","type":"page","link":"https:\/\/old.cnhv.net\/?page_id=17644","title":{"rendered":"Regata Windsurf Les Bruixes,  Club Maritim Altafulla"},"content":{"rendered":"<p>Este pasado fin de semana, 5 y 6 de marzo, el equipo de Windsurf del Club N\u00e0utic Hospitalet-Vandell\u00f2s nos ha representado en la regata N2 Les Bruixes, en el Club Maritim Altafulla, puntuable para el ranking catal\u00e1n.<\/p>\n<p>Con una participaci\u00f3n de unos 50 regatistas, Ferran Mart\u00ednez, Arnau Roca y David Mu\u00f1oz han logrado unos destacables resultados, con una 1a posici\u00f3n como Techno S17, 3a como Techno S17 y 4a como Techno S15 respectivamente.<\/p>\n<p>\u00a1Enhorabuena equipo!<\/p>\n<p>Nuestro equipo de windsurf seguir\u00e1 luchando por las plazas de la selecci\u00f3n Catalana que ir\u00e1 a representar a la comunidad en el Campeonato de Espa\u00f1a en Murcia a finales de abril. La \u00faltima regata puntuable ser\u00e1 el Campeonato de Catalu\u00f1a que se disputar\u00e1 en aguas de Blanes el 2, 3, 9 y 10 de abril.<\/p>\n<table>\n<tbody>\n<tr>\n<td><a href=\"https:\/\/www.cnhv.net\/wp-content\/uploads\/2022\/03\/1646750320442.jpg\"><img decoding=\"async\" loading=\"lazy\" class=\"aligncenter size-large wp-image-17249\" src=\"https:\/\/www.cnhv.net\/wp-content\/uploads\/2022\/03\/1646750320442-1024x1024.jpg\" alt=\"\" width=\"640\" height=\"640\" srcset=\"https:\/\/old.cnhv.net\/wp-content\/uploads\/2022\/03\/1646750320442-1024x1024.jpg 1024w, https:\/\/old.cnhv.net\/wp-content\/uploads\/2022\/03\/1646750320442-150x150.jpg 150w, https:\/\/old.cnhv.net\/wp-content\/uploads\/2022\/03\/1646750320442-300x300.jpg 300w, https:\/\/old.cnhv.net\/wp-content\/uploads\/2022\/03\/1646750320442-768x768.jpg 768w, https:\/\/old.cnhv.net\/wp-content\/uploads\/2022\/03\/1646750320442-100x100.jpg 100w, https:\/\/old.cnhv.net\/wp-content\/uploads\/2022\/03\/1646750320442-144x144.jpg 144w, https:\/\/old.cnhv.net\/wp-content\/uploads\/2022\/03\/1646750320442.jpg 1536w\" sizes=\"(max-width: 640px) 100vw, 640px\" \/><\/a><\/td>\n<td><a href=\"https:\/\/www.cnhv.net\/wp-content\/uploads\/2022\/03\/1646750320419.jpg\"><img decoding=\"async\" loading=\"lazy\" class=\"aligncenter size-large wp-image-17248\" src=\"https:\/\/www.cnhv.net\/wp-content\/uploads\/2022\/03\/1646750320419-1024x1024.jpg\" alt=\"\" width=\"640\" height=\"640\" srcset=\"https:\/\/old.cnhv.net\/wp-content\/uploads\/2022\/03\/1646750320419-1024x1024.jpg 1024w, https:\/\/old.cnhv.net\/wp-content\/uploads\/2022\/03\/1646750320419-150x150.jpg 150w, https:\/\/old.cnhv.net\/wp-content\/uploads\/2022\/03\/1646750320419-300x300.jpg 300w, https:\/\/old.cnhv.net\/wp-content\/uploads\/2022\/03\/1646750320419-768x768.jpg 768w, https:\/\/old.cnhv.net\/wp-content\/uploads\/2022\/03\/1646750320419-100x100.jpg 100w, https:\/\/old.cnhv.net\/wp-content\/uploads\/2022\/03\/1646750320419-144x144.jpg 144w, https:\/\/old.cnhv.net\/wp-content\/uploads\/2022\/03\/1646750320419.jpg 1445w\" sizes=\"(max-width: 640px) 100vw, 640px\" \/><\/a><\/td>\n<td><a href=\"https:\/\/www.cnhv.net\/wp-content\/uploads\/2022\/03\/1646750320485.jpg\"><img decoding=\"async\" loading=\"lazy\" class=\"aligncenter size-large wp-image-17250\" src=\"https:\/\/www.cnhv.net\/wp-content\/uploads\/2022\/03\/1646750320485-1024x1024.jpg\" alt=\"\" width=\"640\" height=\"640\" srcset=\"https:\/\/old.cnhv.net\/wp-content\/uploads\/2022\/03\/1646750320485-1024x1024.jpg 1024w, https:\/\/old.cnhv.net\/wp-content\/uploads\/2022\/03\/1646750320485-150x150.jpg 150w, https:\/\/old.cnhv.net\/wp-content\/uploads\/2022\/03\/1646750320485-300x300.jpg 300w, https:\/\/old.cnhv.net\/wp-content\/uploads\/2022\/03\/1646750320485-768x768.jpg 768w, https:\/\/old.cnhv.net\/wp-content\/uploads\/2022\/03\/1646750320485-100x100.jpg 100w, https:\/\/old.cnhv.net\/wp-content\/uploads\/2022\/03\/1646750320485-144x144.jpg 144w, https:\/\/old.cnhv.net\/wp-content\/uploads\/2022\/03\/1646750320485.jpg 1477w\" sizes=\"(max-width: 640px) 100vw, 640px\" \/><\/a><\/td>\n<\/tr>\n<\/tbody>\n<\/table>\n<p><\/p>","protected":false},"excerpt":{"rendered":"<p>Este pasado fin de semana, 5 y 6 de marzo, el equipo de Windsurf del Club N\u00e0utic Hospitalet-Vandell\u00f2s nos ha representado en la regata N2 Les Bruixes, en el Club [&hellip;] <a href=\"https:\/\/old.cnhv.net\/?page_id=17644\" rel=\"bookmark\">more<\/a><\/p>\n","protected":false},"author":1,"featured_media":0,"parent":14933,"menu_order":0,"comment_status":"closed","ping_status":"closed","template":"pg-tpl-no-sidebars.php","meta":{"ngg_post_thumbnail":0},"_links":{"self":[{"href":"https:\/\/old.cnhv.net\/index.php?rest_route=\/wp\/v2\/pages\/17644"}],"collection":[{"href":"https:\/\/old.cnhv.net\/index.php?rest_route=\/wp\/v2\/pages"}],"about":[{"href":"https:\/\/old.cnhv.net\/index.php?rest_route=\/wp\/v2\/types\/page"}],"author":[{"embeddable":true,"href":"https:\/\/old.cnhv.net\/index.php?rest_route=\/wp\/v2\/users\/1"}],"replies":[{"embeddable":true,"href":"https:\/\/old.cnhv.net\/index.php?rest_route=%2Fwp%2Fv2%2Fcomments&post=17644"}],"version-history":[{"count":1,"href":"https:\/\/old.cnhv.net\/index.php?rest_route=\/wp\/v2\/pages\/17644\/revisions"}],"predecessor-version":[{"id":17645,"href":"https:\/\/old.cnhv.net\/index.php?rest_route=\/wp\/v2\/pages\/17644\/revisions\/17645"}],"up":[{"embeddable":true,"href":"https:\/\/old.cnhv.net\/index.php?rest_route=\/wp\/v2\/pages\/14933"}],"wp:attachment":[{"href":"https:\/\/old.cnhv.net\/index.php?rest_route=%2Fwp%2Fv2%2Fmedia&parent=17644"}],"curies":[{"name":"wp","href":"https:\/\/api.w.org\/{rel}","templated":true}]}}