
{"id":17806,"date":"2022-08-09T21:33:38","date_gmt":"2022-08-09T21:33:38","guid":{"rendered":"https:\/\/www.cnhv.net\/?page_id=17806"},"modified":"2022-08-09T21:38:33","modified_gmt":"2022-08-09T21:38:33","slug":"escuela-de-vela-hermanada-con-taiwan","status":"publish","type":"page","link":"https:\/\/old.cnhv.net\/?page_id=17806","title":{"rendered":"Escuela de Vela Hermanada con Taiwan"},"content":{"rendered":"<p><\/p>\n<h2>TAITUNG SAILING &#8211; escuela de vela hermanada en Taiwan<\/h2>\n<div class=\"blog-entry-meta\">\n<div class=\"blog-entry-meta-date\"><i class=\"fa fa-time\"><\/i>&nbsp;1 de agosto de 2022<\/div>\n<\/div>\n<div class=\"blog-img clearfix no-flip\">\n<div id=\"projectCarousel\" class=\"carousel slide\">\n<div class=\"carousel-inner\">\n<div class=\"item active\"><img decoding=\"async\" class=\"img-fullwidth\" src=\"https:\/\/www.escuelavela.cnhv.net\/uploaded_files\/photos\/33e75ff09dd601bbe69f351039152189_photo_750x1000.PNG\" alt=\"TAITUNG SAILING - escuela de vela hermanada en Taiwan\"\/><\/div>\n<\/div>\n<\/div>\n<\/div>\n<p><strong>Dos escuelas de vela a 10.000 kil\u00f3metros de distancia hermanadas por una pasi\u00f3n, el deporte de la vela.&nbsp;<\/strong><\/p>\n<table>\n<tbody>\n<tr>\n<td><a href=\"https:\/\/www.cnhv.net\/wp-content\/uploads\/2022\/08\/WhatsApp-Image-2022-08-03-at-3.35.14-PM.jpg\"><img decoding=\"async\" loading=\"lazy\" class=\"size-full wp-image-17769 alignnone\" src=\"https:\/\/www.cnhv.net\/wp-content\/uploads\/2022\/08\/WhatsApp-Image-2022-08-03-at-3.35.14-PM.jpg\" alt=\"\" width=\"1000\" height=\"750\" srcset=\"https:\/\/old.cnhv.net\/wp-content\/uploads\/2022\/08\/WhatsApp-Image-2022-08-03-at-3.35.14-PM.jpg 1000w, https:\/\/old.cnhv.net\/wp-content\/uploads\/2022\/08\/WhatsApp-Image-2022-08-03-at-3.35.14-PM-300x225.jpg 300w, https:\/\/old.cnhv.net\/wp-content\/uploads\/2022\/08\/WhatsApp-Image-2022-08-03-at-3.35.14-PM-768x576.jpg 768w, https:\/\/old.cnhv.net\/wp-content\/uploads\/2022\/08\/WhatsApp-Image-2022-08-03-at-3.35.14-PM-100x75.jpg 100w\" sizes=\"(max-width: 1000px) 100vw, 1000px\" \/><\/a><\/td>\n<td><a href=\"https:\/\/www.cnhv.net\/wp-content\/uploads\/2022\/08\/2.jpg\"><img decoding=\"async\" loading=\"lazy\" class=\"aligncenter size-large wp-image-17768\" src=\"https:\/\/www.cnhv.net\/wp-content\/uploads\/2022\/08\/2-682x1024.jpg\" alt=\"\" width=\"640\" height=\"961\" srcset=\"https:\/\/old.cnhv.net\/wp-content\/uploads\/2022\/08\/2-682x1024.jpg 682w, https:\/\/old.cnhv.net\/wp-content\/uploads\/2022\/08\/2-200x300.jpg 200w, https:\/\/old.cnhv.net\/wp-content\/uploads\/2022\/08\/2-768x1153.jpg 768w, https:\/\/old.cnhv.net\/wp-content\/uploads\/2022\/08\/2-67x100.jpg 67w, https:\/\/old.cnhv.net\/wp-content\/uploads\/2022\/08\/2.jpg 1066w\" sizes=\"(max-width: 640px) 100vw, 640px\" \/><\/a><\/td>\n<td><a href=\"https:\/\/www.cnhv.net\/wp-content\/uploads\/2022\/08\/1.jpg\"><img decoding=\"async\" loading=\"lazy\" class=\"aligncenter size-full wp-image-17767\" src=\"https:\/\/www.cnhv.net\/wp-content\/uploads\/2022\/08\/1.jpg\" alt=\"\" width=\"1000\" height=\"666\" srcset=\"https:\/\/old.cnhv.net\/wp-content\/uploads\/2022\/08\/1.jpg 1000w, https:\/\/old.cnhv.net\/wp-content\/uploads\/2022\/08\/1-300x200.jpg 300w, https:\/\/old.cnhv.net\/wp-content\/uploads\/2022\/08\/1-768x511.jpg 768w, https:\/\/old.cnhv.net\/wp-content\/uploads\/2022\/08\/1-100x67.jpg 100w\" sizes=\"(max-width: 1000px) 100vw, 1000px\" \/><\/a><\/td>\n<td><a href=\"https:\/\/www.cnhv.net\/wp-content\/uploads\/2022\/08\/WhatsApp-Image-2022-08-03-at-3.35.15-PM.jpg\"><img decoding=\"async\" loading=\"lazy\" class=\"aligncenter size-full wp-image-17770\" src=\"https:\/\/www.cnhv.net\/wp-content\/uploads\/2022\/08\/WhatsApp-Image-2022-08-03-at-3.35.15-PM.jpg\" alt=\"\" width=\"1000\" height=\"750\" srcset=\"https:\/\/old.cnhv.net\/wp-content\/uploads\/2022\/08\/WhatsApp-Image-2022-08-03-at-3.35.15-PM.jpg 1000w, https:\/\/old.cnhv.net\/wp-content\/uploads\/2022\/08\/WhatsApp-Image-2022-08-03-at-3.35.15-PM-300x225.jpg 300w, https:\/\/old.cnhv.net\/wp-content\/uploads\/2022\/08\/WhatsApp-Image-2022-08-03-at-3.35.15-PM-768x576.jpg 768w, https:\/\/old.cnhv.net\/wp-content\/uploads\/2022\/08\/WhatsApp-Image-2022-08-03-at-3.35.15-PM-100x75.jpg 100w\" sizes=\"(max-width: 1000px) 100vw, 1000px\" \/><\/a><\/td>\n<\/tr>\n<\/tbody>\n<\/table>\n<p>Federico Davicino hab\u00eda formado parte del Club N\u00e1utico Hospitalet-Vandell\u00f2s, donde despert\u00f3 su pasi\u00f3n por el deporte de la vela. Hoy en d\u00eda dirige una escuela de vela en Taiw\u00e1n, Taitung Sailing.<\/p>\n<p>Tras a\u00f1os de colaboraci\u00f3n entre escuelas, finalmente se ha formalizado esta hermandad con la participaci\u00f3n de Taitung Sailing en las camisetas que han servido de promoci\u00f3n para la escuela de vela de nuestro club.<\/p>\n<p>Para dar a conocer Taitung Sailing y a Fede, Hugo Torres, nuestro director deportivo, ha realizado esta entrevista que os resultar\u00e1 de lo m\u00e1s interesante.<\/p>\n<p><em>HT- Buenos d\u00edas Fede, como Director Deportivo del Club N\u00e1utico Hospitalet-Vandell\u00f2s quiero transmitir en nombre del Club que estamos muy orgullosos de poder anunciar Taitung Sailing como la escuela hermanada a la nuestra. Primero vamos a presentarla, as\u00ed que dime, \u00bfde qu\u00e9 se trata Taitung Sailing?<\/em>&nbsp;<\/p>\n<p>FD- Taitung Sailing School es un club de vela ubicado en la costa este de Taiw\u00e1n. Desde que empezamos hace 4 a\u00f1os estamos promoviendo el deporte de vela en esta zona, que antes no exist\u00eda. Ense\u00f1amos optimist i en las escuelas de primaria, secundaria y universidad.&nbsp;&nbsp;<\/p>\n<p><em>HT- Tiene que ser muy emocionante iniciar una escuela as\u00ed en un pa\u00eds tan alejado como Taiw\u00e1n, \u00bfc\u00f3mo te surge la idea? \u00bfHas tenido muchas complicaciones? Esperemos que el pa\u00eds haya sido acogedor con dicho proyecto.<\/em><\/p>\n<p>FD- Yo vine a Taiw\u00e1n hace 7 a\u00f1os por motivos de viaje y me acab\u00e9 quedando por trabajo. Cuando me di cuenta que quer\u00eda vivir por un largo tiempo en esta isla decid\u00ed que pod\u00eda contribuir en la regi\u00f3n donde vivo creando una peque\u00f1a escuela de vela para los ni\u00f1os locales. El pa\u00eds por motivos pol\u00edticos estuvo en guerra fr\u00eda con china durante 50 a\u00f1os, as\u00ed que la costa era zona militarizada y los deportes acu\u00e1ticos estuvieron prohibidos hasta el 1985, as\u00ed que el desarrollo de la vela ha estado muy limitado. En el pa\u00eds no existen m\u00e1s de 10 clubs de vela, todos en las ciudades m\u00e1s grandes. Yo cuando vine por primera vez me sorprend\u00ed que en 400 km de costa no vi ni un velero.&nbsp; Empezar este proyecto fue muy emocionante, y fue gracias a las donaciones de barcos de segunda mano de CNHV y otros clubes de Catalu\u00f1a que pude iniciarlo sin una inversi\u00f3n descabellada.&nbsp;<\/p>\n<p>Tuve bastantes complicaciones al empezar el proyecto, porque el pa\u00eds desconoce el deporte y obtener las licencias de vela recreativa, uso de puertos y playas, seguros, lancha motora. etc., sigue estando estrictamente regulado. Los primeros 3 a\u00f1os fueron bastante duros ya que a veces parec\u00eda que estuvi\u00e9semos cometiendo un crimen por sacar ni\u00f1os al mar a navegar. Nos segu\u00eda la patrulla costera por miedo a contrabando o miedo a riesgo. Por suerte este \u00faltimo a\u00f1o el departamento de educaci\u00f3n nos ha reconocido como un deporte m\u00e1s y nos ha allanado el camino para todas las solicitudes, colaboraciones con escuelas y participar en eventos nacionales.&nbsp;<\/p>\n<p><em>HT- La verdad es que te seguimos en Redes Sociales, y vemos que est\u00e1is muy activos. Supongo que debe ser un concepto novedoso all\u00ed. Si se puede saber, \u00bfCu\u00e1l es el siguiente proyecto de Taitung Sailing?<\/em><\/p>\n<p>FD- Los primeros dos a\u00f1os empezamos entrenando optimist, el a\u00f1o pasado a\u00f1adimos lasers a la flota, as\u00ed que deseamos que las relaciones que estamos estableciendo con escuelas de primaria se puedan prolongar a secundaria y universidad. Desde el a\u00f1o pasado que tenemos un peque\u00f1o grupo estable de regatas (4 optimist y 2 lasers) y participamos en todas las regatas nacionales (que s\u00f3lo son 3 al a\u00f1o, jaja).<\/p>\n<p>Este a\u00f1o organizamos una mini regata amistosa en un lago y fue un \u00e9xito. Tuvimos m\u00e1s de 40 regatistas de todo el pa\u00eds que vinieron a participar. El a\u00f1o que viene queremos organizar una regata nacional en nuestra zona, para poder a\u00f1adir un evento m\u00e1s al circuito anual de regatas.&nbsp;<\/p>\n<p>A parte el a\u00f1o que viene queremos a\u00f1adir dos o tres 420s a la flota para poder desarrollar la vela a dobles, que tambi\u00e9n es muy interesante. As\u00ed que la pr\u00f3xima vez que vuelva a Barcelona este oto\u00f1o estar\u00e9 buscando 420s de segunda mano y de competici\u00f3n para llev\u00e1rmelos en contenedor a Taiw\u00e1n.<\/p>\n<p><em>HT- Seguro que va fenomenal. Tambi\u00e9n me gustar\u00eda hablar un poco de ti y el origen de esta hermandad. La verdad es que tu familia est\u00e1 vinculada al club desde hace muchos a\u00f1os, tu padre es socio de recreo, y los 3 hermanos hab\u00e9is pasado por el equipo de regatas, tu hermano Mart\u00ed est\u00e1 de t\u00e9cnico de vela y el peque\u00f1o, Alex, contin\u00faa como regatista de windsurf. \u00bfQu\u00e9 recuerdas de tu paso por este club?<\/em><\/p>\n<p>FD- Cuando era adolescente mis padres empezaron a veranear en l\u00b4Ametlla de Mar y partir de entonces yo empec\u00e9 a entrenar en l\u00e1ser y a competir por el club. Nunca llegu\u00e9 a ser un deportista de \u00e9lite, pero me enamor\u00e9 del deporte e introduje a mi familia a este tipo de vida. Yo tengo muy buenos recuerdos de los a\u00f1os que pas\u00e9 ah\u00ed, y despu\u00e9s mis padres y mis hermanos han seguido en club durante todos estos a\u00f1os. Mi hermano medio compiti\u00f3 en optimist y windsurf y este verano es uno de los monitores de la escuela. Mi hermano peque\u00f1o a\u00fan est\u00e1 como regatista de windsurf y est\u00e1 s\u00faper orgulloso porque el a\u00f1o pasado qued\u00f3 segundo de Catalunya en la categor\u00eda sub 11.&nbsp;<\/p>\n<p><em>HT- Es genial que el esfuerzo de un club por promocionar el deporte de la vela tenga tal repercusi\u00f3n a largo plazo como puede ser la fundaci\u00f3n de una escuela de vela en Taiw\u00e1n. \u00bfQu\u00e9 te hizo lanzarte a la aventura? \u00bfEl club te apoy\u00f3?<\/em><\/p>\n<p>FD-Yo, a pesar de que hace m\u00e1s de 10 a\u00f1os que vivo fuera del pa\u00eds siempre que vuelvo a visitar me paso por el club. Al principio cuando me plante\u00e9 establecer un club en la otra punta del mundo me lo imagin\u00e9 m\u00e1s como una locura imposible que un proyecto realmente realizable.&nbsp;Pero se lo coment\u00e9 a mis padres y a habl\u00e9 con I\u00f1aki, el comodoro de CNHV y el desde el primer momento se volc\u00f3 en ayudarme.&nbsp;Yo creo que sin la ayuda de I\u00f1aki y el CNHV no hubiese podido empezar este proyecto as\u00ed que siempre estar\u00e9 agradecido al club.&nbsp;<\/p>\n<p><em>HT- Desde el club nos gustar\u00eda seguir trabajando en \u00e9ste v\u00ednculo, y quien sabe si alg\u00fan d\u00eda llegar a un proyecto de intercambio. Con tu experiencia, \u00bfnos recomendar\u00edas Taiw\u00e1n? A nosotros solo de ver vuestras publicaciones me entran ganas de ir.<\/em><\/p>\n<p>FD-&nbsp;Antes de los a\u00f1os de Covid yo hab\u00eda planteado con antiguos monitores y regatistas del CNHV de venir a Taiw\u00e1n a hacer intercambio, y de poder traer a algunos regatistas de Taiw\u00e1n a participar en la semana catalana de vela que se organiza cada a\u00f1o. Sin embargo, la pandemia puso en pausa todos estos planes y estos a\u00f1os he estado volcado en entrenar monitores locales. Para m\u00ed la escuela es un proyecto a\u00fan muy nuevo y econ\u00f3micamente no estoy preparado para organizar intercambios internacionales, pero espero que en los siguientes a\u00f1os pueda encontrar sponsors.&nbsp;<\/p>\n<p>Para los que no conocen Taiw\u00e1n, es una isla semi tropical entre Jap\u00f3n y las Filipinas. D\u00f3nde vivo yo, en Taitung, es zona tropical y tenemos un verano muy largo y caluroso e invierno templado. Nunca bajamos debajo de los 15 grados. Aqu\u00ed las temporadas se separa entre monzones (de octubre a marzo) que hay mucho viento y olas, as\u00ed que para vela entrenamos en lago o hacemos surf y windsurf de olas a mar abierto, y la temporada de verano y tifones donde en general el mar est\u00e1 muy calmo, excepto&nbsp;cuando vienen tifones. El mar es mucho m\u00e1s cambiante que el mediterr\u00e1neo as\u00ed que a veces impide que podamos entrenar a vela todo el a\u00f1o. Sin embargo, para m\u00ed y para los ni\u00f1os m\u00e1s grandes rotamos entre entrenar&nbsp;vela, windsurf y surf, que tampoco est\u00e1 nada mal&nbsp;<\/p>\n<p><em>HT- Muchas gracias Fede, espero que la pr\u00f3xima vez esta conversaci\u00f3n la podamos tener en persona. Es un placer poder colaborar y construir proyectos juntos.<\/em><\/p>\n<p>FD- Muchas gracias a vosotros.&nbsp; Despu\u00e9s de 4 a\u00f1os poder ayudar al CNHV con un peque\u00f1o patrocinio en las camisetas es un favor muy peque\u00f1o incomparable con todo lo que me ayudasteis para empezar el proyecto aqu\u00ed. Nos vemos en las redes o el pr\u00f3ximo oto\u00f1o.<\/p>\n<p>&nbsp;<\/p>","protected":false},"excerpt":{"rendered":"<p>TAITUNG SAILING &#8211; escuela de vela hermanada en Taiwan &nbsp;1 de agosto de 2022 Dos escuelas de vela a 10.000 kil\u00f3metros de distancia hermanadas por una pasi\u00f3n, el deporte de [&hellip;] <a href=\"https:\/\/old.cnhv.net\/?page_id=17806\" rel=\"bookmark\">more<\/a><\/p>\n","protected":false},"author":1,"featured_media":0,"parent":14933,"menu_order":3,"comment_status":"closed","ping_status":"closed","template":"pg-tpl-no-sidebars.php","meta":{"ngg_post_thumbnail":0},"_links":{"self":[{"href":"https:\/\/old.cnhv.net\/index.php?rest_route=\/wp\/v2\/pages\/17806"}],"collection":[{"href":"https:\/\/old.cnhv.net\/index.php?rest_route=\/wp\/v2\/pages"}],"about":[{"href":"https:\/\/old.cnhv.net\/index.php?rest_route=\/wp\/v2\/types\/page"}],"author":[{"embeddable":true,"href":"https:\/\/old.cnhv.net\/index.php?rest_route=\/wp\/v2\/users\/1"}],"replies":[{"embeddable":true,"href":"https:\/\/old.cnhv.net\/index.php?rest_route=%2Fwp%2Fv2%2Fcomments&post=17806"}],"version-history":[{"count":1,"href":"https:\/\/old.cnhv.net\/index.php?rest_route=\/wp\/v2\/pages\/17806\/revisions"}],"predecessor-version":[{"id":17807,"href":"https:\/\/old.cnhv.net\/index.php?rest_route=\/wp\/v2\/pages\/17806\/revisions\/17807"}],"up":[{"embeddable":true,"href":"https:\/\/old.cnhv.net\/index.php?rest_route=\/wp\/v2\/pages\/14933"}],"wp:attachment":[{"href":"https:\/\/old.cnhv.net\/index.php?rest_route=%2Fwp%2Fv2%2Fmedia&parent=17806"}],"curies":[{"name":"wp","href":"https:\/\/api.w.org\/{rel}","templated":true}]}}