
{"id":18167,"date":"2022-09-29T14:37:56","date_gmt":"2022-09-29T14:37:56","guid":{"rendered":"https:\/\/www.cnhv.net\/?page_id=18167"},"modified":"2022-09-29T15:09:02","modified_gmt":"2022-09-29T15:09:02","slug":"pescasub-finales-de-cataluna","status":"publish","type":"page","link":"https:\/\/old.cnhv.net\/?page_id=18167","title":{"rendered":"PescaSub Finales de Catalu\u00f1a"},"content":{"rendered":"<p>Este s\u00e1bado 25 de Junio se celebr\u00f3 la primera Manga de las finales de Catalu\u00f1a, este a\u00f1o los deportistas buscan una de ls 3 plazas que Catalu\u00f1a tiene , el d\u00eda amaneci\u00f3 nublado con una buena corriente que en nada se transform\u00f3 en corrienton, los profundistas tuvieron que hacer malabares pero ah\u00ed est\u00e1n los resultados! Este a\u00f1o han salido unas piezas preciosas, un Mero de m\u00e1s de 5 kilos pescado por Didac Rodriguez Collado otro mero precioso de m\u00e1s de 3 kilos pescado por Sergi Velasco Corominas aparte de llevar un Urta preciosa en su nevera , tambi\u00e9n se vieron 2 ejemplares de Denton uno cerca de los 2 kilos pescados por Isaac Vives. Sin duda todos quedemos alucinando con la nevera de Eloy Martinez cerr\u00f3 dos cupos y con un pesqueron digno de un campe\u00f3n! Felicito a todos y a cada uno de los deportistas que participaron y en breve seguiremos con la segunda manga! Como siempre larga vida a la pesca submarina y larga vida a la competici\u00f3n m\u00e1s selectiva y solidaria que existe! Todas las capturas fueron donadas a la beneficencia<\/p>\n<p>&nbsp;<\/p>\n<p><a href=\"https:\/\/www.facebook.com\/groups\/fecdas.pescasub\/permalink\/1124805241433412\/\">Ver FECDAS primera manga de las finales de Catalu\u00f1a s\u00e1bado 25 de junio<\/a>&nbsp;<\/p>\n<p>Finalizado la segunda manga de las finales de Catalu\u00f1a Domingo 26 de junio , ya se pondr\u00e1 nombre a los 3 deportistas que representar\u00e1n a Catalu\u00f1a en el Campeonato de Espa\u00f1a en Cadiz. D\u00eda muy nublado con un pron\u00f3stico de Levante fuerte que vaya s\u00ed acertaron , much\u00edsima corriente y olas que acompa\u00f1an a la corriente las horas van pasando y las barcas se ven moverse mucho, eso quiere decir que el pescado que cada uno saque est\u00e1 luchado a capa y espada ya sea mucho o poco, dar las gracias a la organizaci\u00f3n del club CNHV Pesca Submarina que una vez m\u00e1s nos han preparado un campeonato perfecto en todos los sentidos , un 10 por la organizaci\u00f3n y me quito el sombrero ante Manuel G\u00e1lvez Gimeno tras 5h todos poco a poco al punto de encuentro , unos m\u00e1s contentos que otros pero todos contentos sabiendo que estamos donde queremos estar! Somos sufridores natos. Bastantes cosas a desatar de esta manga , en primer lugar felicitar a Dominique por un precioso PALOMETON de casi 18 kilos y pieza mayor de la Jornada hoy la pesca fue m\u00e1s de pieceo pero Eloy se vuelve a desmarcar con un mero de 3k y un sargo breado de 2,800grm , se hizo entrega de medallas a los campeones Veteranos y Senior y como es tradici\u00f3n al Campe\u00f3n de Catalu\u00f1a se le lanza al agua este a\u00f1o a Eloy le pareci\u00f3 buena idea que fuera acompa\u00f1ado y me lanz\u00f3 con \u00e9l al agua del puerto de Club Nautic Hospitalet de Vandellos y el Podium es el siguiente\u2026.<br \/>\nVETERANOS<br \/>\nDominique Girres (CASEP: Centre d&#8217;Activitats Subaqu\u00e0tiques del Prat)<br \/>\nSergi Marcos Gimeno (CNHV)<br \/>\nSENIOR<br \/>\nEloy Martinez (CNHV)<br \/>\nXavi Blanco (SPAS &#8211; Societat de Pesca i Activitats Subaqu\u00e0tiques)<br \/>\nOscar Hidalgo (Skaphos-Sub Palam\u00f3s)<br \/>\nPIEZA MAYOR<br \/>\nDOMINQUE GIRRES PALOMETON 17,890grm<br \/>\nAhora ya tenemos representantes para el campeonato de Espa\u00f1a en aguas de C\u00e1diz , no nos cabe duda que estamos m\u00e1s que bien representados desde el equipo de FECDAS | Pesca Submarina os damos las gracias a deportistas, barqueros , sanitarios , voluntarios y todos los que han echo que esto fuera posible, una vez m\u00e1s larga vida a l pesca submarina y larga vida a la competici\u00f3n m\u00e1s selectiva y solidaria que existe. Todas las capturas fueron donadas a la beneficencia<br \/>\nClubs que han participado en estas finales<br \/>\nAPS: Associaci\u00f3 de Pesca Submarina de Barcelona<br \/>\nSPAS<br \/>\nCNHV<br \/>\nSKAPHOS PALAMOS<br \/>\nCASEP<br \/>\nAES Neptuno<br \/>\n<a href=\"https:\/\/www.facebook.com\/groups\/fecdas.pescasub\/permalink\/1125312988049304\/\" target=\"_blank\" rel=\"noopener noreferrer\">Ver FECDAS segunda manga de las finales de Catalu\u00f1a Domingo 26 de junio<\/a><\/p>\n<p>\u200b<\/p>\n<table>\n<tbody>\n<tr>\n<td><a href=\"https:\/\/www.cnhv.net\/wp-content\/uploads\/2022\/06\/pesca-sub-0.jpeg\"><img decoding=\"async\" loading=\"lazy\" class=\"aligncenter size-large wp-image-17535\" src=\"https:\/\/www.cnhv.net\/wp-content\/uploads\/2022\/06\/pesca-sub-0-768x1024.jpeg\" alt=\"\" width=\"640\" height=\"853\" srcset=\"https:\/\/old.cnhv.net\/wp-content\/uploads\/2022\/06\/pesca-sub-0-768x1024.jpeg 768w, https:\/\/old.cnhv.net\/wp-content\/uploads\/2022\/06\/pesca-sub-0-225x300.jpeg 225w, https:\/\/old.cnhv.net\/wp-content\/uploads\/2022\/06\/pesca-sub-0-75x100.jpeg 75w, https:\/\/old.cnhv.net\/wp-content\/uploads\/2022\/06\/pesca-sub-0.jpeg 1200w\" sizes=\"(max-width: 640px) 100vw, 640px\" \/><\/a><\/td>\n<td><a href=\"https:\/\/www.cnhv.net\/wp-content\/uploads\/2022\/06\/pesca-sub.jpeg\"><img decoding=\"async\" loading=\"lazy\" class=\"aligncenter size-full wp-image-17533\" src=\"https:\/\/www.cnhv.net\/wp-content\/uploads\/2022\/06\/pesca-sub.jpeg\" alt=\"\" width=\"958\" height=\"540\" srcset=\"https:\/\/old.cnhv.net\/wp-content\/uploads\/2022\/06\/pesca-sub.jpeg 958w, https:\/\/old.cnhv.net\/wp-content\/uploads\/2022\/06\/pesca-sub-300x169.jpeg 300w, https:\/\/old.cnhv.net\/wp-content\/uploads\/2022\/06\/pesca-sub-768x433.jpeg 768w, https:\/\/old.cnhv.net\/wp-content\/uploads\/2022\/06\/pesca-sub-100x56.jpeg 100w\" sizes=\"(max-width: 958px) 100vw, 958px\" \/><\/a><\/td>\n<td><a href=\"https:\/\/www.cnhv.net\/wp-content\/uploads\/2022\/06\/pesca-sub1.jpeg\"><img decoding=\"async\" loading=\"lazy\" class=\"aligncenter size-full wp-image-17532\" src=\"https:\/\/www.cnhv.net\/wp-content\/uploads\/2022\/06\/pesca-sub1.jpeg\" alt=\"\" width=\"958\" height=\"540\" srcset=\"https:\/\/old.cnhv.net\/wp-content\/uploads\/2022\/06\/pesca-sub1.jpeg 958w, https:\/\/old.cnhv.net\/wp-content\/uploads\/2022\/06\/pesca-sub1-300x169.jpeg 300w, https:\/\/old.cnhv.net\/wp-content\/uploads\/2022\/06\/pesca-sub1-768x433.jpeg 768w, https:\/\/old.cnhv.net\/wp-content\/uploads\/2022\/06\/pesca-sub1-100x56.jpeg 100w\" sizes=\"(max-width: 958px) 100vw, 958px\" \/><\/a><\/td>\n<td><a href=\"https:\/\/www.cnhv.net\/wp-content\/uploads\/2022\/06\/pesca-sub2.jpeg\"><img decoding=\"async\" loading=\"lazy\" class=\"aligncenter size-large wp-image-17531\" src=\"https:\/\/www.cnhv.net\/wp-content\/uploads\/2022\/06\/pesca-sub2-768x1024.jpeg\" alt=\"\" width=\"640\" height=\"853\" srcset=\"https:\/\/old.cnhv.net\/wp-content\/uploads\/2022\/06\/pesca-sub2-768x1024.jpeg 768w, https:\/\/old.cnhv.net\/wp-content\/uploads\/2022\/06\/pesca-sub2-225x300.jpeg 225w, https:\/\/old.cnhv.net\/wp-content\/uploads\/2022\/06\/pesca-sub2-75x100.jpeg 75w, https:\/\/old.cnhv.net\/wp-content\/uploads\/2022\/06\/pesca-sub2.jpeg 1200w\" sizes=\"(max-width: 640px) 100vw, 640px\" \/><\/a><\/td>\n<\/tr>\n<tr>\n<td><a href=\"https:\/\/www.cnhv.net\/wp-content\/uploads\/2022\/06\/pesca-sub3.jpeg\"><img decoding=\"async\" loading=\"lazy\" class=\"aligncenter size-large wp-image-17530\" src=\"https:\/\/www.cnhv.net\/wp-content\/uploads\/2022\/06\/pesca-sub3-768x1024.jpeg\" alt=\"\" width=\"640\" height=\"853\" srcset=\"https:\/\/old.cnhv.net\/wp-content\/uploads\/2022\/06\/pesca-sub3.jpeg 768w, https:\/\/old.cnhv.net\/wp-content\/uploads\/2022\/06\/pesca-sub3-225x300.jpeg 225w, https:\/\/old.cnhv.net\/wp-content\/uploads\/2022\/06\/pesca-sub3-75x100.jpeg 75w\" sizes=\"(max-width: 640px) 100vw, 640px\" \/><\/a><\/td>\n<td><img decoding=\"async\" loading=\"lazy\" class=\"aligncenter\" src=\"https:\/\/www.cnhv.net\/wp-content\/uploads\/2022\/06\/PescaSub-2-1-576x1024.jpeg\" width=\"148\" height=\"263\"\/><\/td>\n<td><img decoding=\"async\" loading=\"lazy\" class=\"aligncenter size-full wp-image-17528\" src=\"https:\/\/www.cnhv.net\/wp-content\/uploads\/2022\/06\/PescaSub-2-4.jpeg\" alt=\"\" width=\"617\" height=\"638\" srcset=\"https:\/\/old.cnhv.net\/wp-content\/uploads\/2022\/06\/PescaSub-2-4.jpeg 617w, https:\/\/old.cnhv.net\/wp-content\/uploads\/2022\/06\/PescaSub-2-4-290x300.jpeg 290w, https:\/\/old.cnhv.net\/wp-content\/uploads\/2022\/06\/PescaSub-2-4-97x100.jpeg 97w\" sizes=\"(max-width: 617px) 100vw, 617px\" \/><\/td>\n<td><a href=\"https:\/\/www.cnhv.net\/wp-content\/uploads\/2022\/06\/PescaSub-2-8.jpeg\"><img decoding=\"async\" loading=\"lazy\" class=\"aligncenter size-large wp-image-17526\" src=\"https:\/\/www.cnhv.net\/wp-content\/uploads\/2022\/06\/PescaSub-2-8-768x1024.jpeg\" alt=\"\" width=\"640\" height=\"853\" srcset=\"https:\/\/old.cnhv.net\/wp-content\/uploads\/2022\/06\/PescaSub-2-8-768x1024.jpeg 768w, https:\/\/old.cnhv.net\/wp-content\/uploads\/2022\/06\/PescaSub-2-8-225x300.jpeg 225w, https:\/\/old.cnhv.net\/wp-content\/uploads\/2022\/06\/PescaSub-2-8-75x100.jpeg 75w, https:\/\/old.cnhv.net\/wp-content\/uploads\/2022\/06\/PescaSub-2-8.jpeg 1500w\" sizes=\"(max-width: 640px) 100vw, 640px\" \/><\/a><\/td>\n<\/tr>\n<tr>\n<td><a href=\"https:\/\/www.cnhv.net\/wp-content\/uploads\/2022\/06\/PescaSub-2-15.jpeg\"><img decoding=\"async\" loading=\"lazy\" class=\"aligncenter size-large wp-image-17525\" src=\"https:\/\/www.cnhv.net\/wp-content\/uploads\/2022\/06\/PescaSub-2-15-768x1024.jpeg\" alt=\"\" width=\"640\" height=\"853\" srcset=\"https:\/\/old.cnhv.net\/wp-content\/uploads\/2022\/06\/PescaSub-2-15-768x1024.jpeg 768w, https:\/\/old.cnhv.net\/wp-content\/uploads\/2022\/06\/PescaSub-2-15-225x300.jpeg 225w, https:\/\/old.cnhv.net\/wp-content\/uploads\/2022\/06\/PescaSub-2-15-75x100.jpeg 75w, https:\/\/old.cnhv.net\/wp-content\/uploads\/2022\/06\/PescaSub-2-15.jpeg 1500w\" sizes=\"(max-width: 640px) 100vw, 640px\" \/><\/a><\/td>\n<td><a href=\"https:\/\/www.cnhv.net\/wp-content\/uploads\/2022\/06\/PescaSub-2-14.jpeg\"><img decoding=\"async\" loading=\"lazy\" class=\"aligncenter size-large wp-image-17524\" src=\"https:\/\/www.cnhv.net\/wp-content\/uploads\/2022\/06\/PescaSub-2-14-768x1024.jpeg\" alt=\"\" width=\"640\" height=\"853\" srcset=\"https:\/\/old.cnhv.net\/wp-content\/uploads\/2022\/06\/PescaSub-2-14-768x1024.jpeg 768w, https:\/\/old.cnhv.net\/wp-content\/uploads\/2022\/06\/PescaSub-2-14-225x300.jpeg 225w, https:\/\/old.cnhv.net\/wp-content\/uploads\/2022\/06\/PescaSub-2-14-75x100.jpeg 75w, https:\/\/old.cnhv.net\/wp-content\/uploads\/2022\/06\/PescaSub-2-14.jpeg 1536w\" sizes=\"(max-width: 640px) 100vw, 640px\" \/><\/a><\/td>\n<td><a href=\"https:\/\/www.cnhv.net\/wp-content\/uploads\/2022\/06\/Trofeo-al-CNHV.jpeg\"><img decoding=\"async\" loading=\"lazy\" class=\"aligncenter size-large wp-image-17523\" src=\"https:\/\/www.cnhv.net\/wp-content\/uploads\/2022\/06\/Trofeo-al-CNHV-1024x778.jpeg\" alt=\"\" width=\"640\" height=\"486\" srcset=\"https:\/\/old.cnhv.net\/wp-content\/uploads\/2022\/06\/Trofeo-al-CNHV-1024x778.jpeg 1024w, https:\/\/old.cnhv.net\/wp-content\/uploads\/2022\/06\/Trofeo-al-CNHV-300x228.jpeg 300w, https:\/\/old.cnhv.net\/wp-content\/uploads\/2022\/06\/Trofeo-al-CNHV-768x584.jpeg 768w, https:\/\/old.cnhv.net\/wp-content\/uploads\/2022\/06\/Trofeo-al-CNHV-100x76.jpeg 100w, https:\/\/old.cnhv.net\/wp-content\/uploads\/2022\/06\/Trofeo-al-CNHV.jpeg 2048w\" sizes=\"(max-width: 640px) 100vw, 640px\" \/><\/a><\/td>\n<td><a href=\"https:\/\/www.cnhv.net\/wp-content\/uploads\/2022\/06\/Pesca-Solidaria.jpeg\"><img decoding=\"async\" loading=\"lazy\" class=\"aligncenter size-large wp-image-17522\" src=\"https:\/\/www.cnhv.net\/wp-content\/uploads\/2022\/06\/Pesca-Solidaria-1024x768.jpeg\" alt=\"\" width=\"640\" height=\"480\" srcset=\"https:\/\/old.cnhv.net\/wp-content\/uploads\/2022\/06\/Pesca-Solidaria-1024x768.jpeg 1024w, https:\/\/old.cnhv.net\/wp-content\/uploads\/2022\/06\/Pesca-Solidaria-300x225.jpeg 300w, https:\/\/old.cnhv.net\/wp-content\/uploads\/2022\/06\/Pesca-Solidaria-768x576.jpeg 768w, https:\/\/old.cnhv.net\/wp-content\/uploads\/2022\/06\/Pesca-Solidaria-100x75.jpeg 100w, https:\/\/old.cnhv.net\/wp-content\/uploads\/2022\/06\/Pesca-Solidaria.jpeg 2048w\" sizes=\"(max-width: 640px) 100vw, 640px\" \/><\/a><\/td>\n<\/tr>\n<\/tbody>\n<\/table>\n<p><\/p>","protected":false},"excerpt":{"rendered":"<p>Este s\u00e1bado 25 de Junio se celebr\u00f3 la primera Manga de las finales de Catalu\u00f1a, este a\u00f1o los deportistas buscan una de ls 3 plazas que Catalu\u00f1a tiene , el [&hellip;] <a href=\"https:\/\/old.cnhv.net\/?page_id=18167\" rel=\"bookmark\">more<\/a><\/p>\n","protected":false},"author":1,"featured_media":0,"parent":18161,"menu_order":5,"comment_status":"closed","ping_status":"closed","template":"pg-tpl-no-sidebars.php","meta":{"ngg_post_thumbnail":0},"_links":{"self":[{"href":"https:\/\/old.cnhv.net\/index.php?rest_route=\/wp\/v2\/pages\/18167"}],"collection":[{"href":"https:\/\/old.cnhv.net\/index.php?rest_route=\/wp\/v2\/pages"}],"about":[{"href":"https:\/\/old.cnhv.net\/index.php?rest_route=\/wp\/v2\/types\/page"}],"author":[{"embeddable":true,"href":"https:\/\/old.cnhv.net\/index.php?rest_route=\/wp\/v2\/users\/1"}],"replies":[{"embeddable":true,"href":"https:\/\/old.cnhv.net\/index.php?rest_route=%2Fwp%2Fv2%2Fcomments&post=18167"}],"version-history":[{"count":2,"href":"https:\/\/old.cnhv.net\/index.php?rest_route=\/wp\/v2\/pages\/18167\/revisions"}],"predecessor-version":[{"id":18185,"href":"https:\/\/old.cnhv.net\/index.php?rest_route=\/wp\/v2\/pages\/18167\/revisions\/18185"}],"up":[{"embeddable":true,"href":"https:\/\/old.cnhv.net\/index.php?rest_route=\/wp\/v2\/pages\/18161"}],"wp:attachment":[{"href":"https:\/\/old.cnhv.net\/index.php?rest_route=%2Fwp%2Fv2%2Fmedia&parent=18167"}],"curies":[{"name":"wp","href":"https:\/\/api.w.org\/{rel}","templated":true}]}}