
{"id":2181,"date":"2012-01-06T22:00:57","date_gmt":"2012-01-06T22:00:57","guid":{"rendered":"http:\/\/www.cnhv.net\/?page_id=2181"},"modified":"2019-03-09T22:05:25","modified_gmt":"2019-03-09T22:05:25","slug":"meteo-2","status":"publish","type":"page","link":"https:\/\/old.cnhv.net\/?page_id=2181","title":{"rendered":"Meteorolog\u00eda"},"content":{"rendered":"<p><\/p>\n<table style=\"height: 319px;\" width=\"801\">\n<tbody>\n<tr>\n<td><noscript><a target='_blank' style='font-weight: bold;font-size: 1.20em;' href='http:\/\/www.aemet.es\/es\/eltiempo\/prediccion\/municipios\/vandellos-i-l-hospitalet-de-l-infant-id43162'>El Tiempo. Consulte la predicci\u00f3n de la AEMET para Vandell\u00f2s i l&#8217;Hospitalet de l&#8217;Infant<\/a><\/noscript><\/td>\n<td>&nbsp;<\/td>\n<td style=\"padding-left: 30px;\">\n<p style=\"text-align: center;\"><span style=\"color: #808080; font-size: 14pt;\">WEB de inter\u00e9s<\/span><\/p>\n<ul>\n<li><a href=\"https:\/\/app.weathercloud.net\/p8805867586?language=ca&amp;units=nautical\" target=\"_blank\" rel=\"noopener\"><span style=\"color: #3366ff; font-size: 14pt;\"><span style=\"color: #3366ff;\">El tiempo en el Port<\/span><\/span><\/a><\/li>\n<li><span style=\"color: #3366ff; font-size: 14pt;\"><a href=\"http:\/\/www.meteoclimatic.com\/perfil\/ESCAT4300000043890A\"><span style=\"color: #3366ff;\">Meteoclimatic Hospitalet de l&#8217;Infant<\/span><\/a><\/span><\/li>\n<li><span style=\"color: #3366ff; font-size: 14pt;\"><a href=\"http:\/\/www.aemet.es\/\" target=\"_blank\" rel=\"noopener\"><span style=\"color: #3366ff;\">Agencia Estatal de Meteorolog\u00eda&nbsp;<\/span><\/a><\/span><\/li>\n<li><span style=\"color: #3366ff; font-size: 14pt;\"><a href=\"http:\/\/www.aemet.es\/es\/eltiempo\/prediccion\/municipios\/vandellos-i-l-hospitalet-de-l-infant-id43162\" target=\"_blank\" rel=\"noopener\"><span style=\"color: #3366ff;\">Agencia Estatal de Meteorolog\u00eda en Hospitalet<\/span><\/a><\/span><\/li>\n<li><span style=\"color: #3366ff; font-size: 14pt;\"><a href=\"http:\/\/www.meteo.cat\" target=\"_blank\" rel=\"noopener\"><span style=\"color: #3366ff;\">Servei meteorol\u00f2gic de Catalunya. (Previsi\u00f3 general Catalunya)<\/span><\/a><\/span><\/li>\n<li><span style=\"color: #3366ff; font-size: 14pt;\"><a href=\"http:\/\/www.eltiempo.es\/vandellos-i-l-hospitalet-de-l-infant.html\" target=\"_blank\" rel=\"noopener\"><span style=\"color: #3366ff;\">El tiempo.es por J.A.Maldonado<\/span><\/a><\/span><\/li>\n<li><span style=\"color: #3366ff; font-size: 14pt;\"><a href=\"http:\/\/www.windguru.cz\/es\/index.php?sc=48876\" target=\"_blank\" rel=\"noopener\"><span style=\"color: #3366ff;\">Windguru<\/span><\/a><\/span><\/li>\n<li><span style=\"color: #3366ff; font-size: 14pt;\"><a href=\"http:\/\/es.windfinder.com\/\" target=\"_blank\" rel=\"noopener\"><span style=\"color: #3366ff;\">Windfinder<\/span><\/a><\/span><\/li>\n<li><span style=\"color: #3366ff; font-size: 14pt;\"><a href=\"http:\/\/www.cnhv.net\/wp-content\/uploads\/2012\/01\/fuerza-del-viento.pdf\" class=\"mtli_attachment mtli_pdf\" target=\"_blank\" rel=\"noopener\"><span style=\"color: #3366ff;\">Escala Beaufort for\u00e7a del vent<\/span><\/a><\/span><\/li>\n<\/ul>\n<\/td>\n<\/tr>\n<\/tbody>\n<\/table>\n<p><\/p>","protected":false},"excerpt":{"rendered":"<p>El Tiempo. Consulte la predicci\u00f3n de la AEMET para Vandell\u00f2s i l&#8217;Hospitalet de l&#8217;Infant &nbsp; WEB de inter\u00e9s El tiempo en el Port Meteoclimatic Hospitalet de l&#8217;Infant Agencia Estatal de [&hellip;] <a href=\"https:\/\/old.cnhv.net\/?page_id=2181\" rel=\"bookmark\">more<\/a><\/p>\n","protected":false},"author":1,"featured_media":0,"parent":0,"menu_order":22,"comment_status":"closed","ping_status":"closed","template":"pg-tpl-no-sidebars.php","meta":{"ngg_post_thumbnail":0},"_links":{"self":[{"href":"https:\/\/old.cnhv.net\/index.php?rest_route=\/wp\/v2\/pages\/2181"}],"collection":[{"href":"https:\/\/old.cnhv.net\/index.php?rest_route=\/wp\/v2\/pages"}],"about":[{"href":"https:\/\/old.cnhv.net\/index.php?rest_route=\/wp\/v2\/types\/page"}],"author":[{"embeddable":true,"href":"https:\/\/old.cnhv.net\/index.php?rest_route=\/wp\/v2\/users\/1"}],"replies":[{"embeddable":true,"href":"https:\/\/old.cnhv.net\/index.php?rest_route=%2Fwp%2Fv2%2Fcomments&post=2181"}],"version-history":[{"count":50,"href":"https:\/\/old.cnhv.net\/index.php?rest_route=\/wp\/v2\/pages\/2181\/revisions"}],"predecessor-version":[{"id":14711,"href":"https:\/\/old.cnhv.net\/index.php?rest_route=\/wp\/v2\/pages\/2181\/revisions\/14711"}],"wp:attachment":[{"href":"https:\/\/old.cnhv.net\/index.php?rest_route=%2Fwp%2Fv2%2Fmedia&parent=2181"}],"curies":[{"name":"wp","href":"https:\/\/api.w.org\/{rel}","templated":true}]}}