
{"id":4405,"date":"2012-06-25T13:01:42","date_gmt":"2012-06-25T13:01:42","guid":{"rendered":"http:\/\/www.cnhv.net\/?page_id=4405"},"modified":"2017-09-27T23:00:31","modified_gmt":"2017-09-27T23:00:31","slug":"bandera-azul-1","status":"publish","type":"page","link":"https:\/\/old.cnhv.net\/?page_id=4405","title":{"rendered":"Bandera Azul"},"content":{"rendered":"<p><\/p>\n<table style=\"width: 100%;\" border=\"0\">\n<tbody>\n<tr valign=\"middle\">\n<td style=\"width: 25%;\" rowspan=\"4\" valign=\"top\">\n<p style=\"text-align: left;\"><a href=\"http:\/\/www.cnhv.net\/?page_id=10189\"><span style=\"font-family: arial, helvetica, sans-serif; font-size: 12pt;\">Bandera Azul 2016<\/span><\/a><\/p>\n<p style=\"text-align: left;\"><span style=\"color: #0000ff; font-family: arial, helvetica, sans-serif; font-size: 12pt;\"><a style=\"color: #0000ff;\" href=\"http:\/\/www.cnhv.net\/wp-content\/uploads\/2012\/06\/Compromiso-CNHV-con-la-Bandera-Azul.pdf\" class=\"mtli_attachment mtli_pdf\" rel=\"\">Compromiso CNHV con la Bandera Azul<\/a><\/span><\/p>\n<p style=\"text-align: left;\"><span style=\"font-family: arial, helvetica, sans-serif; font-size: 12pt;\"><a href=\"http:\/\/www.cnhv.net\/?page_id=6903\"><span style=\"color: #0000ff;\">Diploma Bandera Azul embarcaciones<\/span><\/a><\/span><\/p>\n<p style=\"text-align: left;\"><span style=\"color: #0000ff; font-family: arial, helvetica, sans-serif; font-size: 12pt;\"><a style=\"color: #0000ff;\" href=\"http:\/\/www.cnhv.net\/wp-content\/uploads\/2012\/06\/Como-obtener-la-Bandera-Azul-para-embarcaciones.pdf\" class=\"mtli_attachment mtli_pdf\" rel=\"\">Como obtener la Bandera Azul para embarcaciones<\/a><\/span><\/p>\n<p style=\"text-align: left;\"><span style=\"color: #0000ff; font-family: arial, helvetica, sans-serif; font-size: 12pt;\"><a style=\"color: #0000ff;\" href=\"http:\/\/www.cnhv.net\/wp-content\/uploads\/2011\/12\/mares-limpios.pdf\" class=\"mtli_attachment mtli_pdf\" target=\"_blank\" rel=\"noopener\">Mares limpios<\/a><\/span><\/p>\n<p style=\"text-align: left;\"><span style=\"color: #0000ff; font-family: arial, helvetica, sans-serif; font-size: 12pt;\"><a style=\"color: #0000ff;\" href=\"http:\/\/www.cnhv.net\/wp-content\/uploads\/2012\/10\/Como-hacer-la-gesti\u00f3n-de-residuos.pdf\" class=\"mtli_attachment mtli_pdf\" rel=\"\">Como hacer la gesti\u00f3n de residuos<\/a><\/span><\/p>\n<p style=\"text-align: left;\"><span style=\"color: #0000ff; font-family: arial, helvetica, sans-serif; font-size: 12pt;\"><a style=\"color: #0000ff;\" href=\"http:\/\/www.cnhv.net\/wp-content\/uploads\/2012\/06\/Declaracio\u0301n-Poli\u0301tica-ambiental-firmada-2012.pdf\" class=\"mtli_attachment mtli_pdf\" rel=\"\">Declaracio\u0301n Poli\u0301tica ambiental<\/a><\/span><\/p>\n<p style=\"text-align: left;\"><span style=\"color: #0000ff; font-family: arial, helvetica, sans-serif; font-size: 12pt;\"><a style=\"color: #0000ff;\" href=\"http:\/\/www.cnhv.net\/wp-content\/uploads\/2012\/06\/Distincio\u0301n-Tema\u0301tica-2013-.pdf\" class=\"mtli_attachment mtli_pdf\" rel=\"\">Distincio\u0301n Tema\u0301tica 2013<\/a><\/span><\/p>\n<p style=\"text-align: left;\"><span style=\"color: #0000ff; font-family: arial, helvetica, sans-serif; font-size: 12pt;\"><a style=\"color: #0000ff;\" href=\"http:\/\/www.cnhv.net\/wp-content\/uploads\/2012\/06\/triptico-RAEE-anverso.pdf\" class=\"mtli_attachment mtli_pdf\" rel=\"\">Triptico RAEE 1<\/a><\/span><\/p>\n<p style=\"text-align: left;\"><span style=\"color: #0000ff; font-family: arial, helvetica, sans-serif; font-size: 12pt;\"><a style=\"color: #0000ff;\" href=\"http:\/\/www.cnhv.net\/wp-content\/uploads\/2012\/06\/triptico-RAEE-reverso.pdf\" class=\"mtli_attachment mtli_pdf\" rel=\"\">Triptico RAEE 2<\/a><\/span><\/p>\n<p style=\"text-align: left;\"><span style=\"color: #0000ff; font-family: arial, helvetica, sans-serif; font-size: 12pt;\"><a style=\"color: #0000ff;\" href=\"http:\/\/www.cnhv.net\/wp-content\/uploads\/2012\/06\/Alguers-de-Fanero\u0300games.pdf\" class=\"mtli_attachment mtli_pdf\" rel=\"\">Alguers de Fanero\u0300games<\/a><\/span><\/p>\n<p style=\"text-align: left;\"><span style=\"color: #0000ff; font-family: arial, helvetica, sans-serif; font-size: 12pt;\"><a style=\"color: #0000ff;\" href=\"http:\/\/www.cnhv.net\/wp-content\/uploads\/2012\/06\/Caulerpa-racemosa.pdf\" class=\"mtli_attachment mtli_pdf\" rel=\"\">Caulerpa racemosa<\/a><\/span><\/p>\n<p>&nbsp;<\/p>\n<p>&nbsp;<\/td>\n<td style=\"text-align: justify; width: 40%;\" scope=\"col\" valign=\"middle\"><img decoding=\"async\" class=\"aligncenter size-full wp-image-1696\" title=\"Logo bandera azul\" src=\"http:\/\/www.cnhv.net\/wp-content\/uploads\/2011\/12\/Logo-bandera-azul.bmp\" alt=\"\"\/><\/p>\n<p style=\"text-align: center;\"><span style=\"font-family: arial, helvetica, sans-serif; font-size: 12pt;\">Entrar en la : &nbsp;<a href=\"http:\/\/www.adeac.es\/bandera_azul\" target=\"_blank\" rel=\"noopener\">web bandera blava<\/a><\/span><\/p>\n<\/td>\n<td style=\"text-align: justify; width: 40%;\" scope=\"col\" valign=\"middle\"><span style=\"font-family: arial, helvetica, sans-serif; font-size: 12pt;\"><a href=\"http:\/\/www.cnhv.net\/wp-content\/uploads\/2013\/06\/ISO-2013.jpg\"><img decoding=\"async\" loading=\"lazy\" class=\"size-thumbnail wp-image-1699 aligncenter\" title=\"logo ISO\" src=\"http:\/\/www.cnhv.net\/wp-content\/uploads\/2011\/12\/logo-ISO-220x105.jpg\" alt=\"\" width=\"110\" height=\"53\" srcset=\"https:\/\/old.cnhv.net\/wp-content\/uploads\/2011\/12\/logo-ISO-220x105.jpg 220w, https:\/\/old.cnhv.net\/wp-content\/uploads\/2011\/12\/logo-ISO-31x15.jpg 31w, https:\/\/old.cnhv.net\/wp-content\/uploads\/2011\/12\/logo-ISO-200x95.jpg 200w, https:\/\/old.cnhv.net\/wp-content\/uploads\/2011\/12\/logo-ISO-100x47.jpg 100w, https:\/\/old.cnhv.net\/wp-content\/uploads\/2011\/12\/logo-ISO.jpg 898w\" sizes=\"(max-width: 110px) 100vw, 110px\" \/><\/a><\/span><\/p>\n<p style=\"text-align: center;\"><span style=\"font-family: arial, helvetica, sans-serif; font-size: 12pt;\">Entrar en la :<a href=\"http:\/\/www.cnhv.net\/?page_id=5339\"> ISO 14.001<\/a><\/span><\/p>\n<\/td>\n<\/tr>\n<tr valign=\"middle\">\n<td style=\"text-align: justify; width: 60%;\" colspan=\"2\" rowspan=\"3\" scope=\"col\" valign=\"middle\"><span style=\"color: #008000; font-family: arial, helvetica, sans-serif; font-size: 12pt;\">Somos el primer Puerto de Catalu\u00f1a al que han concedido la distinci\u00f3n tem\u00e1tica especial de:<\/span><\/p>\n<p><span style=\"color: #008000; font-family: arial, helvetica, sans-serif; font-size: 12pt;\"> GESTI\u00d3N DE RESIDUOS URBANOS, RESIDUOS DE APARATOS EL\u00c9CTRICOS Y ELECTR\u00d3NICOS Y RESIDUOS DE PILAS Y ACUMULADORES<\/span><\/p>\n<p><span style=\"font-family: arial, helvetica, sans-serif; font-size: 12pt;\">La Bandera Azul es para nuestro Club un s\u00edmbolo de distinci\u00f3n del cual nos sentimos especialmente orgullosos, por eso est\u00e1 presente en todos y cada uno de los actos que se llevan a cabo en el mismo. Para su conocimiento y difusi\u00f3n, es ya h\u00e1bito para el personal de este Club N\u00e1utico el informar tanto a socios como a transe\u00fantes del significado de la Bandera Azul.<\/span><\/p>\n<p><span style=\"font-family: arial, helvetica, sans-serif; font-size: 12pt;\">Quedan a su disposici\u00f3n, en el Local Social, toda la documentaci\u00f3n y v\u00eddeos sobre este tema. Conocimiento y conservaci\u00f3n de la flora y fauna marina. Normas sobre la recogida de aceites y productos t\u00f3xicos. Normas de comportamiento en el mar. En este aspecto, dedicamos una Jornada Ecol\u00f3gica \u00abAmigos del Mar\u00bb realizada desde 1997, sin interrupci\u00f3n, con la colaboraci\u00f3n de la Escuela de Buceo \u00abGlup\u2019s\u00bb, Cruz Roja del Mar, el Ayuntamiento de la Villa y un sinf\u00edn de voluntarios, organizamos una limpieza del fondo del Puerto Deportivo. Al final de la jornada lo celebramos con una barbacoa.<\/span><\/p>\n<p><span style=\"font-family: arial, helvetica, sans-serif; font-size: 12pt;\">Es nuestra intenci\u00f3n que en la Escuela de Vela, reconocida por la Federaci\u00f3 Catalana y a trav\u00e9s de los monitores titulados, que la tarea formativa no se limite a conocimientos n\u00e1uticos, consideramos igualmente importante inculcar a los alumnos el respeto y amor que todos nosotros profesamos al mar, y por tanto al medio ambiente.<\/span><\/td>\n<\/tr>\n<\/tbody>\n<\/table>\n<p><\/p>","protected":false},"excerpt":{"rendered":"<p>Bandera Azul 2016 Compromiso CNHV con la Bandera Azul Diploma Bandera Azul embarcaciones Como obtener la Bandera Azul para embarcaciones Mares limpios Como hacer la gesti\u00f3n de residuos Declaracio\u0301n Poli\u0301tica [&hellip;] <a href=\"https:\/\/old.cnhv.net\/?page_id=4405\" rel=\"bookmark\">more<\/a><\/p>\n","protected":false},"author":1,"featured_media":0,"parent":0,"menu_order":3,"comment_status":"closed","ping_status":"closed","template":"pg-tpl-no-sidebars.php","meta":{"ngg_post_thumbnail":0},"_links":{"self":[{"href":"https:\/\/old.cnhv.net\/index.php?rest_route=\/wp\/v2\/pages\/4405"}],"collection":[{"href":"https:\/\/old.cnhv.net\/index.php?rest_route=\/wp\/v2\/pages"}],"about":[{"href":"https:\/\/old.cnhv.net\/index.php?rest_route=\/wp\/v2\/types\/page"}],"author":[{"embeddable":true,"href":"https:\/\/old.cnhv.net\/index.php?rest_route=\/wp\/v2\/users\/1"}],"replies":[{"embeddable":true,"href":"https:\/\/old.cnhv.net\/index.php?rest_route=%2Fwp%2Fv2%2Fcomments&post=4405"}],"version-history":[{"count":86,"href":"https:\/\/old.cnhv.net\/index.php?rest_route=\/wp\/v2\/pages\/4405\/revisions"}],"predecessor-version":[{"id":12495,"href":"https:\/\/old.cnhv.net\/index.php?rest_route=\/wp\/v2\/pages\/4405\/revisions\/12495"}],"wp:attachment":[{"href":"https:\/\/old.cnhv.net\/index.php?rest_route=%2Fwp%2Fv2%2Fmedia&parent=4405"}],"curies":[{"name":"wp","href":"https:\/\/api.w.org\/{rel}","templated":true}]}}