
{"id":6112,"date":"2013-06-07T23:18:32","date_gmt":"2013-06-07T23:18:32","guid":{"rendered":"http:\/\/www.cnhv.net\/?page_id=6112"},"modified":"2016-04-22T21:36:42","modified_gmt":"2016-04-22T21:36:42","slug":"otras-actividades","status":"publish","type":"page","link":"https:\/\/old.cnhv.net\/?page_id=6112","title":{"rendered":"PADDLE SURF"},"content":{"rendered":"<p>Ven a descubrir el nuevo deporte de moda! STAND UP PADDLE SURF o \u201cSUP\u201d, con monitores titulados por IOSUP (International Organization Stand up Paddle), seguros de la Federaci\u00f3n Espa\u00f1ola de Surf por los alumnos.<br \/>\nCursos de iniciaci\u00f3n para todo el mundo, muy f\u00e1cil y r\u00e1pido de aprender!\u00a0precio especial para los socios del CNHV<\/p>\n<p><a href=\"http:\/\/www.terresdemestral.cat\/es\/content\/stand-paddle-surf-sol-solet-bar#overlay-context=ca\/club-n%25C3%25A0utic\">Mas informaci\u00f3n<\/a><\/p>","protected":false},"excerpt":{"rendered":"<p>Ven a descubrir el nuevo deporte de moda! STAND UP PADDLE SURF o \u201cSUP\u201d, con monitores titulados por IOSUP (International Organization Stand up Paddle), seguros de la Federaci\u00f3n Espa\u00f1ola de [&hellip;] <a href=\"https:\/\/old.cnhv.net\/?page_id=6112\" rel=\"bookmark\">more<\/a><\/p>\n","protected":false},"author":1,"featured_media":0,"parent":8619,"menu_order":12,"comment_status":"closed","ping_status":"closed","template":"pg-tpl-no-sidebars.php","meta":{"ngg_post_thumbnail":0},"_links":{"self":[{"href":"https:\/\/old.cnhv.net\/index.php?rest_route=\/wp\/v2\/pages\/6112"}],"collection":[{"href":"https:\/\/old.cnhv.net\/index.php?rest_route=\/wp\/v2\/pages"}],"about":[{"href":"https:\/\/old.cnhv.net\/index.php?rest_route=\/wp\/v2\/types\/page"}],"author":[{"embeddable":true,"href":"https:\/\/old.cnhv.net\/index.php?rest_route=\/wp\/v2\/users\/1"}],"replies":[{"embeddable":true,"href":"https:\/\/old.cnhv.net\/index.php?rest_route=%2Fwp%2Fv2%2Fcomments&post=6112"}],"version-history":[{"count":9,"href":"https:\/\/old.cnhv.net\/index.php?rest_route=\/wp\/v2\/pages\/6112\/revisions"}],"predecessor-version":[{"id":9511,"href":"https:\/\/old.cnhv.net\/index.php?rest_route=\/wp\/v2\/pages\/6112\/revisions\/9511"}],"up":[{"embeddable":true,"href":"https:\/\/old.cnhv.net\/index.php?rest_route=\/wp\/v2\/pages\/8619"}],"wp:attachment":[{"href":"https:\/\/old.cnhv.net\/index.php?rest_route=%2Fwp%2Fv2%2Fmedia&parent=6112"}],"curies":[{"name":"wp","href":"https:\/\/api.w.org\/{rel}","templated":true}]}}