
{"id":9424,"date":"2015-12-31T15:45:19","date_gmt":"2015-12-31T15:45:19","guid":{"rendered":"http:\/\/www.cnhv.net\/?page_id=9424"},"modified":"2019-12-12T15:21:35","modified_gmt":"2019-12-12T15:21:35","slug":"videos-tv-vandellos","status":"publish","type":"page","link":"https:\/\/old.cnhv.net\/?page_id=9424","title":{"rendered":"Videos TV-Vandell\u00f2s"},"content":{"rendered":"<p><span style=\"font-size: 14pt;\">Agradecemos al Patronato de mediados de Comunicaci\u00f3n de Vandell\u00f3s y Hospitalet de l&#8217;Infant, por su colaboraci\u00f3n<\/span><\/p>\n<table width=\"850\">\n<tbody>\n<tr>\n<td width=\"89\"><span style=\"font-size: 14pt;\">22-jul-08<\/span><\/td>\n<td width=\"721\"><span style=\"font-size: 14pt;\"><a href=\"https:\/\/www.youtube.com\/watch?v=4HTlQmuLX4M\">Regata social de creuers&nbsp; &#8211; https:\/\/www.youtube.com\/watch?v=4HTlQmuLX4M<\/a><\/span><\/td>\n<\/tr>\n<tr>\n<td width=\"89\"><span style=\"font-size: 14pt;\">01-jun-09<\/span><\/td>\n<td width=\"721\"><span style=\"font-size: 14pt;\"><a href=\"https:\/\/www.youtube.com\/watch?v=LNZTqvFf_tI\">Pesca Submarina Federada en Catalu\u00f1a (FECDAS ) &#8211; https:\/\/www.youtube.com\/watch?v=LNZTqvFf_tI<\/a><\/span><\/td>\n<\/tr>\n<tr>\n<td width=\"89\"><span style=\"font-size: 14pt;\">13-ago-09<\/span><\/td>\n<td width=\"721\"><span style=\"font-size: 14pt;\"><a href=\"https:\/\/www.youtube.com\/watch?v=1ND07jYTmWo\">5\u00e8 Campionat Pesca al curric\u00e0&nbsp; &#8211; https:\/\/www.youtube.com\/watch?v=1ND07jYTmWo<\/a><\/span><\/td>\n<\/tr>\n<tr>\n<td width=\"89\"><span style=\"font-size: 14pt;\">2-dic-09<\/span><\/td>\n<td width=\"721\"><span style=\"font-size: 14pt;\"><a href=\"https:\/\/www.youtube.com\/watch?v=QNiv0BQE-o0\">Simuclacre d\u00b4incendi&nbsp; &#8211; https:\/\/www.youtube.com\/watch?v=QNiv0BQE-o0\u2028\u2028<\/a><\/span><\/td>\n<\/tr>\n<tr>\n<td width=\"89\"><span style=\"font-size: 14pt;\">10-jun-10<\/span><\/td>\n<td width=\"751\"><span style=\"font-size: 14pt;\"><a href=\"https:\/\/www.youtube.com\/watch?v=v1cSA-k1g_0\">Campionat de Catalunya de PescaSub &nbsp;10 jun. 2010 &#8211; https:\/\/www.youtube.com\/watch?v=v1cSA-k1g_0<\/a><\/span><\/td>\n<\/tr>\n<tr>\n<td width=\"89\"><span style=\"font-size: 14pt;\">15-jun-10<\/span><\/td>\n<td width=\"721\"><span style=\"font-size: 14pt;\"><a href=\"https:\/\/www.youtube.com\/watch?v=9V92A23ea1o\">Copa Catalana de Windsurf Senior&nbsp; &#8211; https:\/\/www.youtube.com\/watch?v=9V92A23ea1o<\/a><\/span><\/td>\n<\/tr>\n<tr>\n<td width=\"89\"><span style=\"font-size: 14pt;\">25-ago-10<\/span><\/td>\n<td width=\"721\"><span style=\"font-size: 14pt;\"><a href=\"https:\/\/www.youtube.com\/watch?v=G2bYnqbO2fI\">Concurs de Pesca Ajuntament &#8211; https:\/\/www.youtube.com\/watch?v=G2bYnqbO2fI<\/a><\/span><\/td>\n<\/tr>\n<tr>\n<td width=\"89\"><span style=\"font-size: 14pt;\">8-nov-10<\/span><\/td>\n<td width=\"721\"><span style=\"font-size: 14pt;\"><a href=\"https:\/\/www.youtube.com\/watch?v=XUtnByuYU5Y\">II Regata Vents del Sud&nbsp; &#8211; https:\/\/www.youtube.com\/watch?v=XUtnByuYU5Y<\/a><\/span><\/td>\n<\/tr>\n<tr>\n<td width=\"89\"><span style=\"font-size: 14pt;\">5-may-11<\/span><\/td>\n<td width=\"721\"><span style=\"font-size: 14pt;\"><a href=\"https:\/\/www.youtube.com\/watch?v=4oEAU1x_2vc\">Regata Optimist&nbsp; &#8211; https:\/\/www.youtube.com\/watch?v=4oEAU1x_2vc<\/a><\/span><\/td>\n<\/tr>\n<tr>\n<td width=\"89\"><span style=\"font-size: 14pt;\">13-jul-11<\/span><\/td>\n<td width=\"721\"><span style=\"font-size: 14pt;\"><a href=\"https:\/\/www.youtube.com\/watch?v=MfEji1VnSsY\">Trofeu Pesca Verge del Carme&nbsp; &#8211; https:\/\/www.youtube.com\/watch?v=MfEji1VnSsY<\/a><\/span><\/td>\n<\/tr>\n<tr>\n<td width=\"89\"><span style=\"font-size: 14pt;\">29-jul-11on<\/span><\/td>\n<td width=\"721\"><span style=\"font-size: 14pt;\"><a href=\"https:\/\/www.youtube.com\/watch?v=fnBumhZOYG8\">Festa Infantil del Club N\u00e0utic&nbsp; &#8211; https:\/\/www.youtube.com\/watch?v=fnBumhZOYG8<\/a><\/span><\/td>\n<\/tr>\n<tr>\n<td width=\"89\"><span style=\"font-size: 14pt;\">04-ago-11<\/span><\/td>\n<td width=\"721\"><span style=\"font-size: 14pt;\"><a href=\"https:\/\/www.youtube.com\/watch?v=664s740oDOQ\">Homenaje a fundadores &#8211; https:\/\/www.youtube.com\/watch?v=664s740oDOQ<\/a><\/span><\/td>\n<\/tr>\n<tr>\n<td width=\"89\"><span style=\"font-size: 14pt;\">10-ago-11<\/span><\/td>\n<td width=\"721\"><span style=\"font-size: 14pt;\"><a href=\"https:\/\/www.youtube.com\/watch?v=ZTsv-iY7lwM\">7\u00e8 Concurs de Pesca Hermanos Guasch&nbsp; &#8211; https:\/\/www.youtube.com\/watch?v=ZTsv-iY7lwM<\/a><\/span><\/td>\n<\/tr>\n<tr>\n<td width=\"89\"><span style=\"font-size: 14pt;\">24-ago-11<\/span><\/td>\n<td width=\"721\"><span style=\"font-size: 14pt;\"><a href=\"https:\/\/www.youtube.com\/watch?v=Au1mfQV76_A\">Concurs Pesca Excel\u2022lent\u00edssim Ajuntament&nbsp; &#8211; https:\/\/www.youtube.com\/watch?v=Au1mfQV76_A<\/a><\/span><\/td>\n<\/tr>\n<tr>\n<td width=\"89\"><span style=\"font-size: 14pt;\">29-ago-11<\/span><\/td>\n<td width=\"721\"><span style=\"font-size: 14pt;\"><a href=\"https:\/\/www.youtube.com\/watch?v=9cLW44ZdHm8\">Fundadors Club N\u00e0utic&nbsp; &#8211; https:\/\/www.youtube.com\/watch?v=9cLW44ZdHm8<\/a><\/span><\/td>\n<\/tr>\n<tr>\n<td width=\"89\"><span style=\"font-size: 14pt;\">11-sept-11<\/span><\/td>\n<td width=\"721\"><span style=\"font-size: 14pt;\"><a href=\"https:\/\/www.youtube.com\/watch?v=F9qIMqExlzY\">Raceboard 2011 Hospitalet &#8211; Vandell\u00f2s&nbsp; &#8211; https:\/\/www.youtube.com\/watch?v=F9qIMqExlzY<\/a><\/span><\/td>\n<\/tr>\n<tr>\n<td width=\"89\"><span style=\"font-size: 14pt;\">30-abr-12<\/span><\/td>\n<td width=\"721\"><span style=\"font-size: 14pt;\"><a href=\"https:\/\/www.youtube.com\/watch?v=TykbMKbzeUw\">Japofest 2012 &#8211; https:\/\/www.youtube.com\/watch?v=TykbMKbzeUw<\/a><\/span><\/td>\n<\/tr>\n<tr>\n<td width=\"89\"><span style=\"font-size: 14pt;\">12-jun-12<\/span><\/td>\n<td width=\"751\"><span style=\"font-size: 14pt;\"><a href=\"https:\/\/www.youtube.com\/watch?v=luXBJZj1FlM\">Catalunya Campionat Absolut de pesca submarina en modalitat individual. &#8211; https:\/\/www.youtube.com\/watch?v=luXBJZj1FlM<\/a><\/span><\/td>\n<\/tr>\n<tr>\n<td width=\"89\"><span style=\"font-size: 14pt;\">14-jun-12<\/span><\/td>\n<td width=\"721\"><span style=\"font-size: 14pt;\"><a href=\"https:\/\/www.youtube.com\/watch?v=LGigqqO2WxY\">Visita de l\u2019Escola Mestral al CNHV &#8211; https:\/\/www.youtube.com\/watch?v=LGigqqO2WxY<\/a><\/span><\/td>\n<\/tr>\n<tr>\n<td width=\"89\"><span style=\"font-size: 14pt;\">17-jul-12<\/span><\/td>\n<td width=\"721\"><span style=\"font-size: 14pt;\"><a href=\"https:\/\/www.youtube.com\/watch?v=T_pVPY5pIH4\">Trofeu &nbsp;Pesca Verge del Carme&nbsp; &#8211; https:\/\/www.youtube.com\/watch?v=T_pVPY5pIH4<\/a><\/span><\/td>\n<\/tr>\n<tr>\n<td width=\"89\"><span style=\"font-size: 14pt;\">17-jul-12<\/span><\/td>\n<td width=\"721\"><span style=\"font-size: 14pt;\"><a href=\"https:\/\/www.youtube.com\/watch?v=rOq-40Vc-zk\">Verge del Carme a L\u2019Hospitalet de l\u2019Infant&nbsp; &#8211; https:\/\/www.youtube.com\/watch?v=rOq-40Vc-zk<\/a><\/span><\/td>\n<\/tr>\n<tr>\n<td width=\"89\"><span style=\"font-size: 14pt;\">23-jul-12<\/span><\/td>\n<td width=\"721\"><span style=\"font-size: 14pt;\"><a href=\"https:\/\/www.youtube.com\/watch?v=jBE4FBhjdRs\">Campionat de Catalunya i Open d&#8217;Espanya de Raceboard &#8211; https:\/\/www.youtube.com\/watch?v=jBE4FBhjdRs<\/a><\/span><\/td>\n<\/tr>\n<tr>\n<td width=\"89\"><span style=\"font-size: 14pt;\">28-ago-12<\/span><\/td>\n<td width=\"721\"><span style=\"font-size: 14pt;\"><a href=\"https:\/\/www.youtube.com\/watch?v=M0o7wRIx4-c\">Campionat M\u00f2n&nbsp;Techno Sub 17&nbsp;&nbsp;CNHV&nbsp; &#8211; https:\/\/www.youtube.com\/watch?v=M0o7wRIx4-c<\/a><\/span><\/td>\n<\/tr>\n<tr>\n<td width=\"89\"><span style=\"font-size: 14pt;\">28-ago-12<\/span><\/td>\n<td width=\"721\"><span style=\"font-size: 14pt;\"><a href=\"https:\/\/www.youtube.com\/watch?v=LD8Su91ESqs\">Pesca excm. Ajuntament&nbsp; &#8211; https:\/\/www.youtube.com\/watch?v=LD8Su91ESqs<\/a><\/span><\/td>\n<\/tr>\n<tr>\n<td width=\"89\"><span style=\"font-size: 14pt;\">03-sept-12<\/span><\/td>\n<td width=\"721\"><span style=\"font-size: 14pt;\"><a href=\"https:\/\/www.youtube.com\/watch?v=7AyWVr0CMs8\">Trofeu Dr. Capella de pesca del Calamar&nbsp; &#8211; https:\/\/www.youtube.com\/watch?v=7AyWVr0CMs8<\/a><\/span><\/td>\n<\/tr>\n<tr>\n<td width=\"89\"><span style=\"font-size: 14pt;\">18-sept-12<\/span><\/td>\n<td width=\"721\"><span style=\"font-size: 14pt;\"><a href=\"https:\/\/www.youtube.com\/watch?v=rJ3P3b6iB78\">Jornada Ecol\u00f2gica &#8211; https:\/\/www.youtube.com\/watch?v=rJ3P3b6iB78<\/a><\/span><\/td>\n<\/tr>\n<tr>\n<td width=\"89\"><span style=\"font-size: 14pt;\">06-ene-13<\/span><\/td>\n<td width=\"721\"><span style=\"font-size: 14pt;\"><a href=\"https:\/\/www.youtube.com\/watch?v=9KbcKby15vE\">Documental CNHV Agullo &#8211; https:\/\/www.youtube.com\/watch?v=9KbcKby15vE<\/a><\/span><\/td>\n<\/tr>\n<tr>\n<td width=\"89\"><span style=\"font-size: 14pt;\">27-may-13<\/span><\/td>\n<td width=\"721\"><span style=\"font-size: 14pt;\"><a href=\"https:\/\/www.youtube.com\/watch?v=UUi_JeLbnXA\">Final del Campionat Catalunya d\u2019Optimist &#8211; https:\/\/www.youtube.com\/watch?v=UUi_JeLbnXA<\/a><\/span><\/td>\n<\/tr>\n<tr>\n<td width=\"89\"><span style=\"font-size: 14pt;\">29-jul-13<\/span><\/td>\n<td width=\"721\"><span style=\"font-size: 14pt;\"><a href=\"https:\/\/www.youtube.com\/watch?v=--9EQ-BLg7w\">Trofeu de pesca President&nbsp; &#8211; https:\/\/www.youtube.com\/watch?v=&#8211;9EQ-BLg7w<\/a><\/span><\/td>\n<\/tr>\n<tr>\n<td width=\"89\"><span style=\"font-size: 14pt;\">6-sept-13<\/span><\/td>\n<td width=\"721\"><span style=\"font-size: 14pt;\"><a href=\"https:\/\/www.youtube.com\/watch?v=GI_vm_TtDXw\">Jornada Ecol\u00f2gica &#8211; https:\/\/www.youtube.com\/watch?v=GI_vm_TtDXw<\/a><\/span><\/td>\n<\/tr>\n<tr>\n<td width=\"89\"><span style=\"font-size: 14pt;\">6-sept-13<\/span><\/td>\n<td width=\"721\"><span style=\"font-size: 14pt;\"><a href=\"https:\/\/www.youtube.com\/watch?v=axblDay39D8\">Concurs Pesca Excel\u2022lent\u00edssim Ajuntament&nbsp; &#8211; https:\/\/www.youtube.com\/watch?v=axblDay39D8<\/a><\/span><\/td>\n<\/tr>\n<tr>\n<td width=\"89\"><span style=\"font-size: 14pt;\">6-sept-13<\/span><\/td>\n<td width=\"721\"><span style=\"font-size: 14pt;\"><a href=\"https:\/\/www.youtube.com\/watch?v=CtuaE0vrvuA\">Trofeu Dr Capella de pesca del Calamar&nbsp; &#8211; https:\/\/www.youtube.com\/watch?v=CtuaE0vrvuA<\/a><\/span><\/td>\n<\/tr>\n<tr>\n<td width=\"89\"><span style=\"font-size: 14pt;\">\u20281 Oct 2014<\/span><\/td>\n<td width=\"721\"><span style=\"font-size: 14pt;\"><a href=\"https:\/\/www.youtube.com\/watch?v=4KJkZc1Wzkc\">1r trofeu de pesca curric\u00e0 CNHV&nbsp;1 Oct. 2014&nbsp;&#8211; https:\/\/www.youtube.com\/watch?v=4KJkZc1Wzkc<\/a><\/span><\/td>\n<\/tr>\n<tr>\n<td width=\"89\"><span style=\"font-size: 14pt;\">15-oct-13<\/span><\/td>\n<td width=\"721\"><span style=\"font-size: 14pt;\"><a>veure documental del CNHV<\/a><\/span><\/td>\n<\/tr>\n<tr>\n<td width=\"89\"><span style=\"font-size: 14pt;\">17-jul-14<\/span><\/td>\n<td width=\"721\"><span style=\"font-size: 14pt;\"><a href=\"https:\/\/www.youtube.com\/watch?v=Q3X-t39lTaI\">Virgen del Carmen &nbsp;habaneras&nbsp; &#8211; https:\/\/www.youtube.com\/watch?v=Q3X-t39lTaI<\/a><\/span><\/td>\n<\/tr>\n<tr>\n<td width=\"89\"><span style=\"font-size: 14pt;\">11-ago-14<\/span><\/td>\n<td width=\"721\"><span style=\"font-size: 14pt;\"><a href=\"https:\/\/www.youtube.com\/watch?v=2ftKmoUai_o\">Concurs de pesca Excel\u00b7lent\u00edssim Ajuntament&nbsp; &#8211; https:\/\/www.youtube.com\/watch?v=2ftKmoUai_o<\/a><\/span><\/td>\n<\/tr>\n<tr>\n<td width=\"89\"><span style=\"font-size: 14pt;\">1-sept-14<\/span><\/td>\n<td width=\"721\"><span style=\"font-size: 14pt;\"><a href=\"https:\/\/www.youtube.com\/watch?v=V0mH_HIyfUU\">Concurs de pesca Dr. Capella&nbsp; &#8211; https:\/\/www.youtube.com\/watch?v=V0mH_HIyfUU<\/a><\/span><\/td>\n<\/tr>\n<tr>\n<td width=\"89\"><span style=\"font-size: 14pt;\">13-oct-14<\/span><\/td>\n<td width=\"721\"><span style=\"font-size: 14pt;\"><a href=\"https:\/\/www.youtube.com\/watch?v=ZphQZfryEGA\">Copa Solid\u00e0ria de Pesca submarina&nbsp; &#8211; https:\/\/www.youtube.com\/watch?v=ZphQZfryEGA<\/a><\/span><\/td>\n<\/tr>\n<tr>\n<td width=\"89\"><span style=\"font-size: 14pt;\">24-oct-14<\/span><\/td>\n<td width=\"721\"><span style=\"font-size: 14pt;\"><a href=\"https:\/\/www.youtube.com\/watch?v=uTaqam-gL1Q\">Conveni Ajuntament &#8211; Club N\u00e0utic Hospitalet-Vandell\u00f2s&nbsp; &#8211; https:\/\/www.youtube.com\/watch?v=uTaqam-gL1Q<\/a><\/span><\/td>\n<\/tr>\n<tr>\n<td width=\"89\"><span style=\"font-size: 14pt;\">16-jun-15<\/span><\/td>\n<td width=\"721\"><span style=\"font-size: 14pt;\"><a href=\"https:\/\/www.youtube.com\/watch?v=dhp6Lu3Odxc\">Campionat de Catalunya de Pesca Submarina &#8211; https:\/\/www.youtube.com\/watch?v=dhp6Lu3Odxc<\/a><\/span><\/td>\n<\/tr>\n<tr>\n<td width=\"89\"><span style=\"font-size: 14pt;\">&nbsp;2 jul 2015<\/span><\/td>\n<td width=\"721\"><span style=\"font-size: 14pt;\"><u><a href=\"https:\/\/www.youtube.com\/watch?v=T-b63r4UL-k\">Toni Colomar Campi\u00f3 de Raceboard &#8211; https:\/\/www.youtube.com\/watch?v=T-b63r4UL-k<\/a><\/u><\/span><\/td>\n<\/tr>\n<tr>\n<td width=\"89\"><span style=\"font-size: 14pt;\">17-jul-15<\/span><\/td>\n<td width=\"721\"><span style=\"font-size: 14pt;\"><a href=\"https:\/\/www.youtube.com\/watch?v=box9YF3a_tk\">Festivitat Verge del Carme&nbsp; &#8211; https:\/\/www.youtube.com\/watch?v=box9YF3a_tk<\/a><\/span><\/td>\n<\/tr>\n<tr>\n<td width=\"89\"><span style=\"font-size: 14pt;\">3-ago-15<\/span><\/td>\n<td width=\"721\"><span style=\"font-size: 14pt;\"><a href=\"https:\/\/www.youtube.com\/watch?v=FBFtp3A8tIc\">16a nit d\u2019havaneres&nbsp; &#8211; https:\/\/www.youtube.com\/watch?v=FBFtp3A8tIc<\/a><\/span><\/td>\n<\/tr>\n<tr>\n<td width=\"89\"><span style=\"font-size: 14pt;\">11-ago-15<\/span><\/td>\n<td width=\"721\"><span style=\"font-size: 14pt;\"><a href=\"https:\/\/www.youtube.com\/watch?v=xgVjjkxq6Rw\">Trofeu President de Pesca&nbsp; &#8211; https:\/\/www.youtube.com\/watch?v=xgVjjkxq6Rw<\/a><\/span><\/td>\n<\/tr>\n<tr>\n<td width=\"89\"><span style=\"font-size: 14pt;\">10-nov-15<\/span><\/td>\n<td width=\"721\"><span style=\"font-size: 14pt;\"><a href=\"https:\/\/www.youtube.com\/watch?v=s0_trfOEJf0\">Copa Catalana Solid\u00e0ria per Equips de Pesca Submarina&nbsp; &#8211; https:\/\/www.youtube.com\/watch?v=s0_trfOEJf0<\/a><\/span><\/td>\n<\/tr>\n<tr>\n<td width=\"89\"><span style=\"font-size: 14pt;\">16-nov-15<\/span><\/td>\n<td width=\"721\"><span style=\"font-size: 14pt;\"><a href=\"https:\/\/www.youtube.com\/watch?v=A4UI682cxvs\">Taller sobre t\u00e8cniques d&#8217;apnea &#8211; https:\/\/www.youtube.com\/watch?v=A4UI682cxvs<\/a><\/span><\/td>\n<\/tr>\n<tr>\n<td width=\"89\"><span style=\"font-size: 14pt;\">17-nov-15<\/span><\/td>\n<td width=\"721\"><span style=\"font-size: 14pt;\"><a href=\"https:\/\/www.youtube.com\/watch?v=S2Ub_-Uv2Lk\">VI Trofeu Ultra Trail Mestral de Windsurf&nbsp; &#8211; https:\/\/www.youtube.com\/watch?v=S2Ub_-Uv2Lk<\/a><\/span><\/td>\n<\/tr>\n<\/tbody>\n<\/table>\n<p><\/p>","protected":false},"excerpt":{"rendered":"<p>Agradecemos al Patronato de mediados de Comunicaci\u00f3n de Vandell\u00f3s y Hospitalet de l&#8217;Infant, por su colaboraci\u00f3n 22-jul-08 Regata social de creuers&nbsp; &#8211; https:\/\/www.youtube.com\/watch?v=4HTlQmuLX4M 01-jun-09 Pesca Submarina Federada en Catalu\u00f1a (FECDAS [&hellip;] <a href=\"https:\/\/old.cnhv.net\/?page_id=9424\" rel=\"bookmark\">more<\/a><\/p>\n","protected":false},"author":1,"featured_media":0,"parent":0,"menu_order":11,"comment_status":"closed","ping_status":"closed","template":"pg-tpl-no-sidebars.php","meta":{"ngg_post_thumbnail":0},"_links":{"self":[{"href":"https:\/\/old.cnhv.net\/index.php?rest_route=\/wp\/v2\/pages\/9424"}],"collection":[{"href":"https:\/\/old.cnhv.net\/index.php?rest_route=\/wp\/v2\/pages"}],"about":[{"href":"https:\/\/old.cnhv.net\/index.php?rest_route=\/wp\/v2\/types\/page"}],"author":[{"embeddable":true,"href":"https:\/\/old.cnhv.net\/index.php?rest_route=\/wp\/v2\/users\/1"}],"replies":[{"embeddable":true,"href":"https:\/\/old.cnhv.net\/index.php?rest_route=%2Fwp%2Fv2%2Fcomments&post=9424"}],"version-history":[{"count":17,"href":"https:\/\/old.cnhv.net\/index.php?rest_route=\/wp\/v2\/pages\/9424\/revisions"}],"predecessor-version":[{"id":15519,"href":"https:\/\/old.cnhv.net\/index.php?rest_route=\/wp\/v2\/pages\/9424\/revisions\/15519"}],"wp:attachment":[{"href":"https:\/\/old.cnhv.net\/index.php?rest_route=%2Fwp%2Fv2%2Fmedia&parent=9424"}],"curies":[{"name":"wp","href":"https:\/\/api.w.org\/{rel}","templated":true}]}}